{"id":19317,"date":"2025-10-13T10:24:45","date_gmt":"2025-10-13T09:24:45","guid":{"rendered":"https:\/\/handson.pt\/pt\/produto\/fish-workshop-techniques-and-flavors-from-the-sea-2\/"},"modified":"2025-10-13T10:31:59","modified_gmt":"2025-10-13T09:31:59","slug":"fish-workshop-techniques-and-flavors-from-the-sea-2","status":"publish","type":"product","link":"https:\/\/handson.pt\/pt\/product\/fish-workshop-techniques-and-flavors-from-the-sea-2\/","title":{"rendered":"Workshop de peixe: T\u00e9cnicas e Sabores do Mar - 2"},"content":{"rendered":"<h4>Junta-te a n\u00f3s para um workshop imersivo de cozinha de peixe, onde aprender\u00e1s t\u00e9cnicas essenciais como filetar, cozer em sal e preparar requintados pratos de marisco, tudo isto enquanto dominas a arte de cozinhar com o melhor peixe \ud83d\udc20<\/h4>\n<p>Aprende a cozinhar com sucul\u00eancia, a filetar e a preparar um filete limpo, e descobre t\u00e9cnicas como cozinhar em sal e muito mais! Este workshop foi concebido especificamente para os amantes de peixe que querem aprender novas t\u00e9cnicas ou diversificar o uso desta incr\u00edvel prote\u00edna.<\/p>\n<p>Vamos elevar e respeitar este produto fant\u00e1stico, do qual nos orgulhamos de ter uma das melhores ofertas do mundo.<\/p>\n<p><strong>Menu:<\/strong><br \/>\n\ud83c\udf7d\ufe0f Entrada: Salada de bacalhau<br \/>\n\ud83c\udf7d\ufe0f Prato principal 1: Filete de peixe com a\u00e7orda de berbig\u00e3o<br \/>\n\ud83c\udf7d\ufe0f Prato principal 2: Peixe ao sal com beurre blanc<br \/>\n\ud83c\udf68 Sobremesa: Torta de citrinos<\/p>\n<p>&nbsp;<\/p>\n<h4>Porqu\u00ea juntares-te a n\u00f3s?<\/h4>\n<p>Junta-te a este workshop para elevares as tuas capacidades culin\u00e1rias, aprenderes novas t\u00e9cnicas de prepara\u00e7\u00e3o de peixe e criares deliciosos pratos de marisco que v\u00e3o impressionar em todas as refei\u00e7\u00f5es!<\/p>\n<p>&nbsp;<\/p>\n<h4>O que inclui:<\/h4>\n<p>\ud83d\udc1f T\u00e9cnicas pr\u00e1ticas de prepara\u00e7\u00e3o e cozedura de peixe<br \/>\n\ud83c\udf7d\ufe0f Guia passo-a-passo para criares uma deliciosa refei\u00e7\u00e3o de 3 pratos<br \/>\n\ud83e\uddd1\u200d\ud83c\udf73 Dicas de especialistas sobre filetagem, cozedura em sal e cria\u00e7\u00e3o de pratos de marisco<br \/>\n\ud83c\udf77 Aprecia os teus pratos acabados de preparar com os outros participantes<\/p>\n<p><span style=\"color: #000000;\"><strong>Este workshop \u00e9 perfeito para quem procura melhorar as suas capacidades culin\u00e1rias e explorar os sabores do mar de uma forma deliciosa e com t\u00e9cnica!<\/strong><\/span><\/p>","protected":false},"excerpt":{"rendered":"<p>Join us for an immersive fish cooking workshop, where you&#8217;ll learn essential techniques like filleting, baking in salt, and preparing exquisite seafood dishes, all while mastering the art of cooking with the finest fish \ud83d\udc20 Learn how to cook with juiciness, fillet and prepare a clean fillet, and discover techniques like baking in salt and [&hellip;]<\/p>\n","protected":false},"featured_media":0,"comment_status":"open","ping_status":"closed","template":"","meta":[],"product_brand":[],"product_cat":[62],"product_tag":[],"class_list":{"0":"post-19317","1":"product","2":"type-product","3":"status-publish","5":"product_cat-listeo-booking","7":"first","8":"instock","9":"virtual","10":"sold-individually","11":"taxable","12":"purchasable","13":"product-type-listing_booking"},"_links":{"self":[{"href":"https:\/\/handson.pt\/pt\/wp-json\/wp\/v2\/product\/19317","targetHints":{"allow":["GET"]}}],"collection":[{"href":"https:\/\/handson.pt\/pt\/wp-json\/wp\/v2\/product"}],"about":[{"href":"https:\/\/handson.pt\/pt\/wp-json\/wp\/v2\/types\/product"}],"replies":[{"embeddable":true,"href":"https:\/\/handson.pt\/pt\/wp-json\/wp\/v2\/comments?post=19317"}],"wp:attachment":[{"href":"https:\/\/handson.pt\/pt\/wp-json\/wp\/v2\/media?parent=19317"}],"wp:term":[{"taxonomy":"product_brand","embeddable":true,"href":"https:\/\/handson.pt\/pt\/wp-json\/wp\/v2\/product_brand?post=19317"},{"taxonomy":"product_cat","embeddable":true,"href":"https:\/\/handson.pt\/pt\/wp-json\/wp\/v2\/product_cat?post=19317"},{"taxonomy":"product_tag","embeddable":true,"href":"https:\/\/handson.pt\/pt\/wp-json\/wp\/v2\/product_tag?post=19317"}],"curies":[{"name":"wp","href":"https:\/\/api.w.org\/{rel}","templated":true}]}}