{"id":19675,"date":"2025-10-20T18:50:30","date_gmt":"2025-10-20T17:50:30","guid":{"rendered":"https:\/\/handson.pt\/product\/introduction-to-breathwork-3\/"},"modified":"2025-12-20T08:59:25","modified_gmt":"2025-12-20T08:59:25","slug":"introduction-to-breathwork-3","status":"publish","type":"product","link":"https:\/\/handson.pt\/pt\/product\/introduction-to-breathwork-3\/","title":{"rendered":"Introdu\u00e7\u00e3o ao Trabalho de Respira\u00e7\u00e3o - Respira\u00e7\u00e3o Consciente para Relaxamento e Clareza"},"content":{"rendered":"<p data-start=\"373\" data-end=\"744\">Entra no mundo transformador de <strong data-start=\"411\" data-end=\"425\">respira\u00e7\u00e3o<\/strong> e descobre como a respira\u00e7\u00e3o consciente pode ajudar-te a encontrar a calma, a libertar o stress e a restaurar o equil\u00edbrio interior. Este Workshop de Introdu\u00e7\u00e3o ao Trabalho de Respira\u00e7\u00e3o foi concebido para <b>a todos os curiosos <\/b>sobre como a respira\u00e7\u00e3o pode <b>influencia o corpo, a mente e as emo\u00e7\u00f5es<\/b>, proporcionando-te uma introdu\u00e7\u00e3o suave e uma experi\u00eancia profundamente imersiva.<\/p>\n<p data-start=\"746\" data-end=\"1249\">Guiado por <strong data-start=\"756\" data-end=\"765\">Fabio<\/strong>, instrutor de respira\u00e7\u00e3o certificado e fundador de <em data-start=\"814\" data-end=\"834\">O Caminho do Trabalho de Respira\u00e7\u00e3o<\/em>Com esta sess\u00e3o, aprender\u00e1s a usar a respira\u00e7\u00e3o como uma ferramenta natural para relaxar, concentrar-te e ter consci\u00eancia de ti pr\u00f3prio. A sess\u00e3o come\u00e7a com exerc\u00edcios de respira\u00e7\u00e3o simples que te ensinam a abrandar, aprofundar a respira\u00e7\u00e3o e <b>reconecta-te com o ritmo natural do teu corpo<\/b>. Em seguida, passar\u00e1s para uma viagem de respira\u00e7\u00e3o guiada que te ajuda a descer abaixo da superf\u00edcie da mente, permitindo a liberta\u00e7\u00e3o emocional, a presen\u00e7a e a clareza<b> surge naturalmente<\/b>.<\/p>\n<p data-start=\"1251\" data-end=\"1601\">Esta experi\u00eancia calmante e restauradora tem lugar num ambiente de apoio e seguran\u00e7a, onde cada participante \u00e9 encorajado a seguir o seu pr\u00f3prio ritmo. Quer sejas completamente novo no <strong data-start=\"1433\" data-end=\"1447\">respira\u00e7\u00e3o<\/strong> ou procura refrescar a sua pr\u00e1tica, este workshop dar-te-\u00e1 as ferramentas para aproveitares a tua respira\u00e7\u00e3o como um aliado di\u00e1rio para o bem-estar e equil\u00edbrio emocional.<\/p>\n<h3><\/h3>\n<h3>O que vais aprender<\/h3>\n<p>T\u00e9cnicas b\u00e1sicas de respira\u00e7\u00e3o para te acalmares e te centrares<br \/>\n<br data-start=\"1697\" data-end=\"1700\" \/>\ud83e\udec1 Como usar a respira\u00e7\u00e3o para libertar a tens\u00e3o e acalmar a mente<br \/>\n<br data-start=\"1761\" data-end=\"1764\" \/>Viagem de respira\u00e7\u00e3o imersiva guiada para claridade interior<br \/>\n<br data-start=\"1820\" data-end=\"1823\" \/>Pr\u00e1ticas de integra\u00e7\u00e3o para trazeres a respira\u00e7\u00e3o consciente para a vida quotidiana<\/p>\n<p data-start=\"1899\" data-end=\"2040\">Junta-te a este workshop para te reconectares com a tua respira\u00e7\u00e3o e redescobrires o poder que sempre esteve dentro de ti, uma respira\u00e7\u00e3o consciente de cada vez.<\/p>","protected":false},"excerpt":{"rendered":"<p>Step into the transformative world of breathwork and discover how conscious breathing can help you find calm, release stress, and restore inner balance. This Introduction to Breathwork Workshop is designed for anyone curious about how the breath can influence the body, mind, and emotions, providing both a gentle introduction and a deeply immersive experience. Guided [&hellip;]<\/p>\n","protected":false},"featured_media":19673,"comment_status":"open","ping_status":"closed","template":"","meta":[],"product_brand":[],"product_cat":[62],"product_tag":[],"class_list":{"0":"post-19675","1":"product","2":"type-product","3":"status-publish","4":"has-post-thumbnail","6":"product_cat-listeo-booking","8":"first","9":"instock","10":"virtual","11":"sold-individually","12":"taxable","13":"purchasable","14":"product-type-listing_booking"},"_links":{"self":[{"href":"https:\/\/handson.pt\/pt\/wp-json\/wp\/v2\/product\/19675","targetHints":{"allow":["GET"]}}],"collection":[{"href":"https:\/\/handson.pt\/pt\/wp-json\/wp\/v2\/product"}],"about":[{"href":"https:\/\/handson.pt\/pt\/wp-json\/wp\/v2\/types\/product"}],"replies":[{"embeddable":true,"href":"https:\/\/handson.pt\/pt\/wp-json\/wp\/v2\/comments?post=19675"}],"wp:featuredmedia":[{"embeddable":true,"href":"https:\/\/handson.pt\/pt\/wp-json\/wp\/v2\/media\/19673"}],"wp:attachment":[{"href":"https:\/\/handson.pt\/pt\/wp-json\/wp\/v2\/media?parent=19675"}],"wp:term":[{"taxonomy":"product_brand","embeddable":true,"href":"https:\/\/handson.pt\/pt\/wp-json\/wp\/v2\/product_brand?post=19675"},{"taxonomy":"product_cat","embeddable":true,"href":"https:\/\/handson.pt\/pt\/wp-json\/wp\/v2\/product_cat?post=19675"},{"taxonomy":"product_tag","embeddable":true,"href":"https:\/\/handson.pt\/pt\/wp-json\/wp\/v2\/product_tag?post=19675"}],"curies":[{"name":"wp","href":"https:\/\/api.w.org\/{rel}","templated":true}]}}