{"id":19892,"date":"2025-10-22T12:25:46","date_gmt":"2025-10-22T11:25:46","guid":{"rendered":"https:\/\/handson.pt\/pt\/produto\/ceramica-creativa-aulas-privadas\/"},"modified":"2025-12-05T20:08:10","modified_gmt":"2025-12-05T20:08:10","slug":"ceramica-creativa-aulas-privadas","status":"publish","type":"product","link":"https:\/\/handson.pt\/pt\/product\/ceramica-creativa-aulas-privadas\/","title":{"rendered":"Cer\u00e2mica criativa - Aulas particulares"},"content":{"rendered":"<p data-start=\"343\" data-end=\"765\">Explora a arte da cer\u00e2mica ao teu pr\u00f3prio ritmo com <strong data-start=\"392\" data-end=\"423\">aulas particulares de cer\u00e2mica<\/strong> Concebido para a aprendizagem individual. Estes <strong data-start=\"464\" data-end=\"501\">Aulas particulares de cer\u00e2mica criativa<\/strong> fornecem orienta\u00e7\u00e3o personalizada para te ajudar a desenvolver os teus pr\u00f3prios projectos, aperfei\u00e7oar t\u00e9cnicas e desbloquear o teu potencial criativo. Quer queiras criar utens\u00edlios de mesa funcionais ou pe\u00e7as decorativas, cada sess\u00e3o \u00e9 adaptada aos teus objectivos individuais e \u00e0 tua vis\u00e3o art\u00edstica.<\/p>\n<p data-start=\"767\" data-end=\"1176\">Isto <strong data-start=\"772\" data-end=\"808\">experi\u00eancia de cer\u00e2mica personalizada<\/strong> abrange todos os aspectos do processo de constru\u00e7\u00e3o manual, desde a prepara\u00e7\u00e3o inicial do barro at\u00e9 \u00e0s pe\u00e7as finais esmaltadas, permitindo a m\u00e1xima efici\u00eancia de aprendizagem e liberdade art\u00edstica. Com quatro sess\u00f5es privadas semanais de duas horas, ir\u00e1s progredir atrav\u00e9s de t\u00e9cnicas b\u00e1sicas e avan\u00e7adas sob a orienta\u00e7\u00e3o de um instrutor especializado, assegurando que cada projeto vai ao encontro das tuas ambi\u00e7\u00f5es criativas.<\/p>\n<h3 data-start=\"1183\" data-end=\"1204\"><\/h3>\n<h3 data-start=\"1183\" data-end=\"1204\">O que vais aprender<\/h3>\n<p data-start=\"1206\" data-end=\"1671\">O curso abrange:<br \/>\n<br data-start=\"1224\" data-end=\"1227\" \/>T\u00e9cnicas fundamentais de constru\u00e7\u00e3o manual, incluindo <strong data-start=\"1277\" data-end=\"1327\">beliscar, constru\u00e7\u00e3o de bobinas e constru\u00e7\u00e3o de lajes<br \/>\n<\/strong><br data-start=\"1327\" data-end=\"1330\" \/>M\u00e9todos de envidra\u00e7amento para criar <strong data-start=\"1362\" data-end=\"1391\">acabamentos coloridos e brilhantes<br \/>\n<\/strong><br data-start=\"1391\" data-end=\"1394\" \/>\ud83d\udd8c\ufe0f Diversas abordagens de decora\u00e7\u00e3o de superf\u00edcies, incluindo <strong data-start=\"1446\" data-end=\"1506\">pintar com pincel, aplicar com esponja e t\u00e9cnicas de pulveriza\u00e7\u00e3o<br \/>\n<\/strong><br data-start=\"1506\" data-end=\"1509\" \/>Orienta\u00e7\u00e3o personalizada do projeto, adaptada ao teu n\u00edvel de compet\u00eancias e objectivos art\u00edsticos<br \/>\n<br data-start=\"1589\" data-end=\"1592\" \/>\ud83d\udd25 Processo cer\u00e2mico completo a partir de <strong data-start=\"1625\" data-end=\"1671\">da argila h\u00famida \u00e0 cozedura de biscoitos e \u00e0 cozedura de vidrados<\/strong><\/p>\n<h3 data-start=\"1678\" data-end=\"1690\"><\/h3>\n<h3 data-start=\"1678\" data-end=\"1690\">Porqu\u00ea aderir<\/h3>\n<p data-start=\"1692\" data-end=\"2112\">Perfeito para entusiastas da cer\u00e2mica e pessoas criativas que procuram <strong data-start=\"1757\" data-end=\"1794\">instru\u00e7\u00e3o individualizada e personalizada<\/strong>. Ideal para quem quer uma aten\u00e7\u00e3o dedicada, <strong data-start=\"1842\" data-end=\"1863\">orienta\u00e7\u00e3o pr\u00e1tica<\/strong>O curso de cer\u00e2mica \u00e9 uma oportunidade para o aluno desenvolver as suas vis\u00f5es criativas pessoais, enquanto aprende compet\u00eancias cer\u00e2micas abrangentes. Estas aulas particulares s\u00e3o concebidas para uma aprendizagem m\u00e1xima, assegurando que as tuas quest\u00f5es individuais, desafios e ambi\u00e7\u00f5es art\u00edsticas s\u00e3o totalmente abordados.<\/p>\n<h3 data-start=\"2119\" data-end=\"2138\"><\/h3>\n<h3 data-start=\"2119\" data-end=\"2138\">O que est\u00e1 inclu\u00eddo<\/h3>\n<p data-start=\"2140\" data-end=\"2404\">Quatro sess\u00f5es privadas de cer\u00e2mica semanais de 2 horas<br \/>\n<br data-start=\"2186\" data-end=\"2189\" \/>Inclui todos os materiais e argila de alta temperatura<br \/>\n<br data-start=\"2240\" data-end=\"2243\" \/>Orienta\u00e7\u00e3o personalizada do projeto e instru\u00e7\u00e3o t\u00e9cnica<br \/>\n<br data-start=\"2301\" data-end=\"2304\" \/>Inclui duas cozeduras (bisque e esmalte)<br \/>\n<br data-start=\"2346\" data-end=\"2349\" \/>M\u00e9todos abrangentes de constru\u00e7\u00e3o manual e de decora\u00e7\u00e3o<\/p>\n<p data-start=\"2406\" data-end=\"2586\"><strong data-start=\"2406\" data-end=\"2417\">Formato:<\/strong> Instru\u00e7\u00e3o individual privada<br data-start=\"2448\" data-end=\"2451\" \/><strong data-start=\"2451\" data-end=\"2464\">Dura\u00e7\u00e3o:<\/strong> Quatro sess\u00f5es semanais de 2 horas<br data-start=\"2492\" data-end=\"2495\" \/><strong data-start=\"2495\" data-end=\"2518\">T\u00e9cnicas abordadas:<\/strong> Pin\u00e7amento, enrolamento, constru\u00e7\u00e3o de placas, envidra\u00e7amento e decora\u00e7\u00e3o de superf\u00edcies<\/p>\n<p data-start=\"2588\" data-end=\"2658\"><strong data-start=\"2588\" data-end=\"2597\">Nota:<\/strong> Totalmente personalizado para projectos individuais e objectivos criativos<\/p>","protected":false},"excerpt":{"rendered":"<p>Explore the art of pottery at your own pace with private ceramic instruction designed for one-on-one learning. These Creative Ceramics private classes provide personalized guidance to help you develop your own projects, refine techniques, and unlock your creative potential. Whether you want to craft functional tableware or decorative pieces, each session is tailored to your [&hellip;]<\/p>\n","protected":false},"featured_media":19888,"comment_status":"open","ping_status":"closed","template":"","meta":[],"product_brand":[],"product_cat":[62],"product_tag":[],"class_list":{"0":"post-19892","1":"product","2":"type-product","3":"status-publish","4":"has-post-thumbnail","6":"product_cat-listeo-booking","8":"first","9":"instock","10":"virtual","11":"sold-individually","12":"taxable","13":"purchasable","14":"product-type-listing_booking"},"_links":{"self":[{"href":"https:\/\/handson.pt\/pt\/wp-json\/wp\/v2\/product\/19892","targetHints":{"allow":["GET"]}}],"collection":[{"href":"https:\/\/handson.pt\/pt\/wp-json\/wp\/v2\/product"}],"about":[{"href":"https:\/\/handson.pt\/pt\/wp-json\/wp\/v2\/types\/product"}],"replies":[{"embeddable":true,"href":"https:\/\/handson.pt\/pt\/wp-json\/wp\/v2\/comments?post=19892"}],"wp:featuredmedia":[{"embeddable":true,"href":"https:\/\/handson.pt\/pt\/wp-json\/wp\/v2\/media\/19888"}],"wp:attachment":[{"href":"https:\/\/handson.pt\/pt\/wp-json\/wp\/v2\/media?parent=19892"}],"wp:term":[{"taxonomy":"product_brand","embeddable":true,"href":"https:\/\/handson.pt\/pt\/wp-json\/wp\/v2\/product_brand?post=19892"},{"taxonomy":"product_cat","embeddable":true,"href":"https:\/\/handson.pt\/pt\/wp-json\/wp\/v2\/product_cat?post=19892"},{"taxonomy":"product_tag","embeddable":true,"href":"https:\/\/handson.pt\/pt\/wp-json\/wp\/v2\/product_tag?post=19892"}],"curies":[{"name":"wp","href":"https:\/\/api.w.org\/{rel}","templated":true}]}}