{"id":20662,"date":"2025-11-06T17:12:58","date_gmt":"2025-11-06T17:12:58","guid":{"rendered":"https:\/\/handson.pt\/?post_type=product&#038;p=20662"},"modified":"2026-01-15T14:52:41","modified_gmt":"2026-01-15T14:52:41","slug":"team-building-zero-waste-brunch-challenge","status":"publish","type":"product","link":"https:\/\/handson.pt\/pt\/product\/team-building-zero-waste-brunch-challenge\/","title":{"rendered":"Workshop de Team Building Zero-Waste | Desafio do Brunch Sustent\u00e1vel"},"content":{"rendered":"<p>Transforma a consci\u00eancia ambiental em h\u00e1bitos di\u00e1rios atrav\u00e9s deste envolvente workshop de team building sem desperd\u00edcio. Compete em <b>Desafio ao estilo MasterChef<\/b> criar brunches completos com zero desperd\u00edcio, aprender pr\u00e1ticas sustent\u00e1veis que combatem o desperd\u00edcio alimentar enquanto desenvolvem compet\u00eancias de colabora\u00e7\u00e3o e <b>consci\u00eancia ecol\u00f3gica<\/b>.<\/p>\n<p>Isto <strong>experi\u00eancia de team building sustent\u00e1vel<\/strong> decorre numa aldeia, onde as equipas lidam com o processo completo de desperd\u00edcio zero, desde a compra, passando pela prepara\u00e7\u00e3o, at\u00e9 ao consumo. Aprende a <b>cinco R's<\/b> (Reduzir, Repensar, Recusar, Reutilizar, Reciclar) atrav\u00e9s da pr\u00e1tica, da intera\u00e7\u00e3o com vendedores locais e da cria\u00e7\u00e3o de brunches que utilizam todas as partes comest\u00edveis, eliminando os res\u00edduos de embalagens.<\/p>\n<h2><\/h2>\n<h2>O que vais experimentar neste Desafio Zero-Desperd\u00edcio<\/h2>\n<p>Esta sustentabilidade workshop oferece <strong>educa\u00e7\u00e3o ambiental abrangente atrav\u00e9s de concursos pr\u00e1ticos<\/strong>:<\/p>\n<ul>\n<li>Cria\u00e7\u00e3o de um brunch em equipa ao estilo MasterChef com princ\u00edpios de desperd\u00edcio zero<\/li>\n<li>Explora\u00e7\u00e3o da aldeia e <strong><strong>intera\u00e7\u00e3o com a popula\u00e7\u00e3o local<\/strong><\/strong>&nbsp;<\/li>\n<li>Compra sustent\u00e1vel a fornecedores locais, utilizando contentores reutiliz\u00e1veis<\/li>\n<li>Estrat\u00e9gias de compra a granel que <strong><strong>elimina os res\u00edduos de embalagens<\/strong><\/strong>&nbsp;<\/li>\n<li>Cozinha criativa utilizando caules, cascas e partes tipicamente descartadas<\/li>\n<li>Transforma as sobras em caldos, guarni\u00e7\u00f5es ou composto<\/li>\n<li><strong>Os cinco R's da educa\u00e7\u00e3o<\/strong>: Reduzir, Repensar, Recusar, Reutilizar, Reciclar<\/li>\n<li>Consciencializa\u00e7\u00e3o sobre h\u00e1bitos de consumo e gest\u00e3o do estilo de vida<\/li>\n<\/ul>\n<p>As equipas abordam quest\u00f5es fundamentais: o que comprar, onde comprar, como comprar e como cozinhar utilizando princ\u00edpios que eliminam o desperd\u00edcio.<\/p>\n<h2><\/h2>\n<h2>O que est\u00e1 inclu\u00eddo no teu workshop de sustentabilidade<\/h2>\n<p>Este desafio de team building sem desperd\u00edcio oferece <strong>experi\u00eancia completa de aprendizagem ambiental<\/strong>:<\/p>\n<ul>\n<li>Completa um desafio de brunch sem desperd\u00edcio no formato MasterChef<\/li>\n<li>Explora\u00e7\u00e3o da aldeia e envolvimento da comunidade local<\/li>\n<li>Ensino e pr\u00e1tica de compras sustent\u00e1veis<\/li>\n<li>Instru\u00e7\u00f5es de cozinha criativas e sem desperd\u00edcio<\/li>\n<li><strong><strong>Consciencializa\u00e7\u00e3o em torno dos princ\u00edpios ambientais<\/strong><\/strong>&nbsp;<\/li>\n<li>Oportunidades de resolu\u00e7\u00e3o de problemas em colabora\u00e7\u00e3o<\/li>\n<li>Jantar comunit\u00e1rio que celebra a abund\u00e2ncia sem excessos<\/li>\n<\/ul>\n<p>A experi\u00eancia promove um movimento de consci\u00eancia que afecta tanto as equipas participantes como os habitantes locais que testemunham pr\u00e1ticas sustent\u00e1veis em a\u00e7\u00e3o.<\/p>\n<h2><\/h2>\n<h2>Estrutura da oficina e desafio ambiental<\/h2>\n<p>Este team building workshop sustent\u00e1vel segue um <strong>progress\u00e3o global para o desperd\u00edcio zero<\/strong>:<\/p>\n<p><strong>Compras sustent\u00e1veis:<\/strong> Come\u00e7a com a explora\u00e7\u00e3o da aldeia onde as equipas interagem com os vendedores locais. Aprende estrat\u00e9gias de compra a granel e utiliza recipientes reutiliz\u00e1veis para <strong>elimina os res\u00edduos de embalagens<\/strong> desde o in\u00edcio.<\/p>\n<p><strong>Desafio de cozinha criativa:<\/strong> Utiliza todas as partes comest\u00edveis, incluindo caules, cascas e restos tipicamente descartados. Transforma o que os outros desperdi\u00e7am em caldos, guarni\u00e7\u00f5es e composto, demonstrando criatividade na cozinha.<\/p>\n<p><strong>Princ\u00edpios do desperd\u00edcio zero:<\/strong> Aplica o <strong>cinco R's<\/strong> durante todo o processo: REDUZIR a produ\u00e7\u00e3o de res\u00edduos, repensar os comportamentos quotidianos, RECUSAR os produtos que prejudicam a sa\u00fade e o ambiente, REUTILIZAR tudo o que for poss\u00edvel, RECICLAR o que n\u00e3o pode ser evitado.<\/p>\n<p><strong>Competi\u00e7\u00e3o por equipas:<\/strong> Trabalha em colabora\u00e7\u00e3o no formato estilo MasterChef, criando brunches completos. Equilibra criatividade, sustentabilidade e qualidade, mantendo os padr\u00f5es de desperd\u00edcio zero.<\/p>\n<p><strong>Celebra\u00e7\u00e3o comunit\u00e1ria:<\/strong> Partilha os brunches que criaste, celebrando a abund\u00e2ncia sem excesso nem descarte. Reflecte sobre os h\u00e1bitos de consumo e as compet\u00eancias pr\u00e1ticas adquiridas.<\/p>\n<h2><\/h2>\n<h2>Perfeito para organiza\u00e7\u00f5es com consci\u00eancia ambiental<\/h2>\n<p>Este team building workshop sem desperd\u00edcio funciona poderosamente para:<\/p>\n<ul>\n<li><strong>Equipas empresariais<\/strong> procura uma educa\u00e7\u00e3o significativa para a sustentabilidade<\/li>\n<li><strong>Organiza\u00e7\u00f5es com consci\u00eancia ambiental<\/strong> alinhar as actividades com os valores<\/li>\n<li>Empresas que pretendem <strong>compet\u00eancias ambientais pr\u00e1ticas<\/strong> para al\u00e9m dos conceitos abstractos<\/li>\n<li>Equipas que necessitam <strong>resolu\u00e7\u00e3o colaborativa de problemas<\/strong> desenvolvimento<\/li>\n<li>Organiza\u00e7\u00f5es que promovem <strong>gest\u00e3o do estilo de vida<\/strong> e o consumo consciente<\/li>\n<li>Grupos que pretendem <strong>envolvimento da comunidade<\/strong> atrav\u00e9s da intera\u00e7\u00e3o local<\/li>\n<\/ul>\n<p>Tamanho m\u00ednimo do grupo: 15 pessoas.<\/p>\n<h2><\/h2>\n<h2>Porqu\u00ea escolher o Zero-Waste para o Team Building<\/h2>\n<p><strong>Resposta Ambiental Urgente:<\/strong> Isto <strong>sustentabilidade workshop<\/strong> aborda as verdadeiras crises ambientais causadas pelo consumo excessivo. Os sistemas alimentares s\u00e3o respons\u00e1veis por res\u00edduos dom\u00e9sticos significativos que podem ser eliminados atrav\u00e9s de <strong>abordagens de cozinha consciente<\/strong>.<\/p>\n<p><strong>Desenvolvimento de compet\u00eancias pr\u00e1ticas:<\/strong> Transforma a consci\u00eancia ambiental em <strong>pr\u00e1tica di\u00e1ria realiz\u00e1vel<\/strong>. Aprende t\u00e9cnicas de desperd\u00edcio zero imediatamente aplic\u00e1veis que as equipas podem implementar em contextos pessoais e profissionais, come\u00e7ando com escolhas alimentares conscientes.<\/p>\n<p><strong>Resolu\u00e7\u00e3o colaborativa de problemas:<\/strong> A cria\u00e7\u00e3o de brunches sem desperd\u00edcio requer criatividade, coordena\u00e7\u00e3o e desenvoltura. As equipas desenvolvem naturalmente estas compet\u00eancias enquanto trabalham para atingir objectivos de sustentabilidade comuns.<\/p>\n<p><strong>Liga\u00e7\u00e3o \u00e0 comunidade local:<\/strong> O cen\u00e1rio da aldeia com <strong>intera\u00e7\u00e3o com a popula\u00e7\u00e3o local<\/strong> enriquece a experi\u00eancia para al\u00e9m do t\u00edpico team building. As equipas envolvem-se autenticamente com os membros da comunidade, criando um movimento de consci\u00eancia para al\u00e9m dos participantes.<\/p>\n<p><strong>Para al\u00e9m da preocupa\u00e7\u00e3o abstrata:<\/strong> Isto <strong>desafio do desperd\u00edcio zero<\/strong> demonstra que a vida sustent\u00e1vel vai al\u00e9m da teoria ambiental para se tornar <strong>h\u00e1bito quotidiano pr\u00e1tico<\/strong>. As equipas sentem que o desperd\u00edcio zero \u00e9 poss\u00edvel e n\u00e3o apenas uma aspira\u00e7\u00e3o.<\/p>\n<p><strong>Compreens\u00e3o do ciclo completo:<\/strong> Aborda todo o processo, desde as decis\u00f5es de compra, passando pelos m\u00e9todos de confe\u00e7\u00e3o, at\u00e9 aos padr\u00f5es de consumo. Este <strong>abordagem global<\/strong> mostra como os princ\u00edpios de elimina\u00e7\u00e3o de res\u00edduos se aplicam em todas as fases.<\/p>\n<p><strong>Criatividade:<\/strong> Aprende a ver valor no que normalmente \u00e9 deitado fora. Transforma talos, cascas e restos em ingredientes \u00fateis, desenvolvendo <strong>cozinha criativa e engenhosa<\/strong> aplic\u00e1vel \u00e0 redu\u00e7\u00e3o de res\u00edduos em todos os contextos.<\/p>\n<p>&nbsp;<\/p>\n<p>Reserva este team building workshop sem desperd\u00edcio e <b>d\u00e1 poder \u00e0s tuas equipas <\/b>com pr\u00e1ticas sustent\u00e1veis atrav\u00e9s do desafio de envolver as aldeias. Desenvolve uma consci\u00eancia ecol\u00f3gica, compet\u00eancias de colabora\u00e7\u00e3o e <strong>h\u00e1bitos pr\u00e1ticos de desperd\u00edcio zero<\/strong> que se estendem da mesa do brunch \u00e0 vida pessoal e profissional quotidiana!<\/p>\n<p>&nbsp;<\/p>","protected":false},"excerpt":{"rendered":"<p>Transform environmental awareness into daily habits through this engaging zero-waste team building workshop. Compete in MasterChef-style challenge creating complete brunches with zero waste, learning sustainable practices that combat food waste while building collaborative skills and ecological consciousness. This sustainable team building experience takes place in a village setting where teams tackle the complete zero-waste process [&hellip;]<\/p>\n","protected":false},"featured_media":22008,"comment_status":"open","ping_status":"closed","template":"","meta":[],"product_brand":[],"product_cat":[62],"product_tag":[],"class_list":{"0":"post-20662","1":"product","2":"type-product","3":"status-publish","4":"has-post-thumbnail","6":"product_cat-listeo-booking","8":"first","9":"instock","10":"virtual","11":"sold-individually","12":"taxable","13":"purchasable","14":"product-type-listing_booking"},"_links":{"self":[{"href":"https:\/\/handson.pt\/pt\/wp-json\/wp\/v2\/product\/20662","targetHints":{"allow":["GET"]}}],"collection":[{"href":"https:\/\/handson.pt\/pt\/wp-json\/wp\/v2\/product"}],"about":[{"href":"https:\/\/handson.pt\/pt\/wp-json\/wp\/v2\/types\/product"}],"replies":[{"embeddable":true,"href":"https:\/\/handson.pt\/pt\/wp-json\/wp\/v2\/comments?post=20662"}],"wp:featuredmedia":[{"embeddable":true,"href":"https:\/\/handson.pt\/pt\/wp-json\/wp\/v2\/media\/22008"}],"wp:attachment":[{"href":"https:\/\/handson.pt\/pt\/wp-json\/wp\/v2\/media?parent=20662"}],"wp:term":[{"taxonomy":"product_brand","embeddable":true,"href":"https:\/\/handson.pt\/pt\/wp-json\/wp\/v2\/product_brand?post=20662"},{"taxonomy":"product_cat","embeddable":true,"href":"https:\/\/handson.pt\/pt\/wp-json\/wp\/v2\/product_cat?post=20662"},{"taxonomy":"product_tag","embeddable":true,"href":"https:\/\/handson.pt\/pt\/wp-json\/wp\/v2\/product_tag?post=20662"}],"curies":[{"name":"wp","href":"https:\/\/api.w.org\/{rel}","templated":true}]}}