{"id":20673,"date":"2025-11-06T17:54:32","date_gmt":"2025-11-06T17:54:32","guid":{"rendered":"https:\/\/handson.pt\/?post_type=product&#038;p=20673"},"modified":"2026-01-15T14:52:27","modified_gmt":"2026-01-15T14:52:27","slug":"team-building-eco-farm-challenge","status":"publish","type":"product","link":"https:\/\/handson.pt\/pt\/product\/team-building-eco-farm-challenge\/","title":{"rendered":"Team Building Eco Farm Workshop | Desafio da Quinta Sustent\u00e1vel"},"content":{"rendered":"<p>Experimenta os princ\u00edpios da economia circular atrav\u00e9s de<b> trabalho agr\u00edcola aut\u00eantico<\/b> neste transformador workshop de forma\u00e7\u00e3o de equipas de eco-fazendas. Participa nas opera\u00e7\u00f5es di\u00e1rias da quinta ecol\u00f3gica em cinco \u00e1reas interligadas, descobrindo como funcionam os sistemas sem desperd\u00edcio quando os recursos circulam atrav\u00e9s de actividades complementares em que os resultados de uma \u00e1rea se transformam nas entradas de outra.<\/p>\n<p>Isto <strong>sustent\u00e1vel<\/strong> experi\u00eancia de team building <b>d\u00e1 poder \u00e0s equipas<\/b> com compet\u00eancias pr\u00e1ticas e compreens\u00e3o ecol\u00f3gica atrav\u00e9s de uma imers\u00e3o pr\u00e1tica. Trabalha em colabora\u00e7\u00e3o em Bio Constru\u00e7\u00e3o, Produ\u00e7\u00e3o Alimentar, Horticultura, Compostagem e Artes &amp; Of\u00edcios, revelando como sistemas integrados criam comunidades auto-suficientes atrav\u00e9s de ciclos regenerativos imposs\u00edveis em modelos de consumo linear.<\/p>\n<h2><\/h2>\n<h2>O que vais experimentar neste Eco Farm Challenge<\/h2>\n<p>Este team building da quinta workshop oferece <strong>educa\u00e7\u00e3o abrangente sobre sustentabilidade atrav\u00e9s de trabalho aut\u00eantico<\/strong>:<\/p>\n<ul>\n<li>Experi\u00eancia imersiva numa comunidade de eco-agricultura <strong><strong>cinco \u00e1reas interligadas<\/strong><\/strong>&nbsp;<\/li>\n<li>Constru\u00e7\u00e3o biol\u00f3gica utilizando materiais naturais e t\u00e9cnicas de constru\u00e7\u00e3o tradicionais<\/li>\n<li>Reconhecimento da prepara\u00e7\u00e3o de alimentos biol\u00f3gicos <strong><strong>liga\u00e7\u00f5es entre o solo e a mesa<\/strong><\/strong>&nbsp;<\/li>\n<li>Aprendizagem da horticultura biol\u00f3gica e da planta\u00e7\u00e3o associada<\/li>\n<li>Compreens\u00e3o dos sistemas de compostagem <strong><strong>o papel essencial da decomposi\u00e7\u00e3o no ciclo dos nutrientes<\/strong><\/strong>&nbsp;<\/li>\n<li>Artes e of\u00edcios tradicionais que produzem bens a partir de materiais locais<\/li>\n<li><strong>Princ\u00edpios da economia circularmy<\/strong> atrav\u00e9s da pr\u00e1tica<\/li>\n<li>Compreende como os restos de vegetais se transformam em composto, alimentando as hortas em ciclos cont\u00ednuos<\/li>\n<\/ul>\n<p>As equipas descobrem caminhos para a autossufici\u00eancia, testando a aptid\u00e3o e a vontade de aprender compet\u00eancias fundamentais frequentemente negligenciadas na educa\u00e7\u00e3o moderna.<\/p>\n<h2><\/h2>\n<h2>O que est\u00e1 inclu\u00eddo na tua oficina agr\u00edcola<\/h2>\n<p>Esta experi\u00eancia de team building numa quinta ecol\u00f3gica oferece <strong>aprendizagem imersiva completa<\/strong>:<\/p>\n<ul>\n<li>Actividades pr\u00e1ticas em bio-constru\u00e7\u00e3o, alimenta\u00e7\u00e3o, horticultura, compostagem e artesanato<\/li>\n<li><strong>Economia circular e educa\u00e7\u00e3o para a autossufici\u00eancia<\/strong> atrav\u00e9s da pr\u00e1tica<\/li>\n<li>Trabalho colaborativo para compreender sistemas interdependentes<\/li>\n<li>Aprendizagem de compet\u00eancias pr\u00e1ticas atrav\u00e9s de <strong><strong>opera\u00e7\u00f5es agr\u00edcolas aut\u00eanticas<\/strong><\/strong>&nbsp;<\/li>\n<li>Percorre as cinco \u00e1reas de atividade interligadas<\/li>\n<li>Trabalho f\u00edsico e <strong>resolu\u00e7\u00e3o colaborativa de problemas<\/strong> no contexto real da explora\u00e7\u00e3o agr\u00edcola<\/li>\n<\/ul>\n<p>O workshop revela como os sistemas interdependentes funcionam harmoniosamente quando concebidos segundo princ\u00edpios ecol\u00f3gicos.<\/p>\n<h2><\/h2>\n<h2>Estrutura do workshop e actividades na quinta<\/h2>\n<p>Esta explora\u00e7\u00e3o sustent\u00e1vel workshop segue um <strong>rota\u00e7\u00e3o completa atrav\u00e9s de \u00e1reas interligadas<\/strong>:<\/p>\n<p><strong>Constru\u00e7\u00e3o biol\u00f3gica:<\/strong> Trabalha com materiais naturais e t\u00e9cnicas de constru\u00e7\u00e3o tradicionais. Compreende como as comunidades criaram historicamente estruturas utilizando recursos locais sem cadeias de abastecimento industriais.<\/p>\n<p><strong>Produ\u00e7\u00e3o de alimentos:<\/strong> Prepara alimentos biol\u00f3gicos a partir de ingredientes frescos da quinta. Reconhece a <strong>rela\u00e7\u00f5es diretas entre o solo, a cultura e a mesa<\/strong>, Compreende os sistemas alimentares para al\u00e9m das mercearias.<\/p>\n<p><strong>Horticultura biol\u00f3gica:<\/strong> Aprende a cultivar vegetais e a plantar em conjunto. Descobre como as plantas se apoiam umas \u00e0s outras em sistemas de cultivo integrados que eliminam a necessidade de insumos qu\u00edmicos.<\/p>\n<p><strong>Sistemas de compostagem:<\/strong> Compreende o papel essencial da decomposi\u00e7\u00e3o no ciclo de nutrientes. V\u00ea como <strong>os restos de vegetais transformam-se em composto<\/strong> alimenta as hortas, completando o ciclo regenerativo.<\/p>\n<p><strong>Artes e of\u00edcios:<\/strong> Pratica as compet\u00eancias tradicionais, demonstrando como as comunidades produziam os bens necess\u00e1rios a partir de materiais locais. Desenvolve o apre\u00e7o pelos conhecimentos artesanais e pela destreza manual.<\/p>\n<p>Atrav\u00e9s destas actividades, as equipas experimentam como <strong>o esfor\u00e7o de colabora\u00e7\u00e3o cria as cadeias necess\u00e1rias<\/strong> para a autossufici\u00eancia da comunidade em sistemas circulares sem res\u00edduos.<\/p>\n<h2><\/h2>\n<h2>Perfeito para organiza\u00e7\u00f5es que procuram aprender sobre sustentabilidade<\/h2>\n<p>Este team building workshop da quinta ecol\u00f3gica funciona poderosamente para:<\/p>\n<ul>\n<li><strong>Organiza\u00e7\u00f5es<\/strong> procurar uma educa\u00e7\u00e3o para a sustentabilidade transformadora para al\u00e9m dos conceitos abstractos<\/li>\n<li><strong>Equipas empresariais<\/strong> querer uma compreens\u00e3o ecol\u00f3gica incorporada atrav\u00e9s do trabalho f\u00edsico<\/li>\n<li>Empresas que desenvolvem <strong><strong>compet\u00eancias pr\u00e1ticas e literacia ecol\u00f3gica<\/strong><\/strong>&nbsp;<\/li>\n<li>As equipas desafiam os pressupostos sobre <strong><strong>autossufici\u00eancia e desperd\u00edcio<\/strong><\/strong>&nbsp;<\/li>\n<li>Constru\u00e7\u00e3o de organiza\u00e7\u00f5es <strong>capacidade de colabora\u00e7\u00e3o<\/strong> atrav\u00e9s de um aut\u00eantico trabalho partilhado<\/li>\n<li>Grupos que questionam o que \u00e9 verdadeiramente essencial para que as comunidades prosperem de forma sustent\u00e1vel<\/li>\n<\/ul>\n<p>Tamanho m\u00ednimo do grupo: 15 pessoas. A experi\u00eancia oferece-te <strong>mudan\u00e7a profunda de perspetiva<\/strong> atrav\u00e9s da imers\u00e3o em explora\u00e7\u00f5es agr\u00edcolas ecol\u00f3gicas em funcionamento.<\/p>\n<h2><\/h2>\n<h2>Porqu\u00ea escolher a Eco Farm para o Team Building?<\/h2>\n<p><strong>Aprendizagem incorporada da sustentabilidade:<\/strong> Isto <strong>Quinta workshop<\/strong> transforma conceitos ambientais abstractos em <strong>compreens\u00e3o concreta<\/strong> atrav\u00e9s do trabalho f\u00edsico. As equipas experimentam diretamente os princ\u00edpios da economia circular em vez de os discutirem teoricamente.<\/p>\n<p><strong>Compreens\u00e3o de sistemas interligados:<\/strong> Experimenta como os sistemas agr\u00edcolas integrados funcionam sem desperd\u00edcio. Os restos de vegetais transformam-se em composto, o composto alimenta as hortas, as hortas produzem alimentos, a prepara\u00e7\u00e3o dos alimentos cria restos - completando <strong>ciclos regenerativos<\/strong> que revelam a sabedoria da natureza.<\/p>\n<p><strong>Compet\u00eancias essenciais esquecidas:<\/strong> Reidentifica os processos naturais sem desperd\u00edcio e as capacidades fundamentais que a especializa\u00e7\u00e3o moderna deslocou. As equipas ganham apre\u00e7o pelo trabalho manual, pelo conhecimento tradicional e <strong>princ\u00edpios de autossufici\u00eancia da comunidade<\/strong>.<\/p>\n<p><strong>Interdepend\u00eancia colaborativa:<\/strong> Tal como os sistemas agr\u00edcolas dependem de m\u00faltiplas \u00e1reas integradas, as equipas descobrem a sua interdepend\u00eancia atrav\u00e9s de actividades rotativas. <strong>Resolu\u00e7\u00e3o colaborativa de problemas<\/strong> surge naturalmente quando se trabalha para objectivos de sustentabilidade partilhados.<\/p>\n<p><strong>Mudan\u00e7a profunda de perspetiva:<\/strong> O trabalho f\u00edsico num contexto agr\u00edcola real desafia os pressupostos do estilo de vida contempor\u00e2neo. As equipas descobrem o quanto pode ser alcan\u00e7ado atrav\u00e9s de <strong>coopera\u00e7\u00e3o e trabalho manual<\/strong>, questiona os padr\u00f5es de consumo e a produ\u00e7\u00e3o de res\u00edduos.<\/p>\n<p><strong>Conhecimentos pr\u00e1ticos aplic\u00e1veis:<\/strong> Aprende compet\u00eancias e princ\u00edpios que as equipas podem integrar em contextos pessoais e profissionais. O <strong>pensamento circular economy<\/strong> desenvolvido atrav\u00e9s do trabalho agr\u00edcola aplica-se \u00e0 gest\u00e3o de recursos organizacionais e \u00e0s iniciativas de sustentabilidade.<\/p>\n<p><strong>Experi\u00eancia comunit\u00e1ria aut\u00eantica:<\/strong> Funciona como <strong>pequena comunidade autossuficiente<\/strong> durante o per\u00edodo workshop. Experimenta a satisfa\u00e7\u00e3o do trabalho colaborativo que produz resultados tang\u00edveis, enquanto constr\u00f3is liga\u00e7\u00f5es genu\u00ednas de equipa atrav\u00e9s do esfor\u00e7o f\u00edsico partilhado.<\/p>\n<p>&nbsp;<\/p>\n<p>Reserva este team building workshop de quinta ecol\u00f3gica e capacita as tuas equipas atrav\u00e9s de um aut\u00eantico trabalho agr\u00edcola sustent\u00e1vel. Descobre os princ\u00edpios da economia circular, desenvolve compet\u00eancias pr\u00e1ticas e ganha <strong>compreens\u00e3o ecol\u00f3gica<\/strong> que transforma a forma como as equipas pensam sobre o desperd\u00edcio, a autossufici\u00eancia e <b>colabora\u00e7\u00e3o comunit\u00e1ria<\/b>!<\/p>\n<p>&nbsp;<\/p>","protected":false},"excerpt":{"rendered":"<p>Experience circular economy principles through authentic farm work in this transformative eco farm team building workshop. Participate in daily eco-farm operations across five interconnected areas, discovering how waste-free systems function when resources cycle through complementary activities where one area&#8217;s outputs become another&#8217;s inputs. This sustainable team building experience empowers teams with practical skills and ecological [&hellip;]<\/p>\n","protected":false},"featured_media":22687,"comment_status":"open","ping_status":"closed","template":"","meta":[],"product_brand":[],"product_cat":[62],"product_tag":[],"class_list":{"0":"post-20673","1":"product","2":"type-product","3":"status-publish","4":"has-post-thumbnail","6":"product_cat-listeo-booking","8":"first","9":"instock","10":"virtual","11":"sold-individually","12":"taxable","13":"purchasable","14":"product-type-listing_booking"},"_links":{"self":[{"href":"https:\/\/handson.pt\/pt\/wp-json\/wp\/v2\/product\/20673","targetHints":{"allow":["GET"]}}],"collection":[{"href":"https:\/\/handson.pt\/pt\/wp-json\/wp\/v2\/product"}],"about":[{"href":"https:\/\/handson.pt\/pt\/wp-json\/wp\/v2\/types\/product"}],"replies":[{"embeddable":true,"href":"https:\/\/handson.pt\/pt\/wp-json\/wp\/v2\/comments?post=20673"}],"wp:featuredmedia":[{"embeddable":true,"href":"https:\/\/handson.pt\/pt\/wp-json\/wp\/v2\/media\/22687"}],"wp:attachment":[{"href":"https:\/\/handson.pt\/pt\/wp-json\/wp\/v2\/media?parent=20673"}],"wp:term":[{"taxonomy":"product_brand","embeddable":true,"href":"https:\/\/handson.pt\/pt\/wp-json\/wp\/v2\/product_brand?post=20673"},{"taxonomy":"product_cat","embeddable":true,"href":"https:\/\/handson.pt\/pt\/wp-json\/wp\/v2\/product_cat?post=20673"},{"taxonomy":"product_tag","embeddable":true,"href":"https:\/\/handson.pt\/pt\/wp-json\/wp\/v2\/product_tag?post=20673"}],"curies":[{"name":"wp","href":"https:\/\/api.w.org\/{rel}","templated":true}]}}