{"id":21110,"date":"2025-11-12T20:05:14","date_gmt":"2025-11-12T20:05:14","guid":{"rendered":"https:\/\/handson.pt\/product\/zumba-party-move-to-the-hottest-latin-music-%f0%9f%8e%b6\/"},"modified":"2026-03-04T20:34:39","modified_gmt":"2026-03-04T20:34:39","slug":"zumba-party-move-to-the-hottest-latin-music-%f0%9f%8e%b6","status":"publish","type":"product","link":"https:\/\/handson.pt\/pt\/product\/zumba-party-move-to-the-hottest-latin-music-%f0%9f%8e%b6\/","title":{"rendered":"Zumba Class Lisboa | Mexe-te ao som da m\u00fasica latina mais quente"},"content":{"rendered":"<p>Experimenta o fitness de dan\u00e7a latina nesta energ\u00e9tica aula de Zumba em Lisboa. Aprende os movimentos fundamentais da dan\u00e7a latina, incluindo<b> salsa, merengue, reggaeton e cumbia<\/b> enquanto constr\u00f3i uma boa forma f\u00edsica cardiovascular atrav\u00e9s de coreografias divertidas e estruturadas ao som da m\u00fasica latina mais quente.<\/p>\n<p>Este Zumba workshop de uma hora d\u00e1-te <strong>introdu\u00e7\u00e3o completa ao fitness de dan\u00e7a latina<\/strong>Ensina passos b\u00e1sicos e padr\u00f5es de movimento de diversas tradi\u00e7\u00f5es de dan\u00e7a da Am\u00e9rica Latina e Cara\u00edbas. Quer sejas completamente novo na dan\u00e7a ou procures melhorar as tuas capacidades, a nossa aula de fitness de dan\u00e7as latinas em Lisboa acolhe todos os n\u00edveis de experi\u00eancia com <strong>ensino sistem\u00e1tico a partir dos fundamentos<\/strong>.<\/p>\n<h2><\/h2>\n<h2>O que vais aprender nesta aula de Zumba<\/h2>\n<p>Esta aula de Zumba em Lisboa ensina-te <strong>habilidades genu\u00ednas de dan\u00e7a e condicionamento cardiovascular<\/strong>:<\/p>\n<ul>\n<li><strong>Passos b\u00e1sicos da salsa<\/strong> com transfer\u00eancia de peso e a\u00e7\u00e3o da anca adequadas<\/li>\n<li><strong>Marcha merengue<\/strong> reflectindo a sua carater\u00edstica f\u00f3rmula de compasso 2\/4<\/li>\n<li><strong>Ritmos de reggaeton dembow<\/strong> com uma postura atl\u00e9tica e firme<\/li>\n<li><strong>Movimentos de anca da cumbia<\/strong> e padr\u00f5es de movimento tradicionais<\/li>\n<li><strong>Sequ\u00eancias de aquecimento adequadas<\/strong> prepara o teu corpo para o movimento din\u00e2mico<\/li>\n<li><strong>Alongamentos de arrefecimento<\/strong> direcionado para os grupos musculares trabalhados durante a aula<\/li>\n<\/ul>\n<p>A nossa aula de dan\u00e7a latina centra-se em <strong>t\u00e9cnica, musicalidade e reconhecimento do ritmo<\/strong>Ajuda-te a compreender o que est\u00e1s a dan\u00e7ar e n\u00e3o apenas a seguir os movimentos.<\/p>\n<h2><\/h2>\n<h2>O que est\u00e1 inclu\u00eddo no teu workshop de Zumba<\/h2>\n<p>Isto <strong>Aula de Zumba em Lisboa<\/strong> fornece <strong>ensino estruturado de dan\u00e7a<\/strong>:<\/p>\n<ul>\n<li><strong>Ensino de t\u00e9cnicas de dan\u00e7a latina<\/strong> em v\u00e1rios ritmos<\/li>\n<li><strong>Vocabul\u00e1rio b\u00e1sico de passos<\/strong> e decomp\u00f5e as formas corretas<\/li>\n<li><strong>Treino de musicalidade<\/strong> ensinar-te a ouvir as mudan\u00e7as de ritmo<\/li>\n<li><strong>Desenvolvimento progressivo da coordena\u00e7\u00e3o<\/strong> dos movimentos simples aos movimentos em camadas<\/li>\n<li><strong>Compreende as tradi\u00e7\u00f5es da dan\u00e7a latina<\/strong> e carater\u00edsticas musicais<\/li>\n<li><strong>Aptid\u00e3o cardiovascular<\/strong> combinada com o desenvolvimento de compet\u00eancias de dan\u00e7a<\/li>\n<\/ul>\n<p>Aprende a reconhecer os ritmos e a combinar os movimentos de forma adequada \u00e0 medida que te desenvolves <strong>compet\u00eancias de dan\u00e7a transfer\u00edveis para al\u00e9m do contexto do fitness<\/strong>.<\/p>\n<h2><\/h2>\n<h2>Estrutura do workshop e abordagem de aprendizagem<\/h2>\n<p><strong style=\"font-size: inherit\">Faz um aquecimento:<\/strong> Come\u00e7a com sequ\u00eancias que preparam o teu corpo para movimentos din\u00e2micos enquanto introduzem passos b\u00e1sicos de forma simplificada.<\/p>\n<p><strong>Desdobramentos de t\u00e9cnicas:<\/strong> Aprende a forma correta para cada estilo de ritmo. Compreende porque \u00e9 que os movimentos funcionam da forma como funcionam, desde a transfer\u00eancia de peso da salsa at\u00e9 \u00e0 postura firme do reggaeton.<\/p>\n<p><strong>Treino de musicalidade:<\/strong> Desenvolve a capacidade de ouvir mudan\u00e7as de ritmo e estruturas de frases que orientam as transi\u00e7\u00f5es da coreografia. Aprende as carater\u00edsticas musicais que distinguem cada g\u00e9nero.<\/p>\n<p><strong>Desenvolvimento da coordena\u00e7\u00e3o:<\/strong> Desenvolve as tuas capacidades progressivamente, colocando o estilo dos bra\u00e7os em padr\u00f5es de trabalho de p\u00e9s \u00e0 medida que ganhas confian\u00e7a e controlo.<\/p>\n<p><strong>Acalma-te:<\/strong> Alongamentos com explica\u00e7\u00f5es sobre os grupos musculares trabalhados durante cada sec\u00e7\u00e3o r\u00edtmica.<\/p>\n<p>Esta aula de fitness de dan\u00e7a latina desenvolve <strong>intelig\u00eancia na dan\u00e7a<\/strong> que permite uma aprendizagem cont\u00ednua para al\u00e9m de uma \u00fanica sess\u00e3o.<\/p>\n<h2><\/h2>\n<h2>Perfeito para todos<\/h2>\n<p>Este curso d\u00e1-te as boas-vindas\u00a0<strong>todos os n\u00edveis de experi\u00eancia<\/strong>:<\/p>\n<ul>\n<li><strong>N\u00e3o precisas de ter experi\u00eancia de dan\u00e7a<\/strong> com uma instru\u00e7\u00e3o sistem\u00e1tica desde os princ\u00edpios b\u00e1sicos<\/li>\n<li><strong>Quem procura a boa forma f\u00edsica<\/strong> queres um ensino de dan\u00e7a estruturado<\/li>\n<li><strong>Aqueles que querem compreender<\/strong> o que eles est\u00e3o a dan\u00e7ar, n\u00e3o apenas segue<\/li>\n<li><strong>Qualquer pessoa interessada nas tradi\u00e7\u00f5es da dan\u00e7a latina<\/strong> e estilos musicais<\/li>\n<li><strong>Pessoas que procuram uma boa forma f\u00edsica cardiovascular<\/strong> com um ambiente divertido e social<\/li>\n<li><strong>Os alunos desenvolvem verdadeiras capacidades de dan\u00e7a<\/strong> a par do condicionamento<\/li>\n<\/ul>\n<p>Aprende num <strong>comunidade de aprendizagem solid\u00e1ria<\/strong> concentra-te na t\u00e9cnica, na compreens\u00e3o e no prazer.<\/p>\n<h2><\/h2>\n<h2>Porqu\u00ea escolher esta aula de Zumba em Lisboa<\/h2>\n<p><strong>Abordagem pedag\u00f3gica:<\/strong> Isto <strong>Zumba workshop<\/strong> fornece <strong>ensino estruturado de dan\u00e7a<\/strong> em vez de apenas seguir os movimentos. Constr\u00f3i verdadeiras compet\u00eancias de dan\u00e7a latina com instru\u00e7\u00e3o de t\u00e9cnica adequada e treino de reconhecimento de ritmo.<\/p>\n<p><strong>Aprendizagem global:<\/strong> Compreende a m\u00fasica e os movimentos que est\u00e1s a executar. Aprende porque \u00e9 que o merengue usa passos de marcha, como \u00e9 que o dembow do reggaeton se liga aos acentos musicais e onde \u00e9 que o movimento da anca da salsa tem origem numa t\u00e9cnica adequada.<\/p>\n<p><strong>Compet\u00eancias transfer\u00edveis:<\/strong> Desenvolve <strong>literacia da dan\u00e7a<\/strong> que vai para al\u00e9m do fitness. Esta aula de dan\u00e7as latinas em Lisboa ensina-te <strong>vocabul\u00e1rio de movimento<\/strong> e musicalidade aplic\u00e1veis \u00e0 pr\u00e1tica continuada de Zumba ou a uma explora\u00e7\u00e3o mais ampla da dan\u00e7a latina.<\/p>\n<p><strong>Benef\u00edcios m\u00faltiplos:<\/strong> Alcan\u00e7a <strong>fitness cardiovascular<\/strong>, <strong>Alivia o stress atrav\u00e9s da liberta\u00e7\u00e3o de endorfinas<\/strong>, melhora a coordena\u00e7\u00e3o, o reconhecimento do ritmo e <strong>liga\u00e7\u00e3o social<\/strong> tudo numa hora cheia de energia.<\/p>\n<p><strong>Instru\u00e7\u00e3o progressiva:<\/strong> Desenvolve a confian\u00e7a atrav\u00e9s de <strong>ensino sistem\u00e1tico<\/strong> que desenvolve a coordena\u00e7\u00e3o progressivamente. Come\u00e7a com as bases e vai aumentando a complexidade \u00e0 medida que as tuas capacidades crescem.<\/p>\n<p>Junta-te \u00e0 nossa aula de Zumba em Lisboa e descobre o fitness de dan\u00e7a latina que constr\u00f3i habilidades reais. Move-te ao som da m\u00fasica latina mais quente enquanto aprendes<b> t\u00e9cnica adequada, reconhecimento do ritmo e movimentos de dan\u00e7a<\/b> de salsa, merengue, reggaeton e cumbia num ambiente divertido e solid\u00e1rio!<\/p>","protected":false},"excerpt":{"rendered":"<p>Experience Latin dance fitness in this energetic Zumba class in Lisbon. Learn foundational Latin dance movements including salsa, merengue, reggaeton, and cumbia while building cardiovascular fitness through fun, structured choreography set to the hottest Latin music. This one-hour Zumba workshop provides comprehensive introduction to Latin dance fitness, teaching basic steps and movement patterns from diverse [&hellip;]<\/p>\n","protected":false},"featured_media":21109,"comment_status":"open","ping_status":"closed","template":"","meta":[],"product_brand":[],"product_cat":[62],"product_tag":[],"class_list":{"0":"post-21110","1":"product","2":"type-product","3":"status-publish","4":"has-post-thumbnail","6":"product_cat-listeo-booking","8":"first","9":"instock","10":"virtual","11":"sold-individually","12":"taxable","13":"purchasable","14":"product-type-listing_booking"},"_links":{"self":[{"href":"https:\/\/handson.pt\/pt\/wp-json\/wp\/v2\/product\/21110","targetHints":{"allow":["GET"]}}],"collection":[{"href":"https:\/\/handson.pt\/pt\/wp-json\/wp\/v2\/product"}],"about":[{"href":"https:\/\/handson.pt\/pt\/wp-json\/wp\/v2\/types\/product"}],"replies":[{"embeddable":true,"href":"https:\/\/handson.pt\/pt\/wp-json\/wp\/v2\/comments?post=21110"}],"wp:featuredmedia":[{"embeddable":true,"href":"https:\/\/handson.pt\/pt\/wp-json\/wp\/v2\/media\/21109"}],"wp:attachment":[{"href":"https:\/\/handson.pt\/pt\/wp-json\/wp\/v2\/media?parent=21110"}],"wp:term":[{"taxonomy":"product_brand","embeddable":true,"href":"https:\/\/handson.pt\/pt\/wp-json\/wp\/v2\/product_brand?post=21110"},{"taxonomy":"product_cat","embeddable":true,"href":"https:\/\/handson.pt\/pt\/wp-json\/wp\/v2\/product_cat?post=21110"},{"taxonomy":"product_tag","embeddable":true,"href":"https:\/\/handson.pt\/pt\/wp-json\/wp\/v2\/product_tag?post=21110"}],"curies":[{"name":"wp","href":"https:\/\/api.w.org\/{rel}","templated":true}]}}