{"id":21211,"date":"2025-11-13T10:57:53","date_gmt":"2025-11-13T10:57:53","guid":{"rendered":"https:\/\/handson.pt\/product\/gift-card-test-listing-2-customers-not-allowed-3-testing-listing-11\/"},"modified":"2025-11-13T10:57:53","modified_gmt":"2025-11-13T10:57:53","slug":"gift-card-test-listing-2-customers-not-allowed-3-testing-listing-11","status":"publish","type":"product","link":"https:\/\/handson.pt\/pt\/product\/gift-card-test-listing-2-customers-not-allowed-3-testing-listing-11\/","title":{"rendered":"Cart\u00e3o-presente - Listagem de teste 2 (n\u00e3o s\u00e3o permitidos clientes) - 3 testes listing"},"content":{"rendered":"","protected":false},"excerpt":{"rendered":"","protected":false},"featured_media":0,"comment_status":"open","ping_status":"closed","template":"","meta":[],"product_brand":[],"product_cat":[15],"product_tag":[],"class_list":{"0":"post-21211","1":"product","2":"type-product","3":"status-publish","5":"product_cat-uncategorized","7":"first","8":"instock","9":"virtual","10":"sold-individually","11":"taxable","12":"purchasable","13":"product-type-simple"},"_links":{"self":[{"href":"https:\/\/handson.pt\/pt\/wp-json\/wp\/v2\/product\/21211","targetHints":{"allow":["GET"]}}],"collection":[{"href":"https:\/\/handson.pt\/pt\/wp-json\/wp\/v2\/product"}],"about":[{"href":"https:\/\/handson.pt\/pt\/wp-json\/wp\/v2\/types\/product"}],"replies":[{"embeddable":true,"href":"https:\/\/handson.pt\/pt\/wp-json\/wp\/v2\/comments?post=21211"}],"wp:attachment":[{"href":"https:\/\/handson.pt\/pt\/wp-json\/wp\/v2\/media?parent=21211"}],"wp:term":[{"taxonomy":"product_brand","embeddable":true,"href":"https:\/\/handson.pt\/pt\/wp-json\/wp\/v2\/product_brand?post=21211"},{"taxonomy":"product_cat","embeddable":true,"href":"https:\/\/handson.pt\/pt\/wp-json\/wp\/v2\/product_cat?post=21211"},{"taxonomy":"product_tag","embeddable":true,"href":"https:\/\/handson.pt\/pt\/wp-json\/wp\/v2\/product_tag?post=21211"}],"curies":[{"name":"wp","href":"https:\/\/api.w.org\/{rel}","templated":true}]}}