{"id":23011,"date":"2025-11-30T12:43:20","date_gmt":"2025-11-30T12:43:20","guid":{"rendered":"https:\/\/handson.pt\/product\/ceramic-classes-wheel-throwing-max-5-people\/"},"modified":"2026-04-06T12:03:46","modified_gmt":"2026-04-06T11:03:46","slug":"ceramic-classes-wheel-throwing-max-5-people","status":"publish","type":"product","link":"https:\/\/handson.pt\/pt\/product\/ceramic-classes-wheel-throwing-max-5-people\/","title":{"rendered":"Oficina de Olaria da Ericeira | Aulas de Cer\u00e2mica e Rodagem"},"content":{"rendered":"<p>Descobre a arte terap\u00eautica da olaria neste workshop intimista perto da Ericeira. Aprende as t\u00e9cnicas de constru\u00e7\u00e3o manual e de rodagem enquanto <b>cria pe\u00e7as de cer\u00e2mica \u00fanicas <\/b>num ambiente caloroso e acolhedor no est\u00fadio da Tia Lie Casa Criativa.<\/p>\n<p>Esta aula de cer\u00e2mica combina a manipula\u00e7\u00e3o t\u00e1til do barro com a concentra\u00e7\u00e3o meditativa e a express\u00e3o criativa, produzindo objectos funcionais que transformam os rituais do dia a dia em oportunidades para <b>apreciar a beleza artesanal<\/b>. Com um <strong>m\u00e1ximo de 5 participantes<\/strong>, A partir de agora, todos recebem uma aten\u00e7\u00e3o personalizada, quer sejas um principiante ou um fabricante experiente.<\/p>\n<h2><\/h2>\n<h2>O que vais aprender neste workshop de cer\u00e2mica<\/h2>\n<p>Esta cer\u00e2mica workshop perto da Ericeira ensina <strong>diversas abordagens de cer\u00e2mica<\/strong> adaptado aos teus interesses e ao teu n\u00edvel de experi\u00eancia:<\/p>\n<p><strong>T\u00e9cnicas de constru\u00e7\u00e3o \u00e0 m\u00e3o:<\/strong><\/p>\n<ul>\n<li>Pote de pitada b\u00e1sico para uma cria\u00e7\u00e3o acess\u00edvel imediata<\/li>\n<li>Constru\u00e7\u00e3o de lajes para pe\u00e7as geom\u00e9tricas angulares<\/li>\n<\/ul>\n<p><strong>Instru\u00e7\u00e3o de lan\u00e7amento de rodas:<\/strong><\/p>\n<ul>\n<li>Cal\u00e7ar corretamente a argila, removendo as bolhas de ar<\/li>\n<li>T\u00e9cnicas de centragem que estabelecem uma base de fia\u00e7\u00e3o est\u00e1vel<\/li>\n<li>M\u00e9todos de abertura que criam cavidades interiores<\/li>\n<li>Puxa a parede e transforma o barro em formas de vasos atrav\u00e9s da press\u00e3o r\u00edtmica das m\u00e3os<\/li>\n<\/ul>\n<p>Cria pe\u00e7as de cer\u00e2mica \u00fanicas que reflectem <strong>prefer\u00eancias est\u00e9ticas pessoais<\/strong> incluindo canecas, tigelas, vasos e objectos decorativos, com orienta\u00e7\u00f5es que incentivam a explora\u00e7\u00e3o criativa em vez de instru\u00e7\u00f5es r\u00edgidas.<\/p>\n<h2><\/h2>\n<h2>O que est\u00e1 inclu\u00eddo na tua aula de cer\u00e2mica<\/h2>\n<p>Esta cer\u00e2mica workshop fornece <strong>materiais completos e um ambiente criativo acolhedor<\/strong>:<\/p>\n<p>Ensino pr\u00e1tico de olaria (constru\u00e7\u00e3o \u00e0 m\u00e3o e\/ou trabalho de roda)<\/p>\n<p>Todo o barro, ferramentas e materiais para criares pe\u00e7as \u00fanicas<\/p>\n<p>\ud83c\udffa Orienta\u00e7\u00e3o paciente de um professor com forma\u00e7\u00e3o pedag\u00f3gica<\/p>\n<p>\ud83c\udffa <strong style=\"font-size: inherit\">Intimista com capacidade m\u00e1xima para 5 pessoas<\/strong> assegura uma aten\u00e7\u00e3o personalizada<\/p>\n<p>Atmosfera criativa acolhedora que incentiva a experimenta\u00e7\u00e3o<\/p>\n<p>O atelier acolhe diversos formatos, incluindo sess\u00f5es em fam\u00edlia, grupos workshops perfeitos para amigos ou escapadelas criativas individuais para adultos que necessitem de trabalhos manuais terap\u00eauticos.<\/p>\n<h2><\/h2>\n<h2>Abordagem da oficina e filosofia criativa<\/h2>\n<p>Esta aula de cer\u00e2mica perto da Ericeira abra\u00e7a uma <strong>processo criativo paciente e alegre<\/strong>:<\/p>\n<p><strong>Aprende com os erros:<\/strong> A orienta\u00e7\u00e3o encoraja a aceita\u00e7\u00e3o dos erros como oportunidades de aprendizagem em vez de procurar a perfei\u00e7\u00e3o. O foco est\u00e1 na aprecia\u00e7\u00e3o alegre do processo em vez da obsess\u00e3o pelo produto.<\/p>\n<p><strong>Express\u00e3o criativa pessoal:<\/strong> Cria pe\u00e7as que reflectem a tua vis\u00e3o est\u00e9tica e as tuas necessidades funcionais. A instru\u00e7\u00e3o adapta-se aos interesses dos participantes em vez de seguir um curr\u00edculo r\u00edgido.<\/p>\n<p><strong>Trabalha meditativamente:<\/strong> Experimenta a <strong>qualidades terap\u00eauticas<\/strong> de trabalhar com barro. Abranda o ritmo fren\u00e9tico da vida moderna atrav\u00e9s da manipula\u00e7\u00e3o t\u00e1til e da cria\u00e7\u00e3o concentrada.<\/p>\n<p><strong>Ambiente de festa de degusta\u00e7\u00e3o de barro:<\/strong> O <strong>intimidade para cinco pessoas no m\u00e1ximo<\/strong> transforma as aulas em encontros descontra\u00eddos onde os participantes se ligam \u00e0 criatividade, criam algo significativo e constroem uma comunidade atrav\u00e9s da vulnerabilidade criativa partilhada.<\/p>\n<h2><\/h2>\n<h2>Perfeito para almas criativas e fam\u00edlias<\/h2>\n<p>Esta olaria workshop perto da Ericeira d\u00e1-te as boas-vindas:<\/p>\n<ul>\n<li><strong>Iniciantes completos<\/strong> descobre pela primeira vez as possibilidades do barro<\/li>\n<li><strong>Fabricantes experientes<\/strong> querer aperfei\u00e7oar as t\u00e9cnicas<\/li>\n<li><strong>Adultos<\/strong> procura uma fuga criativa \u00e0s press\u00f5es di\u00e1rias<\/li>\n<li><strong>Fam\u00edlias<\/strong> criar em conjunto com as crian\u00e7as aprender com os pais<\/li>\n<li><strong>Grupos de amigos<\/strong> queres experi\u00eancias memor\u00e1veis e partilhadas<\/li>\n<li>Quem precisar de <strong>trabalho manual lento e meditativo<\/strong> e express\u00e3o art\u00edstica<\/li>\n<\/ul>\n<p><strong>Capacidade:<\/strong> M\u00e1ximo de 5 participantes para um ensino personalizado. Este workshop s\u00f3 se realizar\u00e1 com um m\u00ednimo de 3 participantes.<\/p>\n<h2><\/h2>\n<h2>Localiza\u00e7\u00e3o da oficina<\/h2>\n<p>Experimenta a cer\u00e2mica em <strong>Tia Lie Casa Criativa<\/strong>, O teu atelier est\u00e1 localizado perto da Ericeira. O est\u00fadio acolhedor proporciona um ambiente criativo inspirador, perfeito para aprender cer\u00e2mica numa atmosfera \u00edntima e de apoio.<\/p>\n<h2><\/h2>\n<h2>Porqu\u00ea escolher este atelier de cer\u00e2mica<\/h2>\n<p><strong>Aten\u00e7\u00e3o pessoal e \u00edntima:<\/strong> Com <strong>m\u00e1ximo 5 participantes<\/strong>, este <strong>cer\u00e2mica workshop<\/strong> assegura que todos recebem uma orienta\u00e7\u00e3o paciente e personalizada. O tamanho reduzido cria um ambiente de aprendizagem de apoio imposs\u00edvel em turmas maiores.<\/p>\n<p><strong>Experi\u00eancia Terap\u00eautica Criativa:<\/strong> Trabalhar com barro combina <strong>manipula\u00e7\u00e3o t\u00e1til com foco meditativo<\/strong>. Experimenta os efeitos calmantes do trabalho manual enquanto crias arte funcional que transforma os rituais do dia a dia.<\/p>\n<p><strong>Ensina com paci\u00eancia e entusiasmo:<\/strong> As aulas s\u00e3o dadas por algu\u00e9m com experi\u00eancia de ensino e paix\u00e3o pela cer\u00e2mica. Aprende num ambiente que valoriza a explora\u00e7\u00e3o criativa, celebra os erros como aprendizagem e concentra-se em <strong>a alegria sobre a perfei\u00e7\u00e3o<\/strong>.<\/p>\n<p><strong>Formatos flex\u00edveis:<\/strong> Quer queiras uma fuga criativa individual, uma liga\u00e7\u00e3o familiar atrav\u00e9s da cria\u00e7\u00e3o partilhada ou uma experi\u00eancia de grupo memor\u00e1vel com amigos, a <strong>aula de cer\u00e2mica<\/strong> adapta-se \u00e0s tuas necessidades.<\/p>\n<p><strong>Beleza funcional feita \u00e0 m\u00e3o:<\/strong> Cria pe\u00e7as que vais realmente utilizar: canecas para o caf\u00e9 da manh\u00e3, tigelas para os jantares de fam\u00edlia, vasos para o teu espa\u00e7o. O teu <strong>cer\u00e2mica artesanal<\/strong> acrescenta uma realiza\u00e7\u00e3o art\u00edstica pessoal \u00e0 vida quotidiana.<\/p>\n<p><strong>Para al\u00e9m da t\u00e9cnica:<\/strong> N\u00e3o se trata apenas de aprenderes m\u00e9todos de cer\u00e2mica. Trata-se de abrandar o ritmo, de te ligares \u00e0 criatividade, de criares algo genuinamente significativo com as tuas pr\u00f3prias m\u00e3os e de apreciares o <strong>processo meditativo<\/strong> de transforma\u00e7\u00e3o.<\/p>\n<p>Junta-te a este workshop de olaria perto da Ericeira na Tia Lie Casa Criativa e descobre o antigo <b>artesanato terap\u00eautico<\/b> de cer\u00e2mica. Cria pe\u00e7as funcionais \u00fanicas atrav\u00e9s da constru\u00e7\u00e3o \u00e0 m\u00e3o e do trabalho com a roda, enquanto desfrutas de uma instru\u00e7\u00e3o paciente num ambiente de est\u00fadio \u00edntimo e acolhedor!<\/p>\n<p>&nbsp;<\/p>","protected":false},"excerpt":{"rendered":"<p>Discover the therapeutic art of pottery in this intimate pottery workshop near Ericeira. Learn hand-building and wheel-throwing techniques while creating unique ceramic pieces in a warm, welcoming studio atmosphere at Tia Lie Casa Criativa. This ceramic class combines tactile clay manipulation with meditative focus and creative expression, producing functional objects that transform everyday rituals into [&hellip;]<\/p>\n","protected":false},"featured_media":23008,"comment_status":"open","ping_status":"closed","template":"","meta":[],"product_brand":[],"product_cat":[62],"product_tag":[],"class_list":{"0":"post-23011","1":"product","2":"type-product","3":"status-publish","4":"has-post-thumbnail","6":"product_cat-listeo-booking","8":"first","9":"instock","10":"virtual","11":"sold-individually","12":"taxable","13":"purchasable","14":"product-type-listing_booking"},"_links":{"self":[{"href":"https:\/\/handson.pt\/pt\/wp-json\/wp\/v2\/product\/23011","targetHints":{"allow":["GET"]}}],"collection":[{"href":"https:\/\/handson.pt\/pt\/wp-json\/wp\/v2\/product"}],"about":[{"href":"https:\/\/handson.pt\/pt\/wp-json\/wp\/v2\/types\/product"}],"replies":[{"embeddable":true,"href":"https:\/\/handson.pt\/pt\/wp-json\/wp\/v2\/comments?post=23011"}],"wp:featuredmedia":[{"embeddable":true,"href":"https:\/\/handson.pt\/pt\/wp-json\/wp\/v2\/media\/23008"}],"wp:attachment":[{"href":"https:\/\/handson.pt\/pt\/wp-json\/wp\/v2\/media?parent=23011"}],"wp:term":[{"taxonomy":"product_brand","embeddable":true,"href":"https:\/\/handson.pt\/pt\/wp-json\/wp\/v2\/product_brand?post=23011"},{"taxonomy":"product_cat","embeddable":true,"href":"https:\/\/handson.pt\/pt\/wp-json\/wp\/v2\/product_cat?post=23011"},{"taxonomy":"product_tag","embeddable":true,"href":"https:\/\/handson.pt\/pt\/wp-json\/wp\/v2\/product_tag?post=23011"}],"curies":[{"name":"wp","href":"https:\/\/api.w.org\/{rel}","templated":true}]}}