{"id":23262,"date":"2025-12-04T15:18:11","date_gmt":"2025-12-04T15:18:11","guid":{"rendered":"https:\/\/handson.pt\/product\/ceramic-xmas-decorations\/"},"modified":"2026-01-08T15:18:35","modified_gmt":"2026-01-08T15:18:35","slug":"ceramic-xmas-decorations","status":"publish","type":"product","link":"https:\/\/handson.pt\/pt\/product\/ceramic-xmas-decorations\/","title":{"rendered":"Workshop de decora\u00e7\u00f5es de Natal em cer\u00e2mica | Ornamentos festivos feitos \u00e0 m\u00e3o"},"content":{"rendered":"<p>Cria as tuas pr\u00f3prias decora\u00e7\u00f5es de Natal feitas \u00e0 m\u00e3o com este criativo workshop de cer\u00e2mica. Aprende a <b>modela, pinta e personaliza ornamentos de cer\u00e2mica <\/b>num ambiente descontra\u00eddo e festivo, perfeito para entrar no esp\u00edrito natal\u00edcio com algo verdadeiramente feito \u00e0 m\u00e3o.<\/p>\n<p>Esta aula de cer\u00e2mica de Natal ensina-te a criar pe\u00e7as simples e encantadoras, perfeitas para oferecer, decorar a tua casa ou <b>dar um toque pessoal <\/b>para as tuas celebra\u00e7\u00f5es festivas. Inclui todos os materiais e a cozedura no forno, o que o torna ideal tanto para principiantes como para entusiastas da cer\u00e2mica.<\/p>\n<h2><\/h2>\n<h2>O que vais criar nesta oficina de Natal<\/h2>\n<p>Esta decora\u00e7\u00e3o cer\u00e2mica workshop oferece <strong>cria\u00e7\u00e3o pr\u00e1tica de ornamentos festivos<\/strong>:<\/p>\n<ul>\n<li>Aprende a <strong>Forma decora\u00e7\u00f5es de Natal em cer\u00e2mica<\/strong> de barro<\/li>\n<li>Pinta e personaliza os teus ornamentos festivos<\/li>\n<li>Cria pe\u00e7as simples e encantadoras com <strong><strong>car\u00e1cter aut\u00eantico feito \u00e0 m\u00e3o<\/strong><\/strong><\/li>\n<li>Decora\u00e7\u00f5es de design perfeitas para <strong><strong>para oferecer ou expor em casa<\/strong><\/strong><\/li>\n<li>Entra no esp\u00edrito natal\u00edcio atrav\u00e9s de trabalhos criativos em cer\u00e2mica<\/li>\n<\/ul>\n<p>Faz ornamentos \u00fanicos que captam a magia da \u00e9poca atrav\u00e9s da express\u00e3o art\u00edstica pessoal.<\/p>\n<h2><\/h2>\n<h2>O que est\u00e1 inclu\u00eddo no teu workshop de cer\u00e2mica<\/h2>\n<p>Este curso de cer\u00e2mica de Natal oferece-te <strong>materiais completos e experi\u00eancia criativa<\/strong>:<\/p>\n<p>Todos os materiais cer\u00e2micos para criar decora\u00e7\u00f5es<\/p>\n<p>Materiais de pintura e ferramentas de personaliza\u00e7\u00e3o<\/p>\n<p>\ud83c\udf84 <strong>Inclui a cozedura no forno<\/strong> para ornamentos permanentes<\/p>\n<p>Orienta-te sobre as t\u00e9cnicas de modela\u00e7\u00e3o e decora\u00e7\u00e3o<\/p>\n<p>Ambiente descontra\u00eddo, criativo e festivo<\/p>\n<p>\ud83c\udf84 Perfeito para <strong>iniciantes e entusiastas da cer\u00e2mica<\/strong><\/p>\n<p>Tudo o que precisas para criar bonitas decora\u00e7\u00f5es de Natal feitas \u00e0 m\u00e3o, do princ\u00edpio ao fim.<\/p>\n<h2><\/h2>\n<h2>Perfeito para a criatividade festiva<\/h2>\n<p>Este Natal em cer\u00e2mica workshop d\u00e1-te as boas-vindas:<\/p>\n<ul>\n<li><strong>Iniciantes<\/strong> sem necessidade de experi\u00eancia em cer\u00e2mica<\/li>\n<li><strong>Entusiastas da cer\u00e2mica<\/strong> queres projectos criativos festivos<\/li>\n<li>Quem procura <strong>ideias para presentes feitos \u00e0 m\u00e3o<\/strong> para o Natal<\/li>\n<li>Pessoas que querem <strong>decora\u00e7\u00f5es pessoais para a casa<\/strong> com car\u00e1cter aut\u00eantico<\/li>\n<li>Quem quiser <strong>entra no esp\u00edrito natal\u00edcio<\/strong> atrav\u00e9s da cria\u00e7\u00e3o criativa<\/li>\n<li>Grupos e indiv\u00edduos que desfrutam de actividades festivas descontra\u00eddas<\/li>\n<\/ul>\n<p>O workshop cria um ambiente acolhedor onde todos podem exprimir a sua criatividade enquanto fazem pe\u00e7as de Natal com significado.<\/p>\n<h2><\/h2>\n<h2>Porqu\u00ea escolher esta oficina de Natal em cer\u00e2mica?<\/h2>\n<p><strong>Magia festiva feita \u00e0 m\u00e3o:<\/strong> Cria <strong>decora\u00e7\u00f5es verdadeiramente artesanais<\/strong> que t\u00eam um significado pessoal imposs\u00edvel de encontrar em ornamentos comprados em lojas. As tuas pe\u00e7as de cer\u00e2mica d\u00e3o um car\u00e1cter aut\u00eantico \u00e0s celebra\u00e7\u00f5es de Natal.<\/p>\n<p><strong>Experi\u00eancia completa:<\/strong> Todos os materiais e <strong>queima em forno inclu\u00edda<\/strong>. N\u00e3o s\u00e3o necess\u00e1rios custos adicionais ou equipamento - basta trazeres a tua criatividade e esp\u00edrito festivo.<\/p>\n<p><strong>Perfeito para oferecer:<\/strong> O teu <strong>ornamentos de cer\u00e2mica feitos \u00e0 m\u00e3o<\/strong> faz presentes atenciosos e significativos que demonstram cuidado e criatividade. Oferece algo verdadeiramente \u00fanico nesta \u00e9poca natal\u00edcia.<\/p>\n<p><strong>Para principiantes:<\/strong> Isto <strong>Cer\u00e2mica de Natal workshop<\/strong> \u00e9 ideal para principiantes. Aprende t\u00e9cnicas simples num ambiente descontra\u00eddo, sem press\u00e3o ou requisitos de experi\u00eancia pr\u00e9via.<\/p>\n<p><strong>Atmosfera criativa e descontra\u00edda:<\/strong> Desfruta de um encontro criativo e festivo onde podes moldar, pintar e personalizar decora\u00e7\u00f5es enquanto te ligas ao <strong>o verdadeiro esp\u00edrito do Natal feito \u00e0 m\u00e3o<\/strong>.<\/p>\n<p><strong>Ornamentos duradouros:<\/strong> Com <strong>queima em forno inclu\u00edda<\/strong>, A partir de agora, as tuas decora\u00e7\u00f5es est\u00e3o permanentemente acabadas, prontas para serem exibidas ano ap\u00f3s ano como tradi\u00e7\u00f5es de Natal feitas \u00e0 m\u00e3o.<\/p>\n<p>&nbsp;<\/p>\n<p>Junta-te a este workshop de decora\u00e7\u00f5es de Natal em cer\u00e2mica e cria enfeites festivos simples e encantadores com as tuas pr\u00f3prias m\u00e3os. Aprende a moldar, pintar e personalizar <strong>decora\u00e7\u00f5es de Natal feitas \u00e0 m\u00e3o<\/strong> num ambiente criativo e descontra\u00eddo, com todos os materiais e queima inclu\u00eddos! \ud83c\udf84\u2728<\/p>","protected":false},"excerpt":{"rendered":"<p>Create your own handmade Christmas decorations in this creative ceramic Christmas workshop. Learn to shape, paint, and personalize ceramic ornaments in a relaxed, festive atmosphere perfect for entering the holiday spirit with something truly handmade. This Christmas ceramics class teaches you to create simple, charming pieces perfect for gifting, decorating your home, or adding personal [&hellip;]<\/p>\n","protected":false},"featured_media":0,"comment_status":"open","ping_status":"closed","template":"","meta":[],"product_brand":[],"product_cat":[62],"product_tag":[],"class_list":{"0":"post-23262","1":"product","2":"type-product","3":"status-publish","5":"product_cat-listeo-booking","7":"first","8":"instock","9":"virtual","10":"sold-individually","11":"purchasable","12":"product-type-listing_booking"},"_links":{"self":[{"href":"https:\/\/handson.pt\/pt\/wp-json\/wp\/v2\/product\/23262","targetHints":{"allow":["GET"]}}],"collection":[{"href":"https:\/\/handson.pt\/pt\/wp-json\/wp\/v2\/product"}],"about":[{"href":"https:\/\/handson.pt\/pt\/wp-json\/wp\/v2\/types\/product"}],"replies":[{"embeddable":true,"href":"https:\/\/handson.pt\/pt\/wp-json\/wp\/v2\/comments?post=23262"}],"wp:attachment":[{"href":"https:\/\/handson.pt\/pt\/wp-json\/wp\/v2\/media?parent=23262"}],"wp:term":[{"taxonomy":"product_brand","embeddable":true,"href":"https:\/\/handson.pt\/pt\/wp-json\/wp\/v2\/product_brand?post=23262"},{"taxonomy":"product_cat","embeddable":true,"href":"https:\/\/handson.pt\/pt\/wp-json\/wp\/v2\/product_cat?post=23262"},{"taxonomy":"product_tag","embeddable":true,"href":"https:\/\/handson.pt\/pt\/wp-json\/wp\/v2\/product_tag?post=23262"}],"curies":[{"name":"wp","href":"https:\/\/api.w.org\/{rel}","templated":true}]}}