{"id":23333,"date":"2025-12-05T16:03:39","date_gmt":"2025-12-05T16:03:39","guid":{"rendered":"https:\/\/handson.pt\/product\/alentejo-na-mesa\/"},"modified":"2025-12-05T16:03:39","modified_gmt":"2025-12-05T16:03:39","slug":"alentejo-na-mesa","status":"publish","type":"product","link":"https:\/\/handson.pt\/pt\/product\/alentejo-na-mesa\/","title":{"rendered":"Alentejo na mesa"},"content":{"rendered":"<ul>\n<li>Este Workshop vai de encontro \u00e0 cultura gastron\u00f3mica alentejana. Desde a salada de orelha de porco para entrada, ao p\u00e3o de rala para sobremesa. Desde os sabores da terra aos sabores do mar. Uma odisseia pelos sabores do sul de Portugal.<\/li>\n<li>O objetivo do workshop \u00e9 preparar uma refei\u00e7\u00e3o completa t\u00edpica alentejana aprimorando claro as t\u00e9cnicas de cortes e confe\u00e7\u00e3o.<\/li>\n<\/ul>","protected":false},"excerpt":{"rendered":"<p>Este Workshop vai de encontro \u00e0 cultura gastron\u00f3mica alentejana. Desde a salada de orelha de porco para entrada entrada, ao p\u00e3o de rala para sobremesa. Desde os sabores da terra aos sabores do mar. Uma odisseia pelos sabores do sul de Portugal. O objetivo do workshop \u00e9 preparar uma refei\u00e7\u00e3o completa t\u00edpica alentejana aprimorando claro [&hellip;]<\/p>\n","protected":false},"featured_media":0,"comment_status":"open","ping_status":"closed","template":"","meta":[],"product_brand":[],"product_cat":[62],"product_tag":[],"class_list":{"0":"post-23333","1":"product","2":"type-product","3":"status-publish","5":"product_cat-listeo-booking","7":"first","8":"instock","9":"virtual","10":"sold-individually","11":"taxable","12":"purchasable","13":"product-type-listing_booking"},"_links":{"self":[{"href":"https:\/\/handson.pt\/pt\/wp-json\/wp\/v2\/product\/23333","targetHints":{"allow":["GET"]}}],"collection":[{"href":"https:\/\/handson.pt\/pt\/wp-json\/wp\/v2\/product"}],"about":[{"href":"https:\/\/handson.pt\/pt\/wp-json\/wp\/v2\/types\/product"}],"replies":[{"embeddable":true,"href":"https:\/\/handson.pt\/pt\/wp-json\/wp\/v2\/comments?post=23333"}],"wp:attachment":[{"href":"https:\/\/handson.pt\/pt\/wp-json\/wp\/v2\/media?parent=23333"}],"wp:term":[{"taxonomy":"product_brand","embeddable":true,"href":"https:\/\/handson.pt\/pt\/wp-json\/wp\/v2\/product_brand?post=23333"},{"taxonomy":"product_cat","embeddable":true,"href":"https:\/\/handson.pt\/pt\/wp-json\/wp\/v2\/product_cat?post=23333"},{"taxonomy":"product_tag","embeddable":true,"href":"https:\/\/handson.pt\/pt\/wp-json\/wp\/v2\/product_tag?post=23333"}],"curies":[{"name":"wp","href":"https:\/\/api.w.org\/{rel}","templated":true}]}}