{"id":23408,"date":"2025-12-06T17:44:53","date_gmt":"2025-12-06T17:44:53","guid":{"rendered":"https:\/\/handson.pt\/product\/workshop-de-iniciacao-a-fotografia\/"},"modified":"2025-12-09T11:45:30","modified_gmt":"2025-12-09T11:45:30","slug":"workshop-de-iniciacao-a-fotografia","status":"publish","type":"product","link":"https:\/\/handson.pt\/pt\/product\/workshop-de-iniciacao-a-fotografia\/","title":{"rendered":"Workshop de fotografia para principiantes"},"content":{"rendered":"<p>Descobre a arte e a t\u00e9cnica da fotografia neste <b>iniciante abrangente<\/b> fotografia workshop. Aprende os fundamentos t\u00e9cnicos e os princ\u00edpios de composi\u00e7\u00e3o numa sess\u00e3o de 6 horas concebida para <b>refor\u00e7a a tua base fotogr\u00e1fica<\/b> e desenvolve a tua vis\u00e3o criativa.<\/p>\n<p>Esta aula de fotografia \u00e9 perfeita para fot\u00f3grafos iniciantes que queiram aprofundar os seus conhecimentos, seja refor\u00e7ando bases t\u00e9cnicas, desenvolvendo uma perspetiva mais autoral ou estruturando projectos visuais com inten\u00e7\u00e3o. Ideal para quem tem uma agenda preenchida e n\u00e3o quer perder<b> aprendizagem personalizada<\/b>.<\/p>\n<h2><\/h2>\n<h2>O que vais aprender neste workshop de fotografia<\/h2>\n<p>Esta aula de fotografia para principiantes abrange <strong>fundamentos t\u00e9cnicos e composicionais abrangentes<\/strong>:<\/p>\n<p><strong>Princ\u00edpios de composi\u00e7\u00e3o:<\/strong><\/p>\n<ul>\n<li>Ponto de vista e perspetiva<\/li>\n<li><strong>Linhas:<\/strong> horizontal, vertical, diagonal, din\u00e2mica e triangular<\/li>\n<li>Regra dos ter\u00e7os para composi\u00e7\u00f5es equilibradas<\/li>\n<li>Equil\u00edbrio visual e rela\u00e7\u00f5es figura-fundo<\/li>\n<li>Simetria, repeti\u00e7\u00e3o e t\u00e9cnicas de enquadramento<\/li>\n<li>Sequ\u00eancia e textura na narra\u00e7\u00e3o de hist\u00f3rias visuais<\/li>\n<\/ul>\n<p><strong>Fotografia t\u00e9cnica:<\/strong><\/p>\n<ul>\n<li>Fundamentos de ISO, abertura e velocidade do obturador<\/li>\n<li><strong>Utiliza\u00e7\u00e3o da lente<\/strong> e compreender a dist\u00e2ncia focal<\/li>\n<li>T\u00e9cnicas de ilumina\u00e7\u00e3o e controlo da dist\u00e2ncia<\/li>\n<li>Controlos essenciais para <strong>dominar a luz<\/strong> e expressividade da imagem<\/li>\n<\/ul>\n<p><strong>Desenvolvimento criativo:<\/strong><\/p>\n<ul>\n<li>Estudo dos mestres da fotografia e das refer\u00eancias est\u00e9ticas<\/li>\n<li><strong>An\u00e1lise cr\u00edtica da imagem<\/strong> desenvolver a literacia visual<\/li>\n<li>T\u00e9cnicas de narrativa visual<\/li>\n<li>M\u00e9todos de retrato e autorretrato<\/li>\n<li><strong>S\u00e9rie narrativa<\/strong> e hist\u00f3rias sequenciais<\/li>\n<li>Cores e contrastes para um impacto emocional<\/li>\n<\/ul>\n<h2><\/h2>\n<h2>O que trazer e requisitos da oficina<\/h2>\n<p>Para esta fotografia workshop, os participantes precisam de<\/p>\n<ul>\n<li><strong>C\u00e2mara digital com modo manual<\/strong> capacidade<\/li>\n<li>Toma notas durante as sess\u00f5es<\/li>\n<\/ul>\n<p><strong>M\u00ednimo de participantes:<\/strong> 2 pessoas por workshop.<\/p>\n<h2><\/h2>\n<h2>A quem se destina este Workshop de Fotografia<\/h2>\n<p>Esta aula de fotografia para principiantes foi concebida para:<\/p>\n<ul>\n<li><strong>Fot\u00f3grafos principiantes<\/strong> que pretendam aprofundar os seus conhecimentos fotogr\u00e1ficos<\/li>\n<li>Aqueles que procuram <strong><strong>refor\u00e7a as bases t\u00e9cnicas<\/strong><\/strong><\/li>\n<li>Fot\u00f3grafos a desenvolver <strong><strong>mais vis\u00e3o criativa autoral<\/strong><\/strong><\/li>\n<li>Pessoas que querem <strong>estrutura projectos visuais<\/strong> com inten\u00e7\u00e3o<\/li>\n<li>Os que t\u00eam <strong>hor\u00e1rios ocupados<\/strong> procura uma aprendizagem personalizada<\/li>\n<li>Qualquer pessoa pronta para expandir as possibilidades criativas atrav\u00e9s do dom\u00ednio da composi\u00e7\u00e3o<\/li>\n<\/ul>\n<h2><\/h2>\n<h2>Porqu\u00ea escolher este Workshop de Fotografia<\/h2>\n<p>Isto <strong>aula de fotografia<\/strong> cobre os fundamentos t\u00e9cnicos e os princ\u00edpios de composi\u00e7\u00e3o num formato concentrado. Maximiza a aprendizagem numa \u00fanica sess\u00e3o intensiva concebida para ser eficiente.<\/p>\n<p><strong>Dom\u00ednio t\u00e9cnico:<\/strong> Aprende <strong>controlos essenciais da c\u00e2mara<\/strong> incluindo ISO, abertura e velocidade do obturador. Compreende como <strong>luz de controlo<\/strong> e aprofunda a expressividade de cada imagem.<\/p>\n<p><strong>Mergulha na composi\u00e7\u00e3o:<\/strong> Descobre como <strong>dominar as regras de composi\u00e7\u00e3o<\/strong> expande as possibilidades criativas. Aprende quando seguir e quando quebrar as conven\u00e7\u00f5es para um maior impacto visual.<\/p>\n<p><strong>Aprendizagem personalizada:<\/strong> Garante o formato de pequenos grupos (m\u00ednimo de 2 participantes) <strong>aten\u00e7\u00e3o personalizada<\/strong> e a capacidade de responder a quest\u00f5es e desafios individuais.<\/p>\n<p><strong>Desenvolvimento criativo:<\/strong> Para al\u00e9m da t\u00e9cnica, desenvolve <strong>vis\u00e3o autoral<\/strong> atrav\u00e9s do estudo de mestres da fotografia, da an\u00e1lise cr\u00edtica de imagens e da compreens\u00e3o da constru\u00e7\u00e3o de narrativas visuais.<\/p>\n<p><strong>Aplica\u00e7\u00e3o pr\u00e1tica:<\/strong> Aprende conceitos que podes <strong>candidata-te imediatamente<\/strong> para a tua pr\u00e1tica fotogr\u00e1fica. O workshop equilibra a teoria com a compreens\u00e3o pr\u00e1tica para uma aplica\u00e7\u00e3o no mundo real.<\/p>\n<p><strong>Completa a funda\u00e7\u00e3o:<\/strong> Abrange tudo, desde <strong>funcionamento t\u00e9cnico da c\u00e2mara<\/strong> atrav\u00e9s de princ\u00edpios de composi\u00e7\u00e3o para contar hist\u00f3rias visuais, criando uma base s\u00f3lida para o desenvolvimento fotogr\u00e1fico cont\u00ednuo.<\/p>\n<p>&nbsp;<\/p>\n<p>Junta-te a este workshop de fotografia para principiantes e descobre como o dom\u00ednio t\u00e9cnico e a compreens\u00e3o da composi\u00e7\u00e3o se combinam para criar imagens poderosas. Aprende a controlar a tua c\u00e2mara, a compor fotografias atraentes e a desenvolver a tua <strong>vis\u00e3o criativa de autor<\/strong> nesta aula de fotografia!<\/p>","protected":false},"excerpt":{"rendered":"<p>Discover the art and technique of photography in this comprehensive beginner photography workshop. Learn technical fundamentals and composition principles in a 6-hour session designed to strengthen your photographic foundation and develop your creative vision. This photography class is perfect for beginner photographers wanting to deepen their knowledge, whether strengthening technical bases, developing a more authorial [&hellip;]<\/p>\n","protected":false},"featured_media":23479,"comment_status":"open","ping_status":"closed","template":"","meta":[],"product_brand":[],"product_cat":[62],"product_tag":[],"class_list":{"0":"post-23408","1":"product","2":"type-product","3":"status-publish","4":"has-post-thumbnail","6":"product_cat-listeo-booking","8":"first","9":"instock","10":"virtual","11":"sold-individually","12":"taxable","13":"purchasable","14":"product-type-listing_booking"},"_links":{"self":[{"href":"https:\/\/handson.pt\/pt\/wp-json\/wp\/v2\/product\/23408","targetHints":{"allow":["GET"]}}],"collection":[{"href":"https:\/\/handson.pt\/pt\/wp-json\/wp\/v2\/product"}],"about":[{"href":"https:\/\/handson.pt\/pt\/wp-json\/wp\/v2\/types\/product"}],"replies":[{"embeddable":true,"href":"https:\/\/handson.pt\/pt\/wp-json\/wp\/v2\/comments?post=23408"}],"wp:featuredmedia":[{"embeddable":true,"href":"https:\/\/handson.pt\/pt\/wp-json\/wp\/v2\/media\/23479"}],"wp:attachment":[{"href":"https:\/\/handson.pt\/pt\/wp-json\/wp\/v2\/media?parent=23408"}],"wp:term":[{"taxonomy":"product_brand","embeddable":true,"href":"https:\/\/handson.pt\/pt\/wp-json\/wp\/v2\/product_brand?post=23408"},{"taxonomy":"product_cat","embeddable":true,"href":"https:\/\/handson.pt\/pt\/wp-json\/wp\/v2\/product_cat?post=23408"},{"taxonomy":"product_tag","embeddable":true,"href":"https:\/\/handson.pt\/pt\/wp-json\/wp\/v2\/product_tag?post=23408"}],"curies":[{"name":"wp","href":"https:\/\/api.w.org\/{rel}","templated":true}]}}