{"id":23431,"date":"2025-12-07T09:57:37","date_gmt":"2025-12-07T09:57:37","guid":{"rendered":"https:\/\/handson.pt\/product\/gift-card-ceramic-workshop-for-two-shared-creative-experience-3\/"},"modified":"2025-12-07T09:57:37","modified_gmt":"2025-12-07T09:57:37","slug":"gift-card-ceramic-workshop-for-two-shared-creative-experience-3","status":"publish","type":"product","link":"https:\/\/handson.pt\/pt\/product\/gift-card-ceramic-workshop-for-two-shared-creative-experience-3\/","title":{"rendered":"Cart\u00e3o de oferta - Workshop de cer\u00e2mica para dois - Experi\u00eancia criativa partilhada"},"content":{"rendered":"","protected":false},"excerpt":{"rendered":"","protected":false},"featured_media":0,"comment_status":"open","ping_status":"closed","template":"","meta":[],"product_brand":[],"product_cat":[15],"product_tag":[],"class_list":{"0":"post-23431","1":"product","2":"type-product","3":"status-publish","5":"product_cat-uncategorized","7":"first","8":"instock","9":"virtual","10":"sold-individually","11":"taxable","12":"purchasable","13":"product-type-simple"},"_links":{"self":[{"href":"https:\/\/handson.pt\/pt\/wp-json\/wp\/v2\/product\/23431","targetHints":{"allow":["GET"]}}],"collection":[{"href":"https:\/\/handson.pt\/pt\/wp-json\/wp\/v2\/product"}],"about":[{"href":"https:\/\/handson.pt\/pt\/wp-json\/wp\/v2\/types\/product"}],"replies":[{"embeddable":true,"href":"https:\/\/handson.pt\/pt\/wp-json\/wp\/v2\/comments?post=23431"}],"wp:attachment":[{"href":"https:\/\/handson.pt\/pt\/wp-json\/wp\/v2\/media?parent=23431"}],"wp:term":[{"taxonomy":"product_brand","embeddable":true,"href":"https:\/\/handson.pt\/pt\/wp-json\/wp\/v2\/product_brand?post=23431"},{"taxonomy":"product_cat","embeddable":true,"href":"https:\/\/handson.pt\/pt\/wp-json\/wp\/v2\/product_cat?post=23431"},{"taxonomy":"product_tag","embeddable":true,"href":"https:\/\/handson.pt\/pt\/wp-json\/wp\/v2\/product_tag?post=23431"}],"curies":[{"name":"wp","href":"https:\/\/api.w.org\/{rel}","templated":true}]}}