{"id":23591,"date":"2025-12-10T17:31:59","date_gmt":"2025-12-10T17:31:59","guid":{"rendered":"https:\/\/handson.pt\/product\/game-workshop-by-what-if-creative-lab-eng\/"},"modified":"2025-12-10T17:31:59","modified_gmt":"2025-12-10T17:31:59","slug":"game-workshop-by-what-if-creative-lab-eng","status":"publish","type":"product","link":"https:\/\/handson.pt\/pt\/product\/game-workshop-by-what-if-creative-lab-eng\/","title":{"rendered":"Oficina de jogos do What If Creative Lab (ENG)"},"content":{"rendered":"<p><strong>Esquece as noites de jogos de tabuleiro. O Drink &amp; Play \u00e9 algo mais do que isso.<\/strong><\/p>\n<p>Jogamos uma s\u00e9rie de jogos criativos, espont\u00e2neos e baseados na liga\u00e7\u00e3o, em que os adultos se soltam e se divertem.<br \/>\npor vezes, at\u00e9 como crian\u00e7as outra vez, da melhor maneira poss\u00edvel.<\/p>\n<p>Se est\u00e1s \u00e0 procura de uma noite quente, divertida, social e sem competi\u00e7\u00e3o... encontraste-a. \u2764\ufe0f<\/p>\n<p><strong>O que acontece no Drink &amp; Play?<\/strong><br \/>\nFlu\u00edmos atrav\u00e9s de diferentes <em><strong>jogos criativos, baseados no movimento, baseados na imagina\u00e7\u00e3o, inspirados na improvisa\u00e7\u00e3o, jogos de palavras, jogos de grupo<\/strong><\/em>\u2026<br \/>\nSem mesas, sem cartas, sem press\u00e3o.<br \/>\n<em><strong>Apenas pessoas que se juntam para se rirem, se relacionarem e se sentirem mais leves.<\/strong><\/em><br \/>\nTodos os jogos s\u00e3o <strong>simples<\/strong>, <strong>inclusive<\/strong>, e concebido para <strong>todos<\/strong> personalidades - mesmo que nunca tenhas experimentado nada disto antes.<\/p>\n<p><strong>Quem \u00e9 que \u00e9 bem-vindo?<\/strong><br \/>\nAbsolutamente toda a gente.<br \/>\nIntrovertidos, extrovertidos, t\u00edmidos, ousados, locais, internacionais, crian\u00e7as e adultos - Se \u00e9s curioso e est\u00e1s aberto a conhecer pessoas am\u00e1veis, j\u00e1 pertences.<\/p>\n<p>Contribui\u00e7\u00e3o: 4 euros (incluindo a taxa do s\u00edtio Web). Para mais informa\u00e7\u00f5es, envia uma mensagem para DM.<\/p>\n<p>\ud83d\udcf8 V\u00ea os nossos v\u00eddeos de vibra\u00e7\u00e3o - Last Drink &amp; Play:<br \/>\n<a href=\"https:\/\/www.instagram.com\/p\/DQmb_clCFdR\/\" target=\"_blank\" rel=\"noopener\">https:\/\/www.instagram.com\/p\/DQmb_clCFdR\/<\/a><\/p>","protected":false},"excerpt":{"rendered":"<p>Forget board game nights. Drink &amp; Play is something beyond that. We play a series of creative, spontaneous, connection-based games where adults actually let go and have fun \u2014 sometimes even like kids again, in the best possible way. If you\u2019re looking for a night that\u2019s warm, playful, social, and zero-competition\u2026 you\u2019ve found it.\u2764\ufe0f What [&hellip;]<\/p>\n","protected":false},"featured_media":0,"comment_status":"open","ping_status":"closed","template":"","meta":[],"product_brand":[],"product_cat":[62],"product_tag":[],"class_list":{"0":"post-23591","1":"product","2":"type-product","3":"status-publish","5":"product_cat-listeo-booking","7":"first","8":"instock","9":"virtual","10":"sold-individually","11":"taxable","12":"purchasable","13":"product-type-listing_booking"},"_links":{"self":[{"href":"https:\/\/handson.pt\/pt\/wp-json\/wp\/v2\/product\/23591","targetHints":{"allow":["GET"]}}],"collection":[{"href":"https:\/\/handson.pt\/pt\/wp-json\/wp\/v2\/product"}],"about":[{"href":"https:\/\/handson.pt\/pt\/wp-json\/wp\/v2\/types\/product"}],"replies":[{"embeddable":true,"href":"https:\/\/handson.pt\/pt\/wp-json\/wp\/v2\/comments?post=23591"}],"wp:attachment":[{"href":"https:\/\/handson.pt\/pt\/wp-json\/wp\/v2\/media?parent=23591"}],"wp:term":[{"taxonomy":"product_brand","embeddable":true,"href":"https:\/\/handson.pt\/pt\/wp-json\/wp\/v2\/product_brand?post=23591"},{"taxonomy":"product_cat","embeddable":true,"href":"https:\/\/handson.pt\/pt\/wp-json\/wp\/v2\/product_cat?post=23591"},{"taxonomy":"product_tag","embeddable":true,"href":"https:\/\/handson.pt\/pt\/wp-json\/wp\/v2\/product_tag?post=23591"}],"curies":[{"name":"wp","href":"https:\/\/api.w.org\/{rel}","templated":true}]}}