{"id":23849,"date":"2025-12-12T14:05:25","date_gmt":"2025-12-12T14:05:25","guid":{"rendered":"https:\/\/handson.pt\/product\/taste-of-egypt-cooking-culture-workshop\/"},"modified":"2025-12-12T14:05:25","modified_gmt":"2025-12-12T14:05:25","slug":"taste-of-egypt-cooking-culture-workshop","status":"publish","type":"product","link":"https:\/\/handson.pt\/pt\/product\/taste-of-egypt-cooking-culture-workshop\/","title":{"rendered":"Sabores do Egito: Workshop de Culin\u00e1ria e Cultura"},"content":{"rendered":"<p>Descobre o Egito atrav\u00e9s dos seus sabores! Neste workshop pr\u00e1tico, os participantes ir\u00e3o explorar a cultura eg\u00edpcia cozinhando em conjunto uma especialidade tradicional. Cada prato eg\u00edpcio tem uma hist\u00f3ria para contar - desde tradi\u00e7\u00f5es antigas a mem\u00f3rias de fam\u00edlia - e vais ver como essas hist\u00f3rias ganham vida atrav\u00e9s de especiarias, aromas e cultura partilhada na cozinha.<br \/>\nEspera um sabor \u00fanico moldado pela hist\u00f3ria, hospitalidade e influ\u00eancias culin\u00e1rias vibrantes.<br \/>\nDestacaremos tamb\u00e9m muitas op\u00e7\u00f5es vegan, mostrando como a cozinha eg\u00edpcia pode ser naturalmente baseada em plantas e diversificada.<\/p>\n<p>O workshop ser\u00e1 apresentado por dois chefes de cozinha egytppan fenomenais.<\/p>\n<p>&nbsp;<\/p>","protected":false},"excerpt":{"rendered":"<p>Discover Egypt through its flavors! In this hands-on workshop, participants will explore Egyptian culture by cooking a traditional specialty together. Every Egyptian dish has a story to tell\u2014from ancient traditions to family memories\u2014and you\u2019ll experience how these stories come alive through spices, aromas, and shared culture in the kitchen. Expect a unique taste shaped by [&hellip;]<\/p>\n","protected":false},"featured_media":0,"comment_status":"open","ping_status":"closed","template":"","meta":[],"product_brand":[],"product_cat":[62],"product_tag":[],"class_list":{"0":"post-23849","1":"product","2":"type-product","3":"status-publish","5":"product_cat-listeo-booking","7":"first","8":"instock","9":"virtual","10":"sold-individually","11":"purchasable","12":"product-type-listing_booking"},"_links":{"self":[{"href":"https:\/\/handson.pt\/pt\/wp-json\/wp\/v2\/product\/23849","targetHints":{"allow":["GET"]}}],"collection":[{"href":"https:\/\/handson.pt\/pt\/wp-json\/wp\/v2\/product"}],"about":[{"href":"https:\/\/handson.pt\/pt\/wp-json\/wp\/v2\/types\/product"}],"replies":[{"embeddable":true,"href":"https:\/\/handson.pt\/pt\/wp-json\/wp\/v2\/comments?post=23849"}],"wp:attachment":[{"href":"https:\/\/handson.pt\/pt\/wp-json\/wp\/v2\/media?parent=23849"}],"wp:term":[{"taxonomy":"product_brand","embeddable":true,"href":"https:\/\/handson.pt\/pt\/wp-json\/wp\/v2\/product_brand?post=23849"},{"taxonomy":"product_cat","embeddable":true,"href":"https:\/\/handson.pt\/pt\/wp-json\/wp\/v2\/product_cat?post=23849"},{"taxonomy":"product_tag","embeddable":true,"href":"https:\/\/handson.pt\/pt\/wp-json\/wp\/v2\/product_tag?post=23849"}],"curies":[{"name":"wp","href":"https:\/\/api.w.org\/{rel}","templated":true}]}}