{"id":24390,"date":"2025-12-21T19:40:12","date_gmt":"2025-12-21T19:40:12","guid":{"rendered":"https:\/\/handson.pt\/product\/gift-card-ceramic-botanical-print-workshop-nature-inspired-pottery-class\/"},"modified":"2025-12-21T19:40:12","modified_gmt":"2025-12-21T19:40:12","slug":"gift-card-ceramic-botanical-print-workshop-nature-inspired-pottery-class","status":"publish","type":"product","link":"https:\/\/handson.pt\/pt\/product\/gift-card-ceramic-botanical-print-workshop-nature-inspired-pottery-class\/","title":{"rendered":"Cart\u00e3o de oferta - Workshop de impress\u00e3o bot\u00e2nica em cer\u00e2mica | Aula de cer\u00e2mica inspirada na natureza"},"content":{"rendered":"","protected":false},"excerpt":{"rendered":"","protected":false},"featured_media":0,"comment_status":"open","ping_status":"closed","template":"","meta":[],"product_brand":[],"product_cat":[15],"product_tag":[],"class_list":{"0":"post-24390","1":"product","2":"type-product","3":"status-publish","5":"product_cat-uncategorized","7":"first","8":"instock","9":"virtual","10":"taxable","11":"purchasable","12":"product-type-simple"},"_links":{"self":[{"href":"https:\/\/handson.pt\/pt\/wp-json\/wp\/v2\/product\/24390","targetHints":{"allow":["GET"]}}],"collection":[{"href":"https:\/\/handson.pt\/pt\/wp-json\/wp\/v2\/product"}],"about":[{"href":"https:\/\/handson.pt\/pt\/wp-json\/wp\/v2\/types\/product"}],"replies":[{"embeddable":true,"href":"https:\/\/handson.pt\/pt\/wp-json\/wp\/v2\/comments?post=24390"}],"wp:attachment":[{"href":"https:\/\/handson.pt\/pt\/wp-json\/wp\/v2\/media?parent=24390"}],"wp:term":[{"taxonomy":"product_brand","embeddable":true,"href":"https:\/\/handson.pt\/pt\/wp-json\/wp\/v2\/product_brand?post=24390"},{"taxonomy":"product_cat","embeddable":true,"href":"https:\/\/handson.pt\/pt\/wp-json\/wp\/v2\/product_cat?post=24390"},{"taxonomy":"product_tag","embeddable":true,"href":"https:\/\/handson.pt\/pt\/wp-json\/wp\/v2\/product_tag?post=24390"}],"curies":[{"name":"wp","href":"https:\/\/api.w.org\/{rel}","templated":true}]}}