{"id":24514,"date":"2025-12-23T10:45:52","date_gmt":"2025-12-23T10:45:52","guid":{"rendered":"https:\/\/handson.pt\/pt\/product\/gift-card-team-building-pottery-workshop-corporate-pottery-challenge-x2\/"},"modified":"2025-12-23T10:45:52","modified_gmt":"2025-12-23T10:45:52","slug":"gift-card-team-building-pottery-workshop-corporate-pottery-challenge-x2","status":"publish","type":"product","link":"https:\/\/handson.pt\/pt\/product\/gift-card-team-building-pottery-workshop-corporate-pottery-challenge-x2\/","title":{"rendered":"Cart\u00e3o de oferta - Workshop de cer\u00e2mica para forma\u00e7\u00e3o de equipas | Desafio de cer\u00e2mica empresarial (\u00d72)"},"content":{"rendered":"","protected":false},"excerpt":{"rendered":"","protected":false},"featured_media":0,"comment_status":"open","ping_status":"closed","template":"","meta":[],"product_brand":[],"product_cat":[15],"product_tag":[],"class_list":{"0":"post-24514","1":"product","2":"type-product","3":"status-publish","5":"product_cat-uncategorized","7":"first","8":"instock","9":"virtual","10":"taxable","11":"purchasable","12":"product-type-simple"},"_links":{"self":[{"href":"https:\/\/handson.pt\/pt\/wp-json\/wp\/v2\/product\/24514","targetHints":{"allow":["GET"]}}],"collection":[{"href":"https:\/\/handson.pt\/pt\/wp-json\/wp\/v2\/product"}],"about":[{"href":"https:\/\/handson.pt\/pt\/wp-json\/wp\/v2\/types\/product"}],"replies":[{"embeddable":true,"href":"https:\/\/handson.pt\/pt\/wp-json\/wp\/v2\/comments?post=24514"}],"wp:attachment":[{"href":"https:\/\/handson.pt\/pt\/wp-json\/wp\/v2\/media?parent=24514"}],"wp:term":[{"taxonomy":"product_brand","embeddable":true,"href":"https:\/\/handson.pt\/pt\/wp-json\/wp\/v2\/product_brand?post=24514"},{"taxonomy":"product_cat","embeddable":true,"href":"https:\/\/handson.pt\/pt\/wp-json\/wp\/v2\/product_cat?post=24514"},{"taxonomy":"product_tag","embeddable":true,"href":"https:\/\/handson.pt\/pt\/wp-json\/wp\/v2\/product_tag?post=24514"}],"curies":[{"name":"wp","href":"https:\/\/api.w.org\/{rel}","templated":true}]}}