{"id":24612,"date":"2025-12-23T17:01:34","date_gmt":"2025-12-23T17:01:34","guid":{"rendered":"https:\/\/handson.pt\/pt\/produto\/mat-mingle-meditacao-e-mini-brunch\/"},"modified":"2026-01-03T12:30:26","modified_gmt":"2026-01-03T12:30:26","slug":"mat-mingle-meditacao-e-mini-brunch","status":"publish","type":"product","link":"https:\/\/handson.pt\/pt\/product\/mat-mingle-meditacao-e-mini-brunch\/","title":{"rendered":"Medita\u00e7\u00e3o e Mini Brunch | Sess\u00e3o de Pranayama com Atul Mulji"},"content":{"rendered":"<p>Come\u00e7a o novo ano com uma respira\u00e7\u00e3o met\u00f3dica e uma medita\u00e7\u00e3o profunda neste <b>rigoroso <\/b><strong>sess\u00e3o de medita\u00e7\u00e3o e mini brunch<\/strong>. Conduzida por Atul Mulji, professor de yoga certificado pelo Sivananda International Ashram com mais de 45 anos de pr\u00e1tica pessoal e 20 anos de experi\u00eancia cont\u00ednua de ensino, esta pr\u00e1tica cl\u00e1ssica fundamenta-te nos princ\u00edpios fundamentais do Yoga e da Ayurveda.<\/p>\n<p>Este pranayama e medita\u00e7\u00e3o workshop aborda <b>a respira\u00e7\u00e3o e a medita\u00e7\u00e3o como ferramentas precisas <\/b>para a regula\u00e7\u00e3o do sistema nervoso, concentra\u00e7\u00e3o mental e equil\u00edbrio energ\u00e9tico. A manh\u00e3 termina com um mini-brunch saud\u00e1vel na esplanada de A SALA, criando um espa\u00e7o de integra\u00e7\u00e3o e de verdadeira liga\u00e7\u00e3o comunit\u00e1ria.<\/p>\n<h2><\/h2>\n<h2>O que vais praticar nesta sess\u00e3o<\/h2>\n<p>Esta sess\u00e3o de medita\u00e7\u00e3o abrange t\u00e9cnicas tradicionais enraizadas nos m\u00e9todos cl\u00e1ssicos do yoga:<\/p>\n<p>\ud83e\uddd8 <strong>Respira\u00e7\u00e3o diafragm\u00e1tica<\/strong> para a regula\u00e7\u00e3o do sistema nervoso<\/p>\n<p>\ud83e\uddd8 <strong>Padr\u00f5es espec\u00edficos de respira\u00e7\u00e3o<\/strong> afetar os estados mentais e os n\u00edveis de energia<\/p>\n<p>\ud83e\uddd8 <strong>Pr\u00e1ticas de medita\u00e7\u00e3o<\/strong> cultivar a concentra\u00e7\u00e3o sustentada e a quietude interior<\/p>\n<p>\ud83e\uddd8 <strong style=\"font-size: inherit\">Compreens\u00e3o ayurv\u00e9dica<\/strong> de como as pr\u00e1ticas de respira\u00e7\u00e3o e consci\u00eancia apoiam o bem-estar hol\u00edstico<\/p>\n<p>Sob a orienta\u00e7\u00e3o experiente de Atul Mulji, que reflecte 45 anos de pr\u00e1tica dedicada, aprende abordagens rigorosas a estas t\u00e9cnicas antigas aplicadas com m\u00e9todo e precis\u00e3o.<\/p>\n<h2><\/h2>\n<h2>O que est\u00e1 inclu\u00eddo na tua manh\u00e3<\/h2>\n<p>Esta experi\u00eancia de medita\u00e7\u00e3o e brunch proporciona uma pr\u00e1tica completa e uma liga\u00e7\u00e3o \u00e0 comunidade:<\/p>\n<p>Pranayama tradicional e medita\u00e7\u00e3o com Atul Mulji<\/p>\n<p>\ud83e\uddd8 <strong>Mais de 45 anos de experi\u00eancia pr\u00e1tica<\/strong>, mais de 20 anos de experi\u00eancia de ensino<\/p>\n<p>Regula\u00e7\u00e3o do sistema nervoso com base no Yoga Cl\u00e1ssico e na Ayurveda<\/p>\n<p>\ud83e\uddd8 <strong>Um mini-brunch saud\u00e1vel<\/strong> no terra\u00e7o de A SALA<\/p>\n<p>\ud83e\uddd8 Tempo de liga\u00e7\u00e3o e integra\u00e7\u00e3o da comunidade Wellness<\/p>\n<p><strong>Orientador:<\/strong> Atul Mulji - certificado pelo Sivananda International Ashram, mais de 45 anos de pr\u00e1tica<\/p>\n<p><strong>Aborda:<\/strong> Rigoroso, tradicional, baseado em m\u00e9todos - n\u00e3o um bem-estar performativo<\/p>\n<h2><\/h2>\n<h2>Porqu\u00ea come\u00e7ar o ano com esta pr\u00e1tica?<\/h2>\n<p><strong>Come\u00e7a o ano novo de forma intencional:<\/strong> Os in\u00edcios de ano oferecem oportunidades poderosas para uma redefini\u00e7\u00e3o intencional. As pr\u00e1ticas de janeiro estabelecem padr\u00f5es e mentalidades que moldam todo o ano seguinte, tornando esta escolha uma <strong>base pr\u00e1tica<\/strong> em vez de uma mera resolu\u00e7\u00e3o.<\/p>\n<p><strong>Ensino tradicional aut\u00eantico:<\/strong> Atul Mulji traz <strong>trajet\u00f3ria s\u00f3lida ancorada<\/strong> nas tradi\u00e7\u00f5es tradicionais do Yoga e da Ayurveda, regularmente aprofundadas atrav\u00e9s de imers\u00f5es na \u00cdndia e rigorosamente aplicadas em contextos ocidentais.<\/p>\n<p><strong>M\u00e9todos Cl\u00e1ssicos Rigorosos:<\/strong> Isto \u00e9 <strong>cl\u00e1ssica baseada na pr\u00e1tica<\/strong> aborda a respira\u00e7\u00e3o e a medita\u00e7\u00e3o como ferramentas precisas, n\u00e3o como experimenta\u00e7\u00e3o casual ou tend\u00eancias superficiais de bem-estar.<\/p>\n<p><strong>Efic\u00e1cia comprovada ao longo de d\u00e9cadas:<\/strong> Aprende com o professor com <strong>Mais de 45 anos de pr\u00e1tica pessoal<\/strong> e mais de 20 anos de ensino cont\u00ednuo, o que representa uma transmiss\u00e3o aut\u00eantica e n\u00e3o uma certifica\u00e7\u00e3o recente.<\/p>\n<p><strong>Regula\u00e7\u00e3o do sistema nervoso:<\/strong> Aborda o pranayama e a medita\u00e7\u00e3o como t\u00e9cnicas espec\u00edficas para regular o teu sistema nervoso, os teus estados mentais e o teu equil\u00edbrio energ\u00e9tico atrav\u00e9s de <strong>pr\u00e1tica met\u00f3dica<\/strong>.<\/p>\n<p><strong>Liga\u00e7\u00e3o \u00e0 comunidade:<\/strong> A manh\u00e3 termina com <strong>mini-brunch saud\u00e1vel<\/strong> criar espa\u00e7o para uma liga\u00e7\u00e3o genu\u00edna com os outros alinhada com o verdadeiro bem-estar, come\u00e7ando o ano ligado atrav\u00e9s de escolhas pr\u00e1ticas.<\/p>\n<p><strong>Tempo de integra\u00e7\u00e3o:<\/strong> O brunch no <strong>O terra\u00e7o de A SALA<\/strong> permite a integra\u00e7\u00e3o da pr\u00e1tica e a constru\u00e7\u00e3o de uma comunidade significativa para al\u00e9m do tapete.<\/p>\n<p>&nbsp;<\/p>\n<p>Junta-te a esta sess\u00e3o de medita\u00e7\u00e3o e mini brunch com Atul Mulji e come\u00e7a o ano com base nas pr\u00e1ticas tradicionais de pranayama e medita\u00e7\u00e3o. Experimenta t\u00e9cnicas cl\u00e1ssicas rigorosas com um professor altamente experiente, seguidas de um brunch saud\u00e1vel e <b>liga\u00e7\u00e3o da comunidade de bem-estar<\/b>!<\/p>\n<p>&nbsp;<\/p>","protected":false},"excerpt":{"rendered":"<p>Start the new year with methodical breathing and deep meditation in this rigorous meditation and mini brunch session. Led by Atul Mulji, yoga teacher certified by Sivananda International Ashram with over 45 years of personal practice and 20 years of continuous teaching experience, this classical practice grounds you in fundamental Yoga and Ayurveda principles. This [&hellip;]<\/p>\n","protected":false},"featured_media":0,"comment_status":"open","ping_status":"closed","template":"","meta":[],"product_brand":[],"product_cat":[62],"product_tag":[],"class_list":{"0":"post-24612","1":"product","2":"type-product","3":"status-publish","5":"product_cat-listeo-booking","7":"first","8":"instock","9":"virtual","10":"sold-individually","11":"taxable","12":"purchasable","13":"product-type-listing_booking"},"_links":{"self":[{"href":"https:\/\/handson.pt\/pt\/wp-json\/wp\/v2\/product\/24612","targetHints":{"allow":["GET"]}}],"collection":[{"href":"https:\/\/handson.pt\/pt\/wp-json\/wp\/v2\/product"}],"about":[{"href":"https:\/\/handson.pt\/pt\/wp-json\/wp\/v2\/types\/product"}],"replies":[{"embeddable":true,"href":"https:\/\/handson.pt\/pt\/wp-json\/wp\/v2\/comments?post=24612"}],"wp:attachment":[{"href":"https:\/\/handson.pt\/pt\/wp-json\/wp\/v2\/media?parent=24612"}],"wp:term":[{"taxonomy":"product_brand","embeddable":true,"href":"https:\/\/handson.pt\/pt\/wp-json\/wp\/v2\/product_brand?post=24612"},{"taxonomy":"product_cat","embeddable":true,"href":"https:\/\/handson.pt\/pt\/wp-json\/wp\/v2\/product_cat?post=24612"},{"taxonomy":"product_tag","embeddable":true,"href":"https:\/\/handson.pt\/pt\/wp-json\/wp\/v2\/product_tag?post=24612"}],"curies":[{"name":"wp","href":"https:\/\/api.w.org\/{rel}","templated":true}]}}