{"id":25051,"date":"2026-01-03T02:45:40","date_gmt":"2026-01-03T02:45:40","guid":{"rendered":"https:\/\/handson.pt\/pt\/produto\/consultas-de-numerologia-numerology-consultations\/"},"modified":"2026-01-03T02:55:34","modified_gmt":"2026-01-03T02:55:34","slug":"consultas-de-numerologia-numerology-consultations","status":"publish","type":"product","link":"https:\/\/handson.pt\/pt\/product\/consultas-de-numerologia-numerology-consultations\/","title":{"rendered":"Consultas de Numerologia\/ Numerology Consultations"},"content":{"rendered":"<p>MARCA\u00c7\u00c3O SOB CONFIRMA\u00c7\u00c3O\/ SCHEDULE UNDER CONFIRMATION : 914730443- IN\u00caS RIBEIRO<br \/>\nPRESENCIAL OU ONLINE\/ IN-PERSON OR ONLINE<\/p>\n<p>O que \u00e9 a Numerologia?<\/p>\n<p>A Numerologia \u00e9 uma ferramenta de autoconhecimento que utiliza os n\u00fameros associados \u00e0 data de nascimento e ao nome para revelar padr\u00f5es profundos da personalidade, talentos, desafios, ciclos de vida e prop\u00f3sito.<br \/>\nCada n\u00famero carrega uma vibra\u00e7\u00e3o espec\u00edfica que influencia a forma como pensamos, sentimos, agimos e nos relacionamos com o mundo.<\/p>\n<p>O que a consulta oferece<br \/>\nNuma consulta de Numerologia, vais obter:<br \/>\nCompreens\u00e3o do teu prop\u00f3sito de vida<br \/>\nIdentifica\u00e7\u00e3o de talentos naturais e potenciais ocultos<br \/>\nClareza sobre desafios recorrentes e padr\u00f5es emocionais<br \/>\nAn\u00e1lise de ciclos pessoais e momentos favor\u00e1veis para decis\u00f5es<br \/>\nOrienta\u00e7\u00e3o para alinhar escolhas pessoais, profissionais e relacionais<br \/>\nA consulta \u00e9 pr\u00e1tica, profunda e adaptada \u00e0 tua realidade atual, ajudando-te a tomar decis\u00f5es com mais consci\u00eancia e alinhamento.<br \/>\n\ud83c\uddec\ud83c\udde7 Ingl\u00eas<br \/>\nO que \u00e9 a Numerologia<br \/>\nA Numerologia \u00e9 uma ferramenta de auto-conhecimento que utiliza n\u00fameros derivados da tua data de nascimento e nome para revelar padr\u00f5es profundos relacionados com a personalidade, talentos, desafios, ciclos de vida e objectivos.<br \/>\nCada n\u00famero carrega uma vibra\u00e7\u00e3o espec\u00edfica que influencia a forma como pensamos, sentimos, agimos e nos relacionamos com o mundo.<br \/>\nO que oferece a consulta<br \/>\nNuma consulta de Numerologia, vais ganhar:<br \/>\nPerceber o teu objetivo de vida<br \/>\nIdentifica\u00e7\u00e3o de talentos naturais e potenciais escondidos<br \/>\nClareza sobre desafios recorrentes e padr\u00f5es emocionais<br \/>\nCompreende os ciclos pessoais e o momento favor\u00e1vel<br \/>\nOrienta\u00e7\u00e3o para alinhar decis\u00f5es pessoais, profissionais e relacionais<br \/>\nA sess\u00e3o \u00e9 pr\u00e1tica, perspicaz e adaptada \u00e0 tua fase atual da vida, apoiando escolhas conscientes e alinhadas.<\/p>","protected":false},"excerpt":{"rendered":"<p>MARCA\u00c7\u00c3O SOB CONFIRMA\u00c7\u00c3O\/ SCHEDULE UNDER CONFIRMATION : 914730443- IN\u00caS RIBEIRO PRESENCIAL OU ONLINE\/ IN-PERSON OR ONLINE O que \u00e9 a Numerologia? A Numerologia \u00e9 uma ferramenta de autoconhecimento que utiliza os n\u00fameros associados \u00e0 data de nascimento e ao nome para revelar padr\u00f5es profundos da personalidade, talentos, desafios, ciclos de vida e prop\u00f3sito. Cada n\u00famero [&hellip;]<\/p>\n","protected":false},"featured_media":0,"comment_status":"open","ping_status":"closed","template":"","meta":[],"product_brand":[],"product_cat":[62],"product_tag":[],"class_list":{"0":"post-25051","1":"product","2":"type-product","3":"status-publish","5":"product_cat-listeo-booking","7":"first","8":"instock","9":"virtual","10":"sold-individually","11":"taxable","12":"purchasable","13":"product-type-listing_booking"},"_links":{"self":[{"href":"https:\/\/handson.pt\/pt\/wp-json\/wp\/v2\/product\/25051","targetHints":{"allow":["GET"]}}],"collection":[{"href":"https:\/\/handson.pt\/pt\/wp-json\/wp\/v2\/product"}],"about":[{"href":"https:\/\/handson.pt\/pt\/wp-json\/wp\/v2\/types\/product"}],"replies":[{"embeddable":true,"href":"https:\/\/handson.pt\/pt\/wp-json\/wp\/v2\/comments?post=25051"}],"wp:attachment":[{"href":"https:\/\/handson.pt\/pt\/wp-json\/wp\/v2\/media?parent=25051"}],"wp:term":[{"taxonomy":"product_brand","embeddable":true,"href":"https:\/\/handson.pt\/pt\/wp-json\/wp\/v2\/product_brand?post=25051"},{"taxonomy":"product_cat","embeddable":true,"href":"https:\/\/handson.pt\/pt\/wp-json\/wp\/v2\/product_cat?post=25051"},{"taxonomy":"product_tag","embeddable":true,"href":"https:\/\/handson.pt\/pt\/wp-json\/wp\/v2\/product_tag?post=25051"}],"curies":[{"name":"wp","href":"https:\/\/api.w.org\/{rel}","templated":true}]}}