{"id":25054,"date":"2026-01-03T02:48:33","date_gmt":"2026-01-03T02:48:33","guid":{"rendered":"https:\/\/handson.pt\/pt\/produto\/consultas-de-astrologia-astrology-consultations\/"},"modified":"2026-01-03T02:56:48","modified_gmt":"2026-01-03T02:56:48","slug":"consultas-de-astrologia-astrology-consultations","status":"publish","type":"product","link":"https:\/\/handson.pt\/pt\/product\/consultas-de-astrologia-astrology-consultations\/","title":{"rendered":"Consultas de Astrologia\/ Astrology Consultations"},"content":{"rendered":"<p>MARCA\u00c7\u00c3O SOB CONFIRMA\u00c7\u00c3O\/ SCHEDULE UNDER CONFIRMATION : 914730443- IN\u00caS RIBEIRO<br \/>\nPRESENCIAL OU ONLINE\/ IN-PERSON OR ONLINE<\/p>\n<p>&nbsp;<\/p>\n<p>O que \u00e9 o Mapa Astral?<br \/>\nO Mapa Astral \u00e9 um retrato simb\u00f3lico do c\u00e9u no momento do teu nascimento. Ele revela a tua estrutura psicol\u00f3gica, emocional e energ\u00e9tica, bem como a forma \u00fanica como expressas quem \u00e9s no mundo.<br \/>\nAtrav\u00e9s dos planetas, signos e casas astrol\u00f3gicas, o mapa mostra potenciais, desafios, padr\u00f5es de relacionamento e caminhos de evolu\u00e7\u00e3o.<br \/>\nO que a consulta oferece<br \/>\nNa leitura do Mapa Astral vais encontrar:<br \/>\nCompreens\u00e3o profunda da tua personalidade e emo\u00e7\u00f5es<br \/>\nClareza sobre voca\u00e7\u00e3o, miss\u00e3o e prop\u00f3sito<br \/>\nPadr\u00f5es afetivos e din\u00e2micas de relacionamento<br \/>\nTalentos, bloqueios e \u00e1reas de crescimento<br \/>\nOrienta\u00e7\u00e3o para viver com mais autenticidade e alinhamento<br \/>\nA consulta \u00e9 interpretativa, terap\u00eautica e orientada para o desenvolvimento pessoal.<br \/>\n\ud83c\uddec\ud83c\udde7 Ingl\u00eas<br \/>\nO que \u00e9 um mapa astral<br \/>\nO Mapa Natal \u00e9 um mapa simb\u00f3lico do c\u00e9u no momento exato do teu nascimento. Revela a tua estrutura psicol\u00f3gica, emocional e energ\u00e9tica, bem como a forma como te expressas naturalmente no mundo.<br \/>\nAtrav\u00e9s dos planetas, dos signos do zod\u00edaco e das casas astrol\u00f3gicas, o mapa destaca potenciais, desafios, padr\u00f5es de relacionamento e caminhos evolutivos.<br \/>\nO que oferece a consulta<br \/>\nNuma leitura do mapa natal, vais ganhar:<br \/>\nCompreens\u00e3o profunda da tua personalidade e do teu mundo emocional<br \/>\nClareza sobre a voca\u00e7\u00e3o, a miss\u00e3o de vida e o objetivo<br \/>\nPercebe a din\u00e2mica das rela\u00e7\u00f5es e os padr\u00f5es emocionais<br \/>\nToma consci\u00eancia dos talentos, bloqueios e \u00e1reas de crescimento<br \/>\nOrienta\u00e7\u00e3o para viveres de forma mais aut\u00eantica e alinhada com a tua ess\u00eancia<br \/>\nA consulta \u00e9 interpretativa, terap\u00eautica e orientada para o desenvolvimento pessoal.<\/p>","protected":false},"excerpt":{"rendered":"<p>MARCA\u00c7\u00c3O SOB CONFIRMA\u00c7\u00c3O\/ SCHEDULE UNDER CONFIRMATION : 914730443- IN\u00caS RIBEIRO PRESENCIAL OU ONLINE\/ IN-PERSON OR ONLINE &nbsp; O que \u00e9 o Mapa Astral? O Mapa Astral \u00e9 um retrato simb\u00f3lico do c\u00e9u no momento do teu nascimento. Ele revela a tua estrutura psicol\u00f3gica, emocional e energ\u00e9tica, bem como a forma \u00fanica como expressas quem \u00e9s [&hellip;]<\/p>\n","protected":false},"featured_media":0,"comment_status":"open","ping_status":"closed","template":"","meta":[],"product_brand":[],"product_cat":[62],"product_tag":[],"class_list":{"0":"post-25054","1":"product","2":"type-product","3":"status-publish","5":"product_cat-listeo-booking","7":"first","8":"instock","9":"virtual","10":"sold-individually","11":"taxable","12":"purchasable","13":"product-type-listing_booking"},"_links":{"self":[{"href":"https:\/\/handson.pt\/pt\/wp-json\/wp\/v2\/product\/25054","targetHints":{"allow":["GET"]}}],"collection":[{"href":"https:\/\/handson.pt\/pt\/wp-json\/wp\/v2\/product"}],"about":[{"href":"https:\/\/handson.pt\/pt\/wp-json\/wp\/v2\/types\/product"}],"replies":[{"embeddable":true,"href":"https:\/\/handson.pt\/pt\/wp-json\/wp\/v2\/comments?post=25054"}],"wp:attachment":[{"href":"https:\/\/handson.pt\/pt\/wp-json\/wp\/v2\/media?parent=25054"}],"wp:term":[{"taxonomy":"product_brand","embeddable":true,"href":"https:\/\/handson.pt\/pt\/wp-json\/wp\/v2\/product_brand?post=25054"},{"taxonomy":"product_cat","embeddable":true,"href":"https:\/\/handson.pt\/pt\/wp-json\/wp\/v2\/product_cat?post=25054"},{"taxonomy":"product_tag","embeddable":true,"href":"https:\/\/handson.pt\/pt\/wp-json\/wp\/v2\/product_tag?post=25054"}],"curies":[{"name":"wp","href":"https:\/\/api.w.org\/{rel}","templated":true}]}}