{"id":25059,"date":"2026-01-03T02:54:46","date_gmt":"2026-01-03T02:54:46","guid":{"rendered":"https:\/\/handson.pt\/pt\/produto\/consultas-de-psicologia-com-hipnose-psychology-with-hypnosis\/"},"modified":"2026-01-03T02:54:46","modified_gmt":"2026-01-03T02:54:46","slug":"consultas-de-psicologia-com-hipnose-psychology-with-hypnosis","status":"publish","type":"product","link":"https:\/\/handson.pt\/pt\/product\/consultas-de-psicologia-com-hipnose-psychology-with-hypnosis\/","title":{"rendered":"Consultas de Psicologia com Hipnose\/ Psychology with Hypnosis"},"content":{"rendered":"<p>MARCA\u00c7\u00c3O SOB CONFIRMA\u00c7\u00c3O\/ SCHEDULE UNDER CONFIRMATION : 914730443- IN\u00caS RIBEIRO<br \/>\nPRESENCIAL OU ONLINE\/ IN-PERSON OR ONLINE<\/p>\n<p>O que \u00e9 a Psicologia com Hipnose?<br \/>\nA Psicologia com Hipnose integra abordagens terap\u00eauticas tradicionais com a hipnose cl\u00ednica, permitindo aceder de forma segura e \u00e9tica a conte\u00fados inconscientes que influenciam emo\u00e7\u00f5es, comportamentos e padr\u00f5es repetitivos.<br \/>\nA hipnose n\u00e3o \u00e9 controlo nem perda de consci\u00eancia - \u00e9 um estado natural de foco e relaxamento profundo que facilita a mudan\u00e7a terap\u00eautica.<br \/>\nO que a consulta oferece<br \/>\nEstas consultas s\u00e3o indicadas para:<br \/>\nAnsiedade, stress e bloqueios emocionais<br \/>\nPadr\u00f5es repetitivos (relacionais, alimentares, emocionais)<br \/>\nBaixa autoestima e autossabotagem<br \/>\nTraumas, medos e inseguran\u00e7as<br \/>\nDesenvolvimento pessoal e autorregula\u00e7\u00e3o emocional<br \/>\nO processo \u00e9 sempre conduzido com respeito, seguran\u00e7a e adapta\u00e7\u00e3o \u00e0s necessidades individuais.<br \/>\n\ud83c\uddec\ud83c\udde7 Ingl\u00eas<br \/>\nO que \u00e9 a Psicologia com Hipnose<br \/>\nA Psicologia com Hipnose combina abordagens psicol\u00f3gicas baseadas em evid\u00eancias com a hipnose cl\u00ednica, permitindo um acesso seguro e \u00e9tico aos processos inconscientes que influenciam as emo\u00e7\u00f5es, os comportamentos e os padr\u00f5es recorrentes.<br \/>\nA hipnose n\u00e3o \u00e9 um controlo da mente ou uma perda de consci\u00eancia - \u00e9 um estado natural de aten\u00e7\u00e3o concentrada e de relaxamento profundo que apoia a mudan\u00e7a terap\u00eautica.<br \/>\nO que oferece a consulta<br \/>\nEstas sess\u00f5es s\u00e3o adequadas para:<br \/>\nAnsiedade, stress e bloqueios emocionais<br \/>\nPadr\u00f5es comportamentais ou emocionais repetitivos<br \/>\nBaixa autoestima e auto-sabotagem<br \/>\nTraumas, medos e inseguran\u00e7as<br \/>\nCrescimento pessoal e regula\u00e7\u00e3o emocional<br \/>\nO processo \u00e9 sempre conduzido com cuidado, seguran\u00e7a e adaptado \u00e0s necessidades de cada um.<\/p>","protected":false},"excerpt":{"rendered":"<p>MARCA\u00c7\u00c3O SOB CONFIRMA\u00c7\u00c3O\/ SCHEDULE UNDER CONFIRMATION : 914730443- IN\u00caS RIBEIRO PRESENCIAL OU ONLINE\/ IN-PERSON OR ONLINE O que \u00e9 a Psicologia com Hipnose? A Psicologia com Hipnose integra abordagens terap\u00eauticas tradicionais com a hipnose cl\u00ednica, permitindo aceder de forma segura e \u00e9tica a conte\u00fados inconscientes que influenciam emo\u00e7\u00f5es, comportamentos e padr\u00f5es repetitivos. A hipnose n\u00e3o [&hellip;]<\/p>\n","protected":false},"featured_media":0,"comment_status":"open","ping_status":"closed","template":"","meta":[],"product_brand":[],"product_cat":[62],"product_tag":[],"class_list":{"0":"post-25059","1":"product","2":"type-product","3":"status-publish","5":"product_cat-listeo-booking","7":"first","8":"instock","9":"virtual","10":"sold-individually","11":"taxable","12":"purchasable","13":"product-type-listing_booking"},"_links":{"self":[{"href":"https:\/\/handson.pt\/pt\/wp-json\/wp\/v2\/product\/25059","targetHints":{"allow":["GET"]}}],"collection":[{"href":"https:\/\/handson.pt\/pt\/wp-json\/wp\/v2\/product"}],"about":[{"href":"https:\/\/handson.pt\/pt\/wp-json\/wp\/v2\/types\/product"}],"replies":[{"embeddable":true,"href":"https:\/\/handson.pt\/pt\/wp-json\/wp\/v2\/comments?post=25059"}],"wp:attachment":[{"href":"https:\/\/handson.pt\/pt\/wp-json\/wp\/v2\/media?parent=25059"}],"wp:term":[{"taxonomy":"product_brand","embeddable":true,"href":"https:\/\/handson.pt\/pt\/wp-json\/wp\/v2\/product_brand?post=25059"},{"taxonomy":"product_cat","embeddable":true,"href":"https:\/\/handson.pt\/pt\/wp-json\/wp\/v2\/product_cat?post=25059"},{"taxonomy":"product_tag","embeddable":true,"href":"https:\/\/handson.pt\/pt\/wp-json\/wp\/v2\/product_tag?post=25059"}],"curies":[{"name":"wp","href":"https:\/\/api.w.org\/{rel}","templated":true}]}}