{"id":25148,"date":"2026-01-05T07:10:51","date_gmt":"2026-01-05T07:10:51","guid":{"rendered":"https:\/\/handson.pt\/pt\/produto\/discover-watercolor-a-230h-exploration-of-color-flow-and-creative-freedom\/"},"modified":"2026-01-09T22:28:58","modified_gmt":"2026-01-09T22:28:58","slug":"discover-watercolor-a-230h-exploration-of-color-flow-and-creative-freedom","status":"publish","type":"product","link":"https:\/\/handson.pt\/pt\/product\/discover-watercolor-a-230h-exploration-of-color-flow-and-creative-freedom\/","title":{"rendered":"Descobre a aguarela: uma explora\u00e7\u00e3o da cor, do fluxo e da liberdade criativa"},"content":{"rendered":"<p>Explora a pintura criativa atrav\u00e9s de um workshop de aguarela, acolhendo todos os curiosos pela pintura a aguarela, independentemente da sua experi\u00eancia anterior. Ganha confian\u00e7a com este <b>expressivo e solid\u00e1rio<\/b> Introdu\u00e7\u00e3o de 2,5 horas, explorando a beleza fluida da \u00e1gua, da cor e do movimento espont\u00e2neo na calma<b> processo criativo inspirador<\/b>.<\/p>\n<p>Esta experi\u00eancia de pintura acess\u00edvel valoriza a liberdade criativa, a curiosidade e o prazer em detrimento de instru\u00e7\u00f5es r\u00edgidas ou do perfeccionismo. Escolhe trabalhar a partir de imagens de refer\u00eancia que fornecem orienta\u00e7\u00e3o estrutural ou <b>pinta livremente, permitindo a express\u00e3o espont\u00e2nea<\/b>, O professor, como artista profissional e educador de arte, fornece apoio passo a passo adaptado \u00e0 tua abordagem e ao teu n\u00edvel de conforto num ambiente de est\u00fadio descontra\u00eddo que encoraja a explora\u00e7\u00e3o art\u00edstica pessoal.<\/p>\n<h2><\/h2>\n<h2>O que vais aprender neste workshop de aguarela<\/h2>\n<p>Esta aula de pintura em aguarela aborda as t\u00e9cnicas fundamentais:<\/p>\n<p>R\u00e1cios adequados de \u00e1gua para pigmento que controlam a transpar\u00eancia e a intensidade<\/p>\n<p>M\u00e9todos molhado sobre molhado que criam transi\u00e7\u00f5es suaves e efeitos atmosf\u00e9ricos<\/p>\n<p>Abordagens h\u00famidas e secas para obteres arestas n\u00edtidas e formas definidas<\/p>\n<p>Mistura de cores, compreendendo como os pigmentos transparentes se sobrep\u00f5em e interagem de forma diferente dos meios opacos<\/p>\n<p>Manuseamento do pincel para fazeres marcas variadas, desde pormenores delicados a lavagens amplas<\/p>\n<p>Princ\u00edpios de composi\u00e7\u00e3o, quer trabalhes a partir de refer\u00eancias ou cries explora\u00e7\u00f5es abstractas<\/p>\n<h2><\/h2>\n<h2>O que est\u00e1 inclu\u00eddo no teu workshop<\/h2>\n<p>Esta aula de aguarela fornece materiais completos e orienta\u00e7\u00e3o de apoio:<\/p>\n<p>Todos os materiais de aguarela (papel de qualidade, tintas profissionais, pinc\u00e9is diversos, ferramentas)<\/p>\n<p>\ud83c\udfa8 Orienta\u00e7\u00e3o passo a passo de um artista e educador profissional<\/p>\n<p>Ambiente de est\u00fadio descontra\u00eddo, solid\u00e1rio e inspirador<\/p>\n<p>Instru\u00e7\u00e3o de t\u00e9cnicas essenciais de aguarela<\/p>\n<p>Uma obra de aguarela acabada para levares para casa<\/p>\n<h2><\/h2>\n<h2>Experi\u00eancia do workshop e processo de aprendizagem<\/h2>\n<p>Esta sess\u00e3o de aguarela segue uma abordagem flex\u00edvel que respeita os processos criativos individuais:<\/p>\n<p><strong>Introdu\u00e7\u00e3o ao meio:<\/strong> Come\u00e7a a compreender as qualidades \u00fanicas da aguarela, como a transpar\u00eancia, a luminosidade e o movimento espont\u00e2neo, \u00e0 medida que a \u00e1gua transporta o pigmento atrav\u00e9s do papel, aprendendo porque \u00e9 que este meio requer tanto controlo como entrega.<\/p>\n<p><strong>Funda\u00e7\u00e3o de Controlo da \u00c1gua:<\/strong> Domina as propor\u00e7\u00f5es adequadas de \u00e1gua para pigmento, determinando a transpar\u00eancia e a intensidade, descobrindo como os n\u00edveis de humidade afectam o comportamento da tinta e criando diferentes efeitos, desde lavagens delicadas a cores concentradas vibrantes.<\/p>\n<p><strong>T\u00e9cnicas de explora\u00e7\u00e3o h\u00famida:<\/strong> Pratica os m\u00e9todos molhado sobre molhado, criando transi\u00e7\u00f5es suaves e efeitos atmosf\u00e9ricos em que as cores fluem espontaneamente, experimentando a imprevisibilidade fluida da aguarela que produz belos resultados org\u00e2nicos.<\/p>\n<p><strong>Aplica\u00e7\u00e3o controlada:<\/strong> Aprende abordagens de molhado sobre seco para conseguir bordos n\u00edtidos e formas definidas, compreendendo quando trabalhar com papel seco para obter precis\u00e3o e com papel molhado para obter uma mistura espont\u00e2nea.<\/p>\n<p><strong>Descobre a mistura de cores:<\/strong> Explora a forma como os pigmentos transparentes se sobrep\u00f5em e interagem de forma diferente dos meios opacos, aprendendo a teoria da cor espec\u00edfica da aguarela, onde a sobreposi\u00e7\u00e3o cria novas tonalidades atrav\u00e9s da mistura \u00f3tica.<\/p>\n<p><strong>Cria\u00e7\u00e3o pessoal:<\/strong> Trabalha ao teu pr\u00f3prio ritmo, escolhendo imagens de refer\u00eancia que fornecem orienta\u00e7\u00e3o estrutural ou pintura livre que permite uma express\u00e3o abstrata espont\u00e2nea, com orienta\u00e7\u00e3o profissional adaptada \u00e0 abordagem escolhida e ao teu n\u00edvel de conforto.<\/p>\n<p><strong>Abra\u00e7a os acidentes felizes:<\/strong> Descobre como a natureza imprevis\u00edvel da aguarela produz frequentemente os mais belos efeitos atrav\u00e9s do movimento espont\u00e2neo e das intera\u00e7\u00f5es n\u00e3o planeadas dos pigmentos, aprendendo a trabalhar com o car\u00e1cter fluido do meio em vez de o combater.<\/p>\n<h2><\/h2>\n<h2>Perfeito para principiantes curiosos em aguarela<\/h2>\n<p>Este quadro workshop d\u00e1-te as boas-vindas:<\/p>\n<p>Iniciantes curiosos por arte que desejam uma introdu\u00e7\u00e3o suave e solid\u00e1ria \u00e0 pintura em aguarela<\/p>\n<p>\ud83c\udfa8 Pessoas intimidadas pela aguarela, prontas para experimentar este meio expressivo sem press\u00e3o<\/p>\n<p>\ud83c\udfa8 Aqueles que procuram liberdade criativa em vez de uma instru\u00e7\u00e3o r\u00edgida e estereotipada<\/p>\n<p>Pessoas que queiram explorar a cor, a transpar\u00eancia e o movimento espont\u00e2neo<\/p>\n<p>\ud83c\udfa8 Qualquer pessoa interessada num processo criativo inspirador e calmo, valorizando a experimenta\u00e7\u00e3o<\/p>\n<p>Grupos de 5 ou mais pessoas asseguram uma atmosfera de colabora\u00e7\u00e3o e apoio<\/p>\n<h2><\/h2>\n<h2>Porqu\u00ea escolher este workshop de aguarela<\/h2>\n<p><strong>N\u00e3o te deixes intimidar:<\/strong> Explicitamente concebido para principiantes curiosos em aguarela, reconhecendo a reputa\u00e7\u00e3o de imprevisibilidade do meio, ao mesmo tempo que proporciona uma introdu\u00e7\u00e3o suave e de apoio, criando confian\u00e7a atrav\u00e9s de exerc\u00edcios exequ\u00edveis e orienta\u00e7\u00f5es encorajadoras.<\/p>\n<p><strong>Valoriza a liberdade criativa:<\/strong> Escolhe a tua pr\u00f3pria abordagem (imagens de refer\u00eancia ou pintura livre) respeitando os processos criativos individuais em vez de impor um \u00fanico m\u00e9todo r\u00edgido, permitindo a explora\u00e7\u00e3o art\u00edstica pessoal dentro de um quadro de apoio.<\/p>\n<p><strong>Orienta\u00e7\u00e3o profissional para artistas:<\/strong> Aprende com um educador art\u00edstico experiente que adapta as instru\u00e7\u00f5es ao teu n\u00edvel de conforto e \u00e0 tua abordagem, fornecendo apoio passo a passo para garantir um trabalho art\u00edstico final bem sucedido, independentemente da tua experi\u00eancia anterior.<\/p>\n<p><strong>Materiais de qualidade fornecidos:<\/strong> Todos os materiais profissionais para aguarela est\u00e3o inclu\u00eddos (papel de qualidade, tintas, pinc\u00e9is diversos, ferramentas), permitindo-te concentrar na explora\u00e7\u00e3o criativa sem investimento em equipamento ou materiais de qualidade inferior que dificultem os resultados.<\/p>\n<p><strong>Filosofia dos Acidentes Felizes:<\/strong> Abra\u00e7a a natureza espont\u00e2nea da aguarela, onde os efeitos n\u00e3o planeados criam frequentemente os resultados mais bonitos, aprendendo a trabalhar com a imprevisibilidade fluida em vez de lutar por um controlo absoluto.<\/p>\n<p><strong>T\u00e9cnicas fundamentais Funda\u00e7\u00e3o:<\/strong> Abrange os m\u00e9todos essenciais de aguarela (molhado sobre molhado, molhado sobre seco, controlo da \u00e1gua, mistura de cores) fornecendo uma base t\u00e9cnica s\u00f3lida para uma explora\u00e7\u00e3o independente continuada para al\u00e9m do workshop.<\/p>\n<p><strong>Respeito pelo teu ritmo pessoal:<\/strong> Trabalha ao teu pr\u00f3prio ritmo, sem pressa ou press\u00e3o para acompanhar o grupo, criando espa\u00e7o para uma experimenta\u00e7\u00e3o ponderada e a descoberta da abordagem \u00e0 aguarela que mais te agrada.<\/p>\n<p><strong>Garantia de arte finalizada:<\/strong> Sai com uma pe\u00e7a \u00fanica de aguarela acabada, que reflecte o teu processo criativo pessoal, e com conhecimentos b\u00e1sicos que te permitem continuar a explorar a aguarela de forma independente e confiante.<\/p>\n<p>Junta-te a este workshop de explora\u00e7\u00e3o da aguarela e descobre a beleza fluida deste meio expressivo atrav\u00e9s da liberdade criativa. Aprende t\u00e9cnicas fundamentais, abra\u00e7a efeitos espont\u00e2neos e cria a tua pr\u00f3pria obra de arte em aguarela num ambiente inspirador!<\/p>","protected":false},"excerpt":{"rendered":"<p>Explore creative painting through a watercolor workshop, welcoming anyone curious about watercolor painting regardless of previous experience. Build confidence with this expressive and supportive 2.5 hour introduction, exploring the fluid beauty of water, color, and spontaneous movement in calm inspiring creative process. This accessible painting experience values creative freedom, curiosity, and enjoyment over rigid instruction [&hellip;]<\/p>\n","protected":false},"featured_media":25141,"comment_status":"open","ping_status":"closed","template":"","meta":[],"product_brand":[],"product_cat":[62],"product_tag":[],"class_list":{"0":"post-25148","1":"product","2":"type-product","3":"status-publish","4":"has-post-thumbnail","6":"product_cat-listeo-booking","8":"first","9":"instock","10":"virtual","11":"sold-individually","12":"taxable","13":"purchasable","14":"product-type-listing_booking"},"_links":{"self":[{"href":"https:\/\/handson.pt\/pt\/wp-json\/wp\/v2\/product\/25148","targetHints":{"allow":["GET"]}}],"collection":[{"href":"https:\/\/handson.pt\/pt\/wp-json\/wp\/v2\/product"}],"about":[{"href":"https:\/\/handson.pt\/pt\/wp-json\/wp\/v2\/types\/product"}],"replies":[{"embeddable":true,"href":"https:\/\/handson.pt\/pt\/wp-json\/wp\/v2\/comments?post=25148"}],"wp:featuredmedia":[{"embeddable":true,"href":"https:\/\/handson.pt\/pt\/wp-json\/wp\/v2\/media\/25141"}],"wp:attachment":[{"href":"https:\/\/handson.pt\/pt\/wp-json\/wp\/v2\/media?parent=25148"}],"wp:term":[{"taxonomy":"product_brand","embeddable":true,"href":"https:\/\/handson.pt\/pt\/wp-json\/wp\/v2\/product_brand?post=25148"},{"taxonomy":"product_cat","embeddable":true,"href":"https:\/\/handson.pt\/pt\/wp-json\/wp\/v2\/product_cat?post=25148"},{"taxonomy":"product_tag","embeddable":true,"href":"https:\/\/handson.pt\/pt\/wp-json\/wp\/v2\/product_tag?post=25148"}],"curies":[{"name":"wp","href":"https:\/\/api.w.org\/{rel}","templated":true}]}}