{"id":25234,"date":"2026-01-06T15:05:32","date_gmt":"2026-01-06T15:05:32","guid":{"rendered":"https:\/\/handson.pt\/product\/body-butter-workshop-create-your-own-natural-skincare\/"},"modified":"2026-01-09T16:53:49","modified_gmt":"2026-01-09T16:53:49","slug":"body-butter-workshop-create-your-own-natural-skincare","status":"publish","type":"product","link":"https:\/\/handson.pt\/pt\/product\/body-butter-workshop-create-your-own-natural-skincare\/","title":{"rendered":"Workshop de Manteiga Corporal | Cria os teus pr\u00f3prios cuidados de pele naturais"},"content":{"rendered":"<p>Aprende a formular e a criar <b>a tua pr\u00f3pria manteiga corporal natural personalizada<\/b> nesta sess\u00e3o pr\u00e1tica e intimista do workshop. Usando ingredientes de alta qualidade \u00e0 base de plantas, descobre os fundamentos da sa\u00fade da pele e da formula\u00e7\u00e3o cosm\u00e9tica simples atrav\u00e9s de uma sess\u00e3o pr\u00e1tica guiada.<\/p>\n<p>Esta aula de cuidados naturais da pele combina uma breve introdu\u00e7\u00e3o te\u00f3rica com uma sess\u00e3o pr\u00e1tica de formula\u00e7\u00e3o. Trabalha em pequenos grupos utilizando ferramentas profissionais, escolhendo os ingredientes e as quantidades que melhor se adaptam \u00e0 tua pele. N\u00e3o \u00e9 necess\u00e1ria experi\u00eancia pr\u00e9via, apenas curiosidade e <b>adora os cuidados naturais com a pele<\/b>.<\/p>\n<h2><\/h2>\n<h2>O que vais aprender neste workshop<\/h2>\n<p>Esta aula abrange v\u00e1rios\u00a0<strong>fundamentos da sa\u00fade da pele e formula\u00e7\u00e3o pr\u00e1tica<\/strong>:<\/p>\n<p>Mini aula sobre a pele: estrutura, fun\u00e7\u00e3o e necessidades b\u00e1sicas<\/p>\n<p>\ud83e\uddf4 Introdu\u00e7\u00e3o aos ingredientes naturais: manteigas, \u00f3leos e as suas propriedades<\/p>\n<p>\ud83e\uddf4 <strong>Explica\u00e7\u00e3o passo a passo da formula\u00e7\u00e3o<\/strong> para criar manteiga corporal<\/p>\n<p>\ud83e\uddf4 <strong>Sess\u00e3o pr\u00e1tica guiada<\/strong> criar o teu pr\u00f3prio produto personalizado<\/p>\n<p>Trabalhar com ferramentas profissionais (balan\u00e7as, copos, ingredientes crus)<\/p>\n<p>\ud83e\uddf4 <strong>Escolhe os ingredientes e as quantidades<\/strong> adaptado \u00e0s tuas prefer\u00eancias cut\u00e2neas<\/p>\n<h2><\/h2>\n<h2>O que est\u00e1 inclu\u00eddo no teu workshop<\/h2>\n<p>Esta aula de cuidados da pele d\u00e1-te <strong>materiais completos e orienta\u00e7\u00e3o personalizada<\/strong>:<\/p>\n<p>Todas as mat\u00e9rias-primas (manteigas, \u00f3leos) e ferramentas profissionais<\/p>\n<p>Mini aula sobre a estrutura e a fun\u00e7\u00e3o da pele<\/p>\n<p>Educa\u00e7\u00e3o sobre ingredientes naturais e orienta\u00e7\u00e3o sobre formula\u00e7\u00f5es<\/p>\n<p>Cria\u00e7\u00e3o pr\u00e1tica de manteiga corporal personalizada<\/p>\n<p>\ud83e\uddf4 <strong>Folheto de formula\u00e7\u00e3o<\/strong> e produto acabado para levares para casa<\/p>\n<p><strong>Capacidade:<\/strong> M\u00e1ximo de 6 participantes para uma aten\u00e7\u00e3o personalizada, m\u00ednimo de 2 participantes<\/p>\n<p><strong>N\u00edvel de experi\u00eancia:<\/strong> N\u00e3o \u00e9 necess\u00e1ria experi\u00eancia pr\u00e9via, basta curiosidade e interesse por cuidados naturais da pele<\/p>\n<p><strong style=\"font-size: inherit;\">Formato:<\/strong> Pequeno grupo amig\u00e1vel com introdu\u00e7\u00e3o te\u00f3rica e cria\u00e7\u00e3o pr\u00e1tica<\/p>\n<p><strong>Leva para casa:<\/strong> Manteiga corporal formulada \u00e0 medida e folheto de formula\u00e7\u00e3o<\/p>\n<h2><\/h2>\n<h2>Processo do workshop e aprendizagem<\/h2>\n<p>Esta aula segue <strong>base te\u00f3rica que passa \u00e0 cria\u00e7\u00e3o pr\u00e1tica<\/strong>:<\/p>\n<p><strong>Introdu\u00e7\u00e3o te\u00f3rica:<\/strong> Come\u00e7a com uma mini aula para compreender a estrutura, fun\u00e7\u00e3o e necessidades b\u00e1sicas da pele. Aprende sobre ingredientes naturais, incluindo manteigas e \u00f3leos, e as suas propriedades espec\u00edficas para a sa\u00fade da pele.<\/p>\n<p><strong>Guia de Formula\u00e7\u00e3o:<\/strong> Recebe uma explica\u00e7\u00e3o passo a passo de como formular uma manteiga corporal, compreendendo as propor\u00e7\u00f5es, a sele\u00e7\u00e3o de ingredientes e os princ\u00edpios de personaliza\u00e7\u00e3o.<\/p>\n<p><strong>P\u00f5e as m\u00e3os na cria\u00e7\u00e3o:<\/strong> Trabalha com balan\u00e7as profissionais, copos e ingredientes crus para criares o teu produto personalizado. Escolhe os ingredientes e as quantidades que melhor se adequam <strong>o teu tipo de pele espec\u00edfico<\/strong> e necessidades individuais.<\/p>\n<p><strong>Apoio a pequenos grupos:<\/strong> Garante um m\u00e1ximo de 6 participantes <strong>aten\u00e7\u00e3o individual<\/strong> durante todo o processo de formula\u00e7\u00e3o, incentivando-o a explorar as suas prefer\u00eancias pessoais.<\/p>\n<h2><\/h2>\n<h2>Perfeito para os entusiastas dos cuidados naturais da pele<\/h2>\n<p>Este curso d\u00e1-te as boas-vindas:<\/p>\n<p>\ud83e\uddf4 Os amantes de cuidados de pele naturais que queiram <strong>cria os seus pr\u00f3prios produtos<\/strong><\/p>\n<p>Curiosos sobre os princ\u00edpios b\u00e1sicos da formula\u00e7\u00e3o de cosm\u00e9ticos<\/p>\n<p>\ud83e\uddf4 Pessoas que procuram <strong>solu\u00e7\u00f5es personalizadas de cuidados da pele<\/strong><\/p>\n<p>Qualquer pessoa interessada em compreender <strong>fundamentos da sa\u00fade da pele<\/strong><\/p>\n<p>Aqueles que pretendem afastar-se dos produtos comerciais<\/p>\n<p>\ud83e\uddf4 Iniciantes com <strong>n\u00e3o tens experi\u00eancia pr\u00e9via em formula\u00e7\u00e3o<\/strong><\/p>\n<h2><\/h2>\n<h2>Porqu\u00ea escolher este workshop?<\/h2>\n<p><strong>Formula\u00e7\u00e3o personalizada:<\/strong> Cria uma manteiga corporal <strong>adaptado \u00e0s tuas necessidades espec\u00edficas<\/strong>, N\u00e3o te esque\u00e7as de que n\u00e3o se trata de uma receita gen\u00e9rica de tamanho \u00fanico. Escolhe os ingredientes e as quantidades que te conv\u00eam.<\/p>\n<p><strong>Compreende completamente:<\/strong> Aprende n\u00e3o s\u00f3 a fazer manteiga corporal, mas <strong>porque \u00e9 que os ingredientes funcionam em conjunto<\/strong>. Compreende a estrutura e a fun\u00e7\u00e3o da pele e como os ingredientes naturais contribuem para a sa\u00fade da pele.<\/p>\n<p><strong>Ferramentas profissionais:<\/strong> Trabalha com balan\u00e7as, b\u00e9queres e mat\u00e9rias-primas de qualidade utilizadas na formula\u00e7\u00e3o de cosm\u00e9ticos profissionais, adquirindo <strong>compet\u00eancias pr\u00e1ticas reais<\/strong>.<\/p>\n<p><strong>Intimidade em pequenos grupos:<\/strong> Um m\u00e1ximo de 6 participantes garante uma aten\u00e7\u00e3o personalizada e a possibilidade de fazer perguntas, experimentar e receber <strong>orienta\u00e7\u00e3o individual<\/strong> durante todo o processo.<\/p>\n<p><strong>Leva para casa o conhecimento:<\/strong> Recebe um folheto de formula\u00e7\u00e3o que te permite <strong>recriar e adaptar receitas<\/strong> em casa. A aula d\u00e1-te um conhecimento duradouro e n\u00e3o apenas um produto.<\/p>\n<p><strong>Ingredientes de alta qualidade:<\/strong> Trabalha com manteigas e \u00f3leos \u00e0 base de plantas, aprendendo as suas propriedades espec\u00edficas e como combin\u00e1-los para <strong>nutri\u00e7\u00e3o \u00f3ptima da pele<\/strong>.<\/p>\n<p><strong>Aprende com as m\u00e3os:<\/strong> Isto n\u00e3o \u00e9 uma demonstra\u00e7\u00e3o. Tu formulas, medes, misturas e crias a tua pr\u00f3pria manteiga corporal com <strong>participa\u00e7\u00e3o ativa<\/strong> durante toda a sess\u00e3o.<\/p>\n<p>Participa nesta aula e aprende a criar os teus pr\u00f3prios produtos naturais para a pele. Descobre os fundamentos da sa\u00fade da pele, os ingredientes naturais e as t\u00e9cnicas de formula\u00e7\u00e3o enquanto fazes <b>manteiga corporal personalizada<\/b> para levares para casa com o guia de formula\u00e7\u00e3o completo!<\/p>\n<p>&nbsp;<\/p>","protected":false},"excerpt":{"rendered":"<p>Learn to formulate and create your own personalized natural body butter in this intimate hands on workshop. Using high quality plant based ingredients, discover the essentials of skin health and simple cosmetic formulation through guided practical session. This natural skincare class combines short theoretical introduction with practical formulation session. Work in small groups using professional [&hellip;]<\/p>\n","protected":false},"featured_media":25220,"comment_status":"open","ping_status":"closed","template":"","meta":[],"product_brand":[],"product_cat":[62],"product_tag":[],"class_list":{"0":"post-25234","1":"product","2":"type-product","3":"status-publish","4":"has-post-thumbnail","6":"product_cat-listeo-booking","8":"first","9":"instock","10":"virtual","11":"sold-individually","12":"taxable","13":"purchasable","14":"product-type-listing_booking"},"_links":{"self":[{"href":"https:\/\/handson.pt\/pt\/wp-json\/wp\/v2\/product\/25234","targetHints":{"allow":["GET"]}}],"collection":[{"href":"https:\/\/handson.pt\/pt\/wp-json\/wp\/v2\/product"}],"about":[{"href":"https:\/\/handson.pt\/pt\/wp-json\/wp\/v2\/types\/product"}],"replies":[{"embeddable":true,"href":"https:\/\/handson.pt\/pt\/wp-json\/wp\/v2\/comments?post=25234"}],"wp:featuredmedia":[{"embeddable":true,"href":"https:\/\/handson.pt\/pt\/wp-json\/wp\/v2\/media\/25220"}],"wp:attachment":[{"href":"https:\/\/handson.pt\/pt\/wp-json\/wp\/v2\/media?parent=25234"}],"wp:term":[{"taxonomy":"product_brand","embeddable":true,"href":"https:\/\/handson.pt\/pt\/wp-json\/wp\/v2\/product_brand?post=25234"},{"taxonomy":"product_cat","embeddable":true,"href":"https:\/\/handson.pt\/pt\/wp-json\/wp\/v2\/product_cat?post=25234"},{"taxonomy":"product_tag","embeddable":true,"href":"https:\/\/handson.pt\/pt\/wp-json\/wp\/v2\/product_tag?post=25234"}],"curies":[{"name":"wp","href":"https:\/\/api.w.org\/{rel}","templated":true}]}}