{"id":25261,"date":"2026-01-06T17:15:51","date_gmt":"2026-01-06T17:15:51","guid":{"rendered":"https:\/\/handson.pt\/product\/travel-back-in-time-19th-century-portrait-experience\/"},"modified":"2026-04-14T11:47:41","modified_gmt":"2026-04-14T10:47:41","slug":"travel-back-in-time-19th-century-portrait-experience","status":"publish","type":"product","link":"https:\/\/handson.pt\/pt\/product\/travel-back-in-time-19th-century-portrait-experience\/","title":{"rendered":"Experi\u00eancia de Retrato do S\u00e9culo XIX Sintra | Workshop de Fotografia Hist\u00f3rica"},"content":{"rendered":"<p>Entra no mundo da fotografia vintage no Five Historic Photography Studio em S\u00e3o Pedro de Sintra com este <b>experi\u00eancia imersiva de retratos hist\u00f3ricos do s\u00e9culo XIX<\/b>. Descobre como se praticava a fotografia na \u00e9poca de ouro de Sintra atrav\u00e9s do aut\u00eantico processo de col\u00f3dio em chapa h\u00famida e leva para casa um retrato \u00fanico em ambr\u00f3tipo ou estanhotipia criado pelo fot\u00f3grafo.<\/p>\n<p>Esta experi\u00eancia fotogr\u00e1fica do s\u00e9culo XIX convida-te a aprender o meio revolucion\u00e1rio adotado por artistas, cientistas e pela fam\u00edlia real portuguesa. Assiste a todo o processo, desde a prepara\u00e7\u00e3o qu\u00edmica at\u00e9 \u00e0 revela\u00e7\u00e3o na c\u00e2mara escura, recebendo uma fotografia original imposs\u00edvel de replicar.<\/p>\n<h2><\/h2>\n<h2>O que vais experimentar<\/h2>\n<p>Esta placa de col\u00f3dio h\u00famido workshop oferece <strong>viagem de m\u00e3os dadas<\/strong> atrav\u00e9s de uma t\u00e9cnica fotogr\u00e1fica aut\u00eantica de 1851:<\/p>\n<p>\ud83d\udcf7 Ensino de fotografia hist\u00f3rica e introdu\u00e7\u00e3o ao col\u00f3dio de placa h\u00famida<\/p>\n<p>\ud83d\udcf7 <strong>Demonstra\u00e7\u00e3o qu\u00edmica<\/strong> prepara\u00e7\u00e3o manual de chapas fotogr\u00e1ficas<\/p>\n<p>\ud83d\udcf7 <strong>Observa\u00e7\u00e3o passo a passo<\/strong> desde o revestimento at\u00e9 \u00e0 sensibiliza\u00e7\u00e3o \u00e0 prata<\/p>\n<p>Vestu\u00e1rio e acess\u00f3rios de \u00e9poca opcionais para retratos atmosf\u00e9ricos<\/p>\n<p>Posa com a c\u00e2mara guiada <strong style=\"font-size: inherit\">tempos de exposi\u00e7\u00e3o mais longos<\/strong> explicou<\/p>\n<p>\ud83d\udcf7 <strong style=\"font-size: inherit\">Experi\u00eancia de c\u00e2mara escura<\/strong> testemunha o desenvolvimento da imagem na luz vermelha de seguran\u00e7a<\/p>\n<p>\ud83d\udcf7 <strong style=\"font-size: inherit\">Momento de transforma\u00e7\u00e3o<\/strong> v\u00ea o negativo tornar-se uma fotografia positiva<\/p>\n<p>\ud83d\udcf7 Envernizamento de placas para <strong style=\"font-size: inherit\">preserva\u00e7\u00e3o a longo prazo<\/strong><\/p>\n<p>\ud83d\udcf7 <strong style=\"font-size: inherit\">Um original \u00fanico<\/strong> um ambr\u00f3tipo ou um tint\u00f3tipo para levares para casa<\/p>\n<h2><\/h2>\n<h2>Processo e formato do semin\u00e1rio<\/h2>\n<p>Esta experi\u00eancia fotogr\u00e1fica hist\u00f3rica segue a <strong>completa o processo aut\u00eantico<\/strong>:<\/p>\n<p><strong>Introdu\u00e7\u00e3o hist\u00f3rica:<\/strong> Come\u00e7a com uma rece\u00e7\u00e3o calorosa e uma introdu\u00e7\u00e3o \u00e0 hist\u00f3ria da fotografia e ao processo de col\u00f3dio de placa h\u00famida inventado em 1851. Usando imagens hist\u00f3ricas e exemplos originais, aprende como os primeiros pioneiros documentaram os pal\u00e1cios, as paisagens e os retratos de Sintra.<\/p>\n<p><strong>Explica\u00e7\u00e3o do processo:<\/strong> Antes do in\u00edcio da sess\u00e3o, a t\u00e9cnica \u00e9 explicada passo a passo para que saibas exatamente o que esperar.<\/p>\n<p><strong>Op\u00e7\u00e3o de vestu\u00e1rio:<\/strong> Opta por usar roupas ou acess\u00f3rios hist\u00f3ricos (n\u00e3o se limitando estritamente ao s\u00e9culo XIX) para melhorar a atmosfera e criar um retrato \u00fanico. <strong>Completamente opcional<\/strong> com base no teu n\u00edvel de conforto.<\/p>\n<p><strong>Prepara\u00e7\u00e3o do prato:<\/strong> Observa como uma placa de metal ou de vidro \u00e9 revestida \u00e0 m\u00e3o com col\u00f3dio, sensibilizada num banho de nitrato de prata e colocada numa c\u00e2mara de grande formato. Materiais, qu\u00edmica e <strong>curiosidades do processo<\/strong> explica-te.<\/p>\n<p><strong>Sess\u00e3o de retrato:<\/strong> Posa em frente \u00e0 c\u00e2mara com orienta\u00e7\u00e3o, assegurando um retrato descontra\u00eddo e bem sucedido, apesar dos tempos de exposi\u00e7\u00e3o mais longos do que os da fotografia moderna.<\/p>\n<p><strong>Desenvolvimento da c\u00e2mara escura:<\/strong> Entra na c\u00e2mara escura iluminada por uma luz de seguran\u00e7a vermelha. Observa a revela\u00e7\u00e3o da tua imagem enquanto a placa ainda est\u00e1 molhada, vendo a imagem negativa aparecer durante a revela\u00e7\u00e3o.<\/p>\n<p><strong>Transforma-te:<\/strong> Ap\u00f3s a fixa\u00e7\u00e3o, a fotografia da testemunha \u00e9 transformada na forma positiva final, uma das <strong>momentos mais memor\u00e1veis<\/strong> da experi\u00eancia.<\/p>\n<p><strong>Preserva\u00e7\u00e3o:<\/strong> A placa \u00e9 envernizada para preservar a longo prazo a tua fotografia \u00fanica.<\/p>\n<h2><\/h2>\n<h2>O que est\u00e1 inclu\u00eddo<\/h2>\n<p>Este retrato do s\u00e9culo XIX workshop fornece <strong>experi\u00eancia imersiva completa<\/strong>:<\/p>\n<p>\ud83d\udcf7 Ensino de fotografia hist\u00f3rica e introdu\u00e7\u00e3o ao col\u00f3dio de placa h\u00famida<\/p>\n<p>Observa\u00e7\u00e3o do processo passo a passo, desde a qu\u00edmica at\u00e9 ao envernizamento<\/p>\n<p>Vestu\u00e1rio e acess\u00f3rios de \u00e9poca opcionais para retratos atmosf\u00e9ricos<\/p>\n<p>Poses guiadas e experi\u00eancia na c\u00e2mara escura, testemunhando a revela\u00e7\u00e3o<\/p>\n<p>\ud83d\udcf7 <strong>One or more original photograph<\/strong> (ambr\u00f3tipo ou tint\u00f3tipo) para levares para casa<\/p>\n<p><strong>Nota:<\/strong> The price is per plate not per person. Ticket without extras includes one 10 \u00d7 12 cm aluminum wet plate portrait and you can bring up to 4 other participants along. Larger sizes (13 \u00d7 18 cm or 20 \u00d7 25 cm), glass plates, or additional portraits are available as a extra here or for an extra fee, payable at the studio.<\/p>\n<p><strong>Localiza\u00e7\u00e3o:<\/strong> Cinco Est\u00fadios Hist\u00f3ricos de Fotografia, S\u00e3o Pedro de Sintra<\/p>\n<p><strong>Processa:<\/strong> Aut\u00eantica t\u00e9cnica de col\u00f3dio de placa h\u00famida de 1851<\/p>\n<p><strong>Resultado:<\/strong> Fotografia original em vidro (ambr\u00f3tipo) ou metal (tint\u00f3tipo), <strong>verdadeiramente \u00fanico<\/strong><\/p>\n<h2><\/h2>\n<h2>Perfeito para os entusiastas da fotografia e da hist\u00f3ria<\/h2>\n<p>Esta experi\u00eancia de retrato hist\u00f3rico em Sintra d\u00e1-te as boas-vindas:<\/p>\n<p>Entusiastas da fotografia que pretendam ter uma experi\u00eancia pr\u00e1tica com t\u00e9cnicas aut\u00eanticas<\/p>\n<p>\ud83d\udcf7 Amantes da hist\u00f3ria interessados na fotografia <strong>origens revolucion\u00e1rias<\/strong><\/p>\n<p>\ud83d\udcf7 Aqueles que procuram <strong>imers\u00e3o cultural<\/strong> para al\u00e9m da observa\u00e7\u00e3o passiva do museu<\/p>\n<p>\ud83d\udcf7 As pessoas querem <strong>liga\u00e7\u00e3o tang\u00edvel<\/strong> \u00e0 arte do s\u00e9culo XIX<\/p>\n<p>Qualquer pessoa interessada na qu\u00edmica e na f\u00edsica por detr\u00e1s da fotografia antiga<\/p>\n<p>Viajantes que procuram lembran\u00e7as \u00fanicas criadas atrav\u00e9s de um processo hist\u00f3rico<\/p>\n<h2><\/h2>\n<h2>Porqu\u00ea escolher esta experi\u00eancia de fotografia hist\u00f3rica<\/h2>\n<p><strong>T\u00e9cnica aut\u00eantica de 1851:<\/strong> Experimenta o genu\u00edno processo de col\u00f3dio de placa h\u00famida exatamente como era praticado na era dourada da fotografia, e n\u00e3o uma recria\u00e7\u00e3o ou simula\u00e7\u00e3o moderna.<\/p>\n<p><strong>Faz uma viagem cultural pr\u00e1tica:<\/strong> Isto oferece mais do que um retrato, \u00e9 <strong>experi\u00eancia de aprendizagem imersiva<\/strong> Entra nas origens da fotografia com uma observa\u00e7\u00e3o completa do processo, desde a qu\u00edmica at\u00e9 \u00e0 revela\u00e7\u00e3o.<\/p>\n<p><strong>Um original \u00fanico:<\/strong> Recebe um verdadeiro ambr\u00f3tipo ou tint\u00f3tipo original, sem negativo. A tua fotografia \u00e9 <strong>irrepet\u00edvel e \u00fanico<\/strong>, ligando-te de forma tang\u00edvel aos prim\u00f3rdios revolucion\u00e1rios da fotografia.<\/p>\n<p><strong>Localiza\u00e7\u00e3o hist\u00f3rica de Sintra:<\/strong> Experimenta o local onde os primeiros pioneiros documentaram pal\u00e1cios e paisagens, num est\u00fadio cont\u00ednuo <strong>O patrim\u00f3nio fotogr\u00e1fico de Sintra<\/strong>.<\/p>\n<p><strong>Compreens\u00e3o completa do processo:<\/strong> Assiste a todos os passos, desde o revestimento manual das placas at\u00e9 \u00e0 revela\u00e7\u00e3o na c\u00e2mara escura. Aprende os materiais, a qu\u00edmica e a arte por detr\u00e1s desta <strong>meio revolucion\u00e1rio<\/strong>.<\/p>\n<p><strong>Magia da c\u00e2mara escura:<\/strong> O momento de ver a tua imagem aparecer e transformar-se de negativo em positivo na luz de seguran\u00e7a vermelha \u00e9 <strong>destaque inesquec\u00edvel<\/strong> da cria\u00e7\u00e3o fotogr\u00e1fica aut\u00eantica.<\/p>\n<p><strong>Per\u00edodo opcional Atmosfera:<\/strong> Se desejares, refor\u00e7a a tua experi\u00eancia com vestu\u00e1rio hist\u00f3rico, embora o vestu\u00e1rio moderno seja igualmente bem-vindo; a participa\u00e7\u00e3o baseia-se <strong>conforto pessoal<\/strong>.<\/p>\n<p>&nbsp;<\/p>\n<p>Junta-te a esta experi\u00eancia de retrato do s\u00e9culo XIX em Sintra e cria o teu pr\u00f3prio ambr\u00f3tipo ou tint\u00f3tipo atrav\u00e9s do aut\u00eantico processo de col\u00f3dio em placa h\u00famida. Experimenta as m\u00e3os na massa<b> viagem cultural \u00e0s origens da fotografia <\/b>no Five Historic Photography Studio!<\/p>\n<p>&nbsp;<\/p>","protected":false},"excerpt":{"rendered":"<p>Step into the world of vintage photography at Five Historic Photography Studio in S\u00e3o Pedro de Sintra with this immersive historic 19th-century portrait experience. Discover how photography was practiced during Sintra\u2019s golden age through the authentic wet plate collodion process, and take home a unique ambrotype or tintype portrait created by the photographer. This 19th [&hellip;]<\/p>\n","protected":false},"featured_media":25348,"comment_status":"open","ping_status":"closed","template":"","meta":[],"product_brand":[],"product_cat":[62],"product_tag":[],"class_list":{"0":"post-25261","1":"product","2":"type-product","3":"status-publish","4":"has-post-thumbnail","6":"product_cat-listeo-booking","8":"first","9":"instock","10":"virtual","11":"sold-individually","12":"taxable","13":"purchasable","14":"product-type-listing_booking"},"_links":{"self":[{"href":"https:\/\/handson.pt\/pt\/wp-json\/wp\/v2\/product\/25261","targetHints":{"allow":["GET"]}}],"collection":[{"href":"https:\/\/handson.pt\/pt\/wp-json\/wp\/v2\/product"}],"about":[{"href":"https:\/\/handson.pt\/pt\/wp-json\/wp\/v2\/types\/product"}],"replies":[{"embeddable":true,"href":"https:\/\/handson.pt\/pt\/wp-json\/wp\/v2\/comments?post=25261"}],"wp:featuredmedia":[{"embeddable":true,"href":"https:\/\/handson.pt\/pt\/wp-json\/wp\/v2\/media\/25348"}],"wp:attachment":[{"href":"https:\/\/handson.pt\/pt\/wp-json\/wp\/v2\/media?parent=25261"}],"wp:term":[{"taxonomy":"product_brand","embeddable":true,"href":"https:\/\/handson.pt\/pt\/wp-json\/wp\/v2\/product_brand?post=25261"},{"taxonomy":"product_cat","embeddable":true,"href":"https:\/\/handson.pt\/pt\/wp-json\/wp\/v2\/product_cat?post=25261"},{"taxonomy":"product_tag","embeddable":true,"href":"https:\/\/handson.pt\/pt\/wp-json\/wp\/v2\/product_tag?post=25261"}],"curies":[{"name":"wp","href":"https:\/\/api.w.org\/{rel}","templated":true}]}}