{"id":25565,"date":"2026-01-08T12:07:45","date_gmt":"2026-01-08T12:07:45","guid":{"rendered":"https:\/\/handson.pt\/?post_type=product&#038;p=25565"},"modified":"2026-03-24T11:40:22","modified_gmt":"2026-03-24T11:40:22","slug":"explore-your-identity-mindful-mask-painting","status":"publish","type":"product","link":"https:\/\/handson.pt\/pt\/product\/explore-your-identity-mindful-mask-painting\/","title":{"rendered":"As M\u00e1scaras que Usamos: Uma experi\u00eancia criativa guiada"},"content":{"rendered":"<p>You move through the world in different roles, some chosen, some expected.<\/p>\n<p>This workshop invites you to explore that, quietly and creatively.<\/p>\n<p>This is not an art class. There is no right way to do it.<\/p>\n<p>Using mask-making as a medium, you\u2019ll be guided through a reflective creative process to explore:<\/p>\n<ul>\n<li>what you show<\/li>\n<li>what you hold back<\/li>\n<li>what feels true underneath<\/li>\n<\/ul>\n<p>No artistic experience is needed.<\/p>\n<p>The session is structured, calm, and non-performative. You are not required to share anything you don\u2019t want to.<\/p>\n<p><strong>What you may experience:<\/strong><\/p>\n<ul>\n<li>A different perspective on how you relate to yourself and others<\/li>\n<li>A moment of pause from overthinking<\/li>\n<li>A tangible expression of something usually hard to put into words<\/li>\n<\/ul>\n<p>Pintura de m\u00e1scaras consciente workshop para expatriados, migrantes e indiv\u00edduos com mobilidade global que exploram suavemente quest\u00f5es de identidade, perten\u00e7a e <b>auto-express\u00e3o atrav\u00e9s de um processo reflexivo baseado na arte<\/b>. Viver no estrangeiro convida-nos muitas vezes a adaptarmo-nos, a traduzirmo-nos e a remodelar quem somos de formas vis\u00edveis e invis\u00edveis, com partes da nossa identidade a sentirem-se tanto expandidas como fragmentadas entre culturas, l\u00ednguas e pap\u00e9is.<\/p>\n<p>Este workshop de explora\u00e7\u00e3o criativa da identidade utiliza a aten\u00e7\u00e3o plena guiada e a pintura simb\u00f3lica de m\u00e1scaras que representam o eu que mostramos ao mundo, o eu que transportamos em privado e o espa\u00e7o entre quem fomos, quem somos e quem nos estamos a tornar. N\u00e3o se trata de habilidade art\u00edstica ou desempenho, mas de <b>presen\u00e7a, curiosidade e deixar emergir o sentido<\/b> atrav\u00e9s da cor, da forma e da reflex\u00e3o num espa\u00e7o seguro e psicologicamente informado.<\/p>\n<h2>O que podes esperar deste workshop de explora\u00e7\u00e3o da identidade<\/h2>\n<p>Esta sess\u00e3o de arte consciente proporciona-te um processo criativo suave e guiado:<\/p>\n<p>\ud83c\udfa8 Introdu\u00e7\u00e3o \u00e0 aten\u00e7\u00e3o plena centrando a aten\u00e7\u00e3o e criando um estado de reflex\u00e3o<\/p>\n<p>Processo de pintura de m\u00e1scaras guiado, utilizando est\u00edmulos simb\u00f3licos que exploram as camadas de identidade<\/p>\n<p>Espa\u00e7o para reflex\u00e3o pessoal e partilha opcional, respeitando o conforto individual<\/p>\n<p>\ud83c\udfa8 Ambiente calmo, inclusivo e sem julgamentos, honrando o processo de cada participante<\/p>\n<p>M\u00e1scara pintada tang\u00edvel para levares para casa como recorda\u00e7\u00e3o da tua explora\u00e7\u00e3o<\/p>\n<p>\ud83c\udfa8 Facilita\u00e7\u00e3o psicologicamente informada, criando um espa\u00e7o seguro e respeitador<\/p>\n<h2>O que podes levar contigo<\/h2>\n<p>Esta identidade workshop oferece-te uma vis\u00e3o pessoal significativa:<\/p>\n<p>\ud83c\udfa8 Maior clareza em rela\u00e7\u00e3o ao teu sentido de identidade ao navegares em transi\u00e7\u00f5es culturais<\/p>\n<p>Liga\u00e7\u00e3o mais profunda \u00e0 tua paisagem interior atrav\u00e9s de contextos lingu\u00edsticos e culturais<\/p>\n<p>Artefacto simb\u00f3lico com significado pessoal que representa a tua viagem<\/p>\n<p>\ud83c\udfa8 Sentimento de aterramento e compaix\u00e3o por ti mesmo durante o processo de adapta\u00e7\u00e3o<\/p>\n<p>\ud83c\udfa8 Ferramentas de auto-entendimento criativo aplic\u00e1veis para al\u00e9m da experi\u00eancia workshop<\/p>\n<p>Permiss\u00e3o para honrar a complexidade da identidade multicultural sem julgamentos<\/p>\n<h2>Experi\u00eancia e processo do workshop<\/h2>\n<p>Esta sess\u00e3o de pintura de m\u00e1scaras com aten\u00e7\u00e3o segue uma estrutura gentilmente guiada:<\/p>\n<p><strong>Aterra com aten\u00e7\u00e3o plena:<\/strong> Come\u00e7a com uma pr\u00e1tica de centramento, criando um estado de reflex\u00e3o, abrandando as press\u00f5es di\u00e1rias e estabelecendo a consci\u00eancia do momento presente necess\u00e1ria para uma explora\u00e7\u00e3o criativa significativa.<\/p>\n<p><strong>Reflex\u00e3o sobre a tua identidade:<\/strong> Explora quest\u00f5es relacionadas com a vida entre culturas, l\u00ednguas e pap\u00e9is atrav\u00e9s de sugest\u00f5es guiadas que abordam a forma como nos adaptamos, nos traduzimos e navegamos em mudan\u00e7as de identidade vis\u00edveis e invis\u00edveis quando vivemos no estrangeiro.<\/p>\n<p><strong>Cria\u00e7\u00e3o de m\u00e1scaras simb\u00f3licas:<\/strong> Pinta a m\u00e1scara como representa\u00e7\u00e3o do eu em camadas, utilizando a cor, a forma e as imagens que surgem intuitivamente em vez de serem planeadas concetualmente, permitindo que o significado inconsciente venha \u00e0 superf\u00edcie atrav\u00e9s do processo criativo.<\/p>\n<p><strong>Explora\u00e7\u00e3o de m\u00faltiplos eus:<\/strong> Envolve-te com sugest\u00f5es simb\u00f3licas que abordam o eu mostrado ao mundo, o eu transportado em privado e o espa\u00e7o transformador entre quem foste, quem \u00e9s e quem te est\u00e1s a tornar.<\/p>\n<p><strong>Espa\u00e7o de reflex\u00e3o pessoal:<\/strong> Processa a tua explora\u00e7\u00e3o criativa atrav\u00e9s de uma reflex\u00e3o individual com a op\u00e7\u00e3o de partilhar ideias num contexto de grupo de apoio, sendo a partilha sempre opcional e o processo de cada participante honrado sem interpreta\u00e7\u00e3o.<\/p>\n<p><strong>Integra\u00e7\u00e3o de significados:<\/strong> Completa a sess\u00e3o com uma pr\u00e1tica de aterramento, integrando as percep\u00e7\u00f5es surgidas atrav\u00e9s do processo criativo, levando para casa uma m\u00e1scara pintada tang\u00edvel que serve como lembran\u00e7a da explora\u00e7\u00e3o e da auto-compaix\u00e3o desenvolvida.<\/p>\n<p><span style=\"text-decoration: underline\">Tem em aten\u00e7\u00e3o que a localiza\u00e7\u00e3o em Lisboa varia consoante a data e \u00e9 poss\u00edvel reservar este evento como um evento privado para o teu grupo e pode ser realizado na tua organiza\u00e7\u00e3o.<\/span><\/p>\n<h2>A quem se destina este workshop<\/h2>\n<p>Esta sess\u00e3o de explora\u00e7\u00e3o da identidade d\u00e1-te as boas-vindas:<\/p>\n<p>\ud83c\udfa8 Expatriados e residentes internacionais a viver em Lisboa, navegando na adapta\u00e7\u00e3o cultural<\/p>\n<p>\ud83c\udfa8 Pessoas que est\u00e3o a passar por mudan\u00e7as de identidade, transi\u00e7\u00f5es ou quest\u00f5es de perten\u00e7a<\/p>\n<p>Aqueles que procuram a autorreflex\u00e3o atrav\u00e9s da express\u00e3o criativa em vez do processamento verbal<\/p>\n<p>\ud83c\udfa8 Qualquer pessoa curiosa sobre a arte consciente como ferramenta de auto-entendimento<\/p>\n<p>\ud83c\udfa8 Indiv\u00edduos globalmente m\u00f3veis que processam a complexidade da identidade multicultural<\/p>\n<p>N\u00e3o \u00e9 necess\u00e1ria experi\u00eancia art\u00edstica pr\u00e9via, concentra-te no processo e n\u00e3o no produto<\/p>\n<h2>Porqu\u00ea escolher este workshop de pintura de m\u00e1scaras com aten\u00e7\u00e3o plena<\/h2>\n<p><strong>Centra-te na experi\u00eancia do expatriado:<\/strong> Explicitamente concebido para indiv\u00edduos com mobilidade internacional que navegam em quest\u00f5es de identidade espec\u00edficas da vida entre culturas, l\u00ednguas e pap\u00e9is, abordando a fragmenta\u00e7\u00e3o e a expans\u00e3o sentidas quando se adaptam a novos contextos culturais.<\/p>\n<p><strong>Facilita\u00e7\u00e3o Psicologicamente Informada:<\/strong> Suavemente orientado pelo facilitador, cria um espa\u00e7o seguro e respeitoso para a explora\u00e7\u00e3o sem interpreta\u00e7\u00e3o ou an\u00e1lise, honrando o processo de cada participante e permitindo que o significado surja organicamente atrav\u00e9s do envolvimento criativo.<\/p>\n<p><strong>Processo criativo simb\u00f3lico:<\/strong> Utiliza a pintura de m\u00e1scaras como met\u00e1fora para as camadas de identidade, em vez de te concentrares na capacidade art\u00edstica, acedendo \u00e0 compreens\u00e3o de si pr\u00f3prio atrav\u00e9s da cor, da forma e das imagens, ultrapassando as limita\u00e7\u00f5es do processamento verbal.<\/p>\n<p><strong>M\u00faltiplas camadas de identidade:<\/strong> Explora a complexidade dos \"eus\" que habitamos (p\u00fablico, privado, transformador) atrav\u00e9s de est\u00edmulos simb\u00f3licos que abordam quem mostramos ao mundo, quem transportamos em privado e o espa\u00e7o de transi\u00e7\u00e3o do devir.<\/p>\n<p><strong>Cultura de partilha opcional:<\/strong> A partilha \u00e9 sempre opcional, respeitando os n\u00edveis de conforto individuais, criando um ambiente inclusivo e sem ju\u00edzos de valor, onde os participantes se sentem seguros para explorar quest\u00f5es de identidade vulner\u00e1veis sem press\u00e3o de desempenho.<\/p>\n<p><strong>Aterra atrav\u00e9s da criatividade:<\/strong> Experimenta a autocompaix\u00e3o e a clareza que emergem do processo criativo consciente, desenvolvendo artefactos tang\u00edveis com significado pessoal que servem como lembrete cont\u00ednuo de insights e auto-aceita\u00e7\u00e3o.<\/p>\n<p><strong>Acess\u00edvel a todos:<\/strong> N\u00e3o \u00e9 necess\u00e1ria experi\u00eancia art\u00edstica e os materiais s\u00e3o fornecidos, removendo barreiras e enfatizando a presen\u00e7a, a curiosidade e permitindo que o significado surja naturalmente, em vez de exigir compet\u00eancias t\u00e9cnicas ou confian\u00e7a criativa.<\/p>\n<p><strong>Integra\u00e7\u00e3o tang\u00edvel:<\/strong> Leva para casa uma m\u00e1scara pintada como objeto simb\u00f3lico que ancora as percep\u00e7\u00f5es da explora\u00e7\u00e3o, fornecendo um ponto de contacto cont\u00ednuo para o enraizamento e a compreens\u00e3o de si pr\u00f3prio para al\u00e9m das duas horas de experi\u00eancia workshop.<\/p>\n<p>&nbsp;<\/p>\n<p>Junta-te a este workshop de pintura de m\u00e1scaras e <b>explora a tua identidade atrav\u00e9s da reflex\u00e3o criativa<\/b>. Navega por quest\u00f5es de perten\u00e7a, adapta\u00e7\u00e3o e auto-express\u00e3o num espa\u00e7o de apoio seguro concebido para expatriados e indiv\u00edduos com mobilidade global em Lisboa!<\/p>\n<p>&nbsp;<\/p>\n<p><strong>Important details:<\/strong><\/p>\n<ul>\n<li><strong>Minimum 4 participants required to host the workshop<\/strong><\/li>\n<li><strong>Location in central Lisbon will be shared after booking<\/strong><\/li>\n<li><strong>Registrations closes 48h before the workshop start date<\/strong><\/li>\n<\/ul>","protected":false},"excerpt":{"rendered":"<p>You move through the world in different roles, some chosen, some expected. This workshop invites you to explore that, quietly and creatively. This is not an art class. There is no right way to do it. Using mask-making as a medium, you\u2019ll be guided through a reflective creative process to explore: what you show what [&hellip;]<\/p>\n","protected":false},"featured_media":25568,"comment_status":"open","ping_status":"closed","template":"","meta":[],"product_brand":[],"product_cat":[62],"product_tag":[],"class_list":{"0":"post-25565","1":"product","2":"type-product","3":"status-publish","4":"has-post-thumbnail","6":"product_cat-listeo-booking","8":"first","9":"instock","10":"virtual","11":"sold-individually","12":"purchasable","13":"product-type-listing_booking"},"_links":{"self":[{"href":"https:\/\/handson.pt\/pt\/wp-json\/wp\/v2\/product\/25565","targetHints":{"allow":["GET"]}}],"collection":[{"href":"https:\/\/handson.pt\/pt\/wp-json\/wp\/v2\/product"}],"about":[{"href":"https:\/\/handson.pt\/pt\/wp-json\/wp\/v2\/types\/product"}],"replies":[{"embeddable":true,"href":"https:\/\/handson.pt\/pt\/wp-json\/wp\/v2\/comments?post=25565"}],"wp:featuredmedia":[{"embeddable":true,"href":"https:\/\/handson.pt\/pt\/wp-json\/wp\/v2\/media\/25568"}],"wp:attachment":[{"href":"https:\/\/handson.pt\/pt\/wp-json\/wp\/v2\/media?parent=25565"}],"wp:term":[{"taxonomy":"product_brand","embeddable":true,"href":"https:\/\/handson.pt\/pt\/wp-json\/wp\/v2\/product_brand?post=25565"},{"taxonomy":"product_cat","embeddable":true,"href":"https:\/\/handson.pt\/pt\/wp-json\/wp\/v2\/product_cat?post=25565"},{"taxonomy":"product_tag","embeddable":true,"href":"https:\/\/handson.pt\/pt\/wp-json\/wp\/v2\/product_tag?post=25565"}],"curies":[{"name":"wp","href":"https:\/\/api.w.org\/{rel}","templated":true}]}}