{"id":25942,"date":"2026-01-12T19:40:43","date_gmt":"2026-01-12T19:40:43","guid":{"rendered":"https:\/\/handson.pt\/pt\/produto\/como-criares-um-padrao-em-aquarela\/"},"modified":"2026-01-12T19:40:43","modified_gmt":"2026-01-12T19:40:43","slug":"como-criares-um-padrao-em-aquarela","status":"publish","type":"product","link":"https:\/\/handson.pt\/pt\/product\/como-criares-um-padrao-em-aquarela\/","title":{"rendered":"Como criares um padr\u00e3o em aquarela"},"content":{"rendered":"<p>Neste workshop imersivo vais descobrir como transformar manchas, gestos e imperfei\u00e7\u00f5es da aquarela em padr\u00f5es cheios de personalidade. Ao longo do dia, vais explorar t\u00e9cnicas de pintura, constru\u00e7\u00e3o de motivos, repeti\u00e7\u00e3o e ritmo, num processo pr\u00e1tico e intuitivo que estimula a criatividade e o olhar visual. \u00c9 um espa\u00e7o para experimentar, errar sem medo e sair com bases s\u00f3lidas para criares os teus pr\u00f3prios padr\u00f5es, seja para ilustra\u00e7\u00e3o, t\u00eaxtil ou projetos pessoais. Um dia inteiro dedicado \u00e0 cor, ao tempo lento e ao prazer de criar.<\/p>","protected":false},"excerpt":{"rendered":"<p>Neste workshop imersivo vais descobrir como transformar manchas, gestos e imperfei\u00e7\u00f5es da aquarela em padr\u00f5es cheios de personalidade. Ao longo do dia, vais explorar t\u00e9cnicas de pintura, constru\u00e7\u00e3o de motivos, repeti\u00e7\u00e3o e ritmo, num processo pr\u00e1tico e intuitivo que estimula a criatividade e o olhar visual. \u00c9 um espa\u00e7o para experimentar, errar sem medo e [&hellip;]<\/p>\n","protected":false},"featured_media":0,"comment_status":"open","ping_status":"closed","template":"","meta":[],"product_brand":[],"product_cat":[62],"product_tag":[],"class_list":{"0":"post-25942","1":"product","2":"type-product","3":"status-publish","5":"product_cat-listeo-booking","7":"first","8":"instock","9":"virtual","10":"sold-individually","11":"taxable","12":"purchasable","13":"product-type-listing_booking"},"_links":{"self":[{"href":"https:\/\/handson.pt\/pt\/wp-json\/wp\/v2\/product\/25942","targetHints":{"allow":["GET"]}}],"collection":[{"href":"https:\/\/handson.pt\/pt\/wp-json\/wp\/v2\/product"}],"about":[{"href":"https:\/\/handson.pt\/pt\/wp-json\/wp\/v2\/types\/product"}],"replies":[{"embeddable":true,"href":"https:\/\/handson.pt\/pt\/wp-json\/wp\/v2\/comments?post=25942"}],"wp:attachment":[{"href":"https:\/\/handson.pt\/pt\/wp-json\/wp\/v2\/media?parent=25942"}],"wp:term":[{"taxonomy":"product_brand","embeddable":true,"href":"https:\/\/handson.pt\/pt\/wp-json\/wp\/v2\/product_brand?post=25942"},{"taxonomy":"product_cat","embeddable":true,"href":"https:\/\/handson.pt\/pt\/wp-json\/wp\/v2\/product_cat?post=25942"},{"taxonomy":"product_tag","embeddable":true,"href":"https:\/\/handson.pt\/pt\/wp-json\/wp\/v2\/product_tag?post=25942"}],"curies":[{"name":"wp","href":"https:\/\/api.w.org\/{rel}","templated":true}]}}