{"id":27822,"date":"2026-01-28T14:04:43","date_gmt":"2026-01-28T14:04:43","guid":{"rendered":"https:\/\/handson.pt\/product\/gift-card-portuguese-pestiscos-cooking-class-with-market-visit-x2\/"},"modified":"2026-01-28T14:04:43","modified_gmt":"2026-01-28T14:04:43","slug":"gift-card-portuguese-pestiscos-cooking-class-with-market-visit-x2","status":"publish","type":"product","link":"https:\/\/handson.pt\/pt\/product\/gift-card-portuguese-pestiscos-cooking-class-with-market-visit-x2\/","title":{"rendered":"Cart\u00e3o Presente - Aula de Culin\u00e1ria de Pestiscos Portugueses com Visita ao Mercado (\u00d72)"},"content":{"rendered":"","protected":false},"excerpt":{"rendered":"","protected":false},"featured_media":0,"comment_status":"open","ping_status":"closed","template":"","meta":[],"product_brand":[],"product_cat":[15],"product_tag":[],"class_list":{"0":"post-27822","1":"product","2":"type-product","3":"status-publish","5":"product_cat-uncategorized","7":"first","8":"instock","9":"virtual","10":"taxable","11":"purchasable","12":"product-type-simple"},"_links":{"self":[{"href":"https:\/\/handson.pt\/pt\/wp-json\/wp\/v2\/product\/27822","targetHints":{"allow":["GET"]}}],"collection":[{"href":"https:\/\/handson.pt\/pt\/wp-json\/wp\/v2\/product"}],"about":[{"href":"https:\/\/handson.pt\/pt\/wp-json\/wp\/v2\/types\/product"}],"replies":[{"embeddable":true,"href":"https:\/\/handson.pt\/pt\/wp-json\/wp\/v2\/comments?post=27822"}],"wp:attachment":[{"href":"https:\/\/handson.pt\/pt\/wp-json\/wp\/v2\/media?parent=27822"}],"wp:term":[{"taxonomy":"product_brand","embeddable":true,"href":"https:\/\/handson.pt\/pt\/wp-json\/wp\/v2\/product_brand?post=27822"},{"taxonomy":"product_cat","embeddable":true,"href":"https:\/\/handson.pt\/pt\/wp-json\/wp\/v2\/product_cat?post=27822"},{"taxonomy":"product_tag","embeddable":true,"href":"https:\/\/handson.pt\/pt\/wp-json\/wp\/v2\/product_tag?post=27822"}],"curies":[{"name":"wp","href":"https:\/\/api.w.org\/{rel}","templated":true}]}}