{"id":28383,"date":"2026-02-04T16:58:57","date_gmt":"2026-02-04T16:58:57","guid":{"rendered":"https:\/\/handson.pt\/product\/gift-card-test-listing-2-customers-not-allowedtest-by-sudhanshu-tes-with-1onnly-x2-4\/"},"modified":"2026-02-04T16:58:57","modified_gmt":"2026-02-04T16:58:57","slug":"gift-card-test-listing-2-customers-not-allowedtest-by-sudhanshu-tes-with-1onnly-x2-4","status":"publish","type":"product","link":"https:\/\/handson.pt\/pt\/product\/gift-card-test-listing-2-customers-not-allowedtest-by-sudhanshu-tes-with-1onnly-x2-4\/","title":{"rendered":"Cart\u00e3o de oferta - Listagem de testes 2 (N\u00e3o s\u00e3o permitidos clientes) teste por sudhanshu tes com 1onnly (\u00d72)"},"content":{"rendered":"","protected":false},"excerpt":{"rendered":"","protected":false},"featured_media":0,"comment_status":"open","ping_status":"closed","template":"","meta":[],"product_brand":[],"product_cat":[15],"product_tag":[],"class_list":{"0":"post-28383","1":"product","2":"type-product","3":"status-publish","5":"product_cat-uncategorized","7":"first","8":"instock","9":"virtual","10":"taxable","11":"purchasable","12":"product-type-simple"},"_links":{"self":[{"href":"https:\/\/handson.pt\/pt\/wp-json\/wp\/v2\/product\/28383","targetHints":{"allow":["GET"]}}],"collection":[{"href":"https:\/\/handson.pt\/pt\/wp-json\/wp\/v2\/product"}],"about":[{"href":"https:\/\/handson.pt\/pt\/wp-json\/wp\/v2\/types\/product"}],"replies":[{"embeddable":true,"href":"https:\/\/handson.pt\/pt\/wp-json\/wp\/v2\/comments?post=28383"}],"wp:attachment":[{"href":"https:\/\/handson.pt\/pt\/wp-json\/wp\/v2\/media?parent=28383"}],"wp:term":[{"taxonomy":"product_brand","embeddable":true,"href":"https:\/\/handson.pt\/pt\/wp-json\/wp\/v2\/product_brand?post=28383"},{"taxonomy":"product_cat","embeddable":true,"href":"https:\/\/handson.pt\/pt\/wp-json\/wp\/v2\/product_cat?post=28383"},{"taxonomy":"product_tag","embeddable":true,"href":"https:\/\/handson.pt\/pt\/wp-json\/wp\/v2\/product_tag?post=28383"}],"curies":[{"name":"wp","href":"https:\/\/api.w.org\/{rel}","templated":true}]}}