{"id":33263,"date":"2026-04-04T14:51:14","date_gmt":"2026-04-04T13:51:14","guid":{"rendered":"https:\/\/handson.pt\/pt\/product\/gift-card-sushi-making-workshop-in-lisbon-2-5h-class-meal-chef-jaime-de-carvalho\/"},"modified":"2026-04-04T14:51:14","modified_gmt":"2026-04-04T13:51:14","slug":"gift-card-sushi-making-workshop-in-lisbon-2-5h-class-meal-chef-jaime-de-carvalho","status":"publish","type":"product","link":"https:\/\/handson.pt\/pt\/product\/gift-card-sushi-making-workshop-in-lisbon-2-5h-class-meal-chef-jaime-de-carvalho\/","title":{"rendered":"Cart\u00e3o Presente - Workshop de confe\u00e7\u00e3o de Sushi em Lisboa | 2,5h Aula + Refei\u00e7\u00e3o | Chef Jaime de Carvalho"},"content":{"rendered":"","protected":false},"excerpt":{"rendered":"","protected":false},"featured_media":0,"comment_status":"open","ping_status":"closed","template":"","meta":[],"product_brand":[],"product_cat":[15],"product_tag":[],"class_list":{"0":"post-33263","1":"product","2":"type-product","3":"status-publish","5":"product_cat-uncategorized","7":"first","8":"instock","9":"virtual","10":"taxable","11":"purchasable","12":"product-type-simple"},"_links":{"self":[{"href":"https:\/\/handson.pt\/pt\/wp-json\/wp\/v2\/product\/33263","targetHints":{"allow":["GET"]}}],"collection":[{"href":"https:\/\/handson.pt\/pt\/wp-json\/wp\/v2\/product"}],"about":[{"href":"https:\/\/handson.pt\/pt\/wp-json\/wp\/v2\/types\/product"}],"replies":[{"embeddable":true,"href":"https:\/\/handson.pt\/pt\/wp-json\/wp\/v2\/comments?post=33263"}],"wp:attachment":[{"href":"https:\/\/handson.pt\/pt\/wp-json\/wp\/v2\/media?parent=33263"}],"wp:term":[{"taxonomy":"product_brand","embeddable":true,"href":"https:\/\/handson.pt\/pt\/wp-json\/wp\/v2\/product_brand?post=33263"},{"taxonomy":"product_cat","embeddable":true,"href":"https:\/\/handson.pt\/pt\/wp-json\/wp\/v2\/product_cat?post=33263"},{"taxonomy":"product_tag","embeddable":true,"href":"https:\/\/handson.pt\/pt\/wp-json\/wp\/v2\/product_tag?post=33263"}],"curies":[{"name":"wp","href":"https:\/\/api.w.org\/{rel}","templated":true}]}}