{"id":8703,"date":"2024-09-10T13:17:37","date_gmt":"2024-09-10T12:17:37","guid":{"rendered":"https:\/\/handson.pt\/product\/create-your-terrarium-workshop\/"},"modified":"2025-07-23T15:38:33","modified_gmt":"2025-07-23T14:38:33","slug":"oficina-de-criacao-do-teu-terrario-2","status":"publish","type":"product","link":"https:\/\/handson.pt\/pt\/product\/create-your-terrarium-workshop\/","title":{"rendered":"Cria o teu terr\u00e1rio"},"content":{"rendered":"<h4>Junta-te a n\u00f3s para um workshop divertido e pr\u00e1tico onde vais aprender a arte de fazer terr\u00e1rios! \ud83e\udeb4<\/h4>\n<p>Bem-vindo a uma aventura verde e criativa onde vais criar o teu terr\u00e1rio!<\/p>\n<p>Perfeito para principiantes e amantes de plantas experientes, este workshop ir\u00e1 guiar-te em todos os passos para criares o teu pr\u00f3prio mini ecossistema.<\/p>\n<h4>Porqu\u00ea juntares-te a n\u00f3s?<\/h4>\n<p>Vais explorar materiais e t\u00e9cnicas para descobrir o essencial da constru\u00e7\u00e3o de terr\u00e1rios, incluindo os melhores materiais a utilizar e as t\u00e9cnicas para montares o teu pr\u00f3prio mini para\u00edso verde.<br \/>\nAprende o processo de sele\u00e7\u00e3o e cuidado das plantas, escolhendo e organizando plantas a\u00e9reas e suculentas e obt\u00e9m dicas sobre como manter e cuidar do teu terr\u00e1rio para que ele prospere.<br \/>\nNo final do workshop, sair\u00e1s com o teu pr\u00f3prio terr\u00e1rio, pronto a iluminar o teu espa\u00e7o.<\/p>\n<h4>O que inclui:<\/h4>\n<p>\ud83e\udeb4 Todos os materiais est\u00e3o inclu\u00eddos no workshop para criares o teu terr\u00e1rio, e a Joana Dias, da Recriate, estar\u00e1 presente para te guiar ao longo do processo com as suas dicas de especialista e ideias criativas.<\/p>","protected":false},"excerpt":{"rendered":"<p>Join us for a fun and hands-on workshop where you\u2019ll learn the art of terrarium making! \ud83e\udeb4 Welcome to a green and creative adventure where you will create your terrarium! Perfect for beginners and seasoned plant lovers alike, this workshop will guide you through every step of creating your own beautiful mini ecosystem. Why join? [&hellip;]<\/p>\n","protected":false},"featured_media":0,"comment_status":"open","ping_status":"closed","template":"","meta":[],"product_brand":[],"product_cat":[62],"product_tag":[201],"class_list":{"0":"post-8703","1":"product","2":"type-product","3":"status-publish","5":"product_cat-listeo-booking","6":"product_tag-novat","8":"first","9":"instock","10":"virtual","11":"sold-individually","12":"purchasable","13":"product-type-listing_booking"},"_links":{"self":[{"href":"https:\/\/handson.pt\/pt\/wp-json\/wp\/v2\/product\/8703","targetHints":{"allow":["GET"]}}],"collection":[{"href":"https:\/\/handson.pt\/pt\/wp-json\/wp\/v2\/product"}],"about":[{"href":"https:\/\/handson.pt\/pt\/wp-json\/wp\/v2\/types\/product"}],"replies":[{"embeddable":true,"href":"https:\/\/handson.pt\/pt\/wp-json\/wp\/v2\/comments?post=8703"}],"wp:attachment":[{"href":"https:\/\/handson.pt\/pt\/wp-json\/wp\/v2\/media?parent=8703"}],"wp:term":[{"taxonomy":"product_brand","embeddable":true,"href":"https:\/\/handson.pt\/pt\/wp-json\/wp\/v2\/product_brand?post=8703"},{"taxonomy":"product_cat","embeddable":true,"href":"https:\/\/handson.pt\/pt\/wp-json\/wp\/v2\/product_cat?post=8703"},{"taxonomy":"product_tag","embeddable":true,"href":"https:\/\/handson.pt\/pt\/wp-json\/wp\/v2\/product_tag?post=8703"}],"curies":[{"name":"wp","href":"https:\/\/api.w.org\/{rel}","templated":true}]}}