{"id":8753,"date":"2024-09-11T16:55:08","date_gmt":"2024-09-11T15:55:08","guid":{"rendered":"https:\/\/handson.pt\/product\/ecological-detergent-workshop\/"},"modified":"2025-10-07T14:55:43","modified_gmt":"2025-10-07T13:55:43","slug":"workshop-detergente-ecologico","status":"publish","type":"product","link":"https:\/\/handson.pt\/pt\/product\/ecological-detergent-workshop\/","title":{"rendered":"Workshop de Detergente Ecol\u00f3gico"},"content":{"rendered":"<h4>No Detergente Ecol\u00f3gico workshop vamos fazer detergentes diversos, com ingredientes simples, naturais e que podem facilmente ir para algo simples e rent\u00e1vel para a pr\u00e1tica, sempre com o foco na nossa sa\u00fade e no planeta \ud83e\uddf4<\/h4>\n<p>Vamos falar de todos os ingredientes e de como podemos adicionar cheiros naturais aos nossos detergentes.<\/p>\n<p><span style=\"color: #000000\"><strong>Programa:<\/strong><\/span><\/p>\n<ul>\n<li>Detergente l\u00edquido para a roupa<\/li>\n<li>Detergente para a roupa em p\u00f3<\/li>\n<li>Multiusos (superf\u00edcies e pavimentos)<\/li>\n<li>Liquido limpeza de \u00f3culos<\/li>\n<li>Pads desinfectantes para Wc<\/li>\n<li>Detergente para m\u00e1quina de lavar loi\u00e7a<\/li>\n<\/ul>\n<p>&nbsp;<\/p>\n<h4>Porqu\u00ea juntares-te a n\u00f3s?<\/h4>\n<p>Se queres melhorar a tua sa\u00fade e a da tua casa, adquirir novos h\u00e1bitos de limpeza, este workshop vai ajudar-te a fazer os teus pr\u00f3prios detergentes e a criar uma casa mais natural.<\/p>\n<p>&nbsp;<\/p>\n<h4>O que inclui:<\/h4>\n<p>\ud83e\uddf4 Inclui um manual com todas as informa\u00e7\u00f5es e receitas.<\/p>","protected":false},"excerpt":{"rendered":"<p>In the Ecological Detergent workshop we will make diverse detergents, with simple, natural ingredients that can easily go for something simple and profitable for practice, always with the focus on our health and on the planet \ud83e\uddf4 Let&#8217;s talk of all ingredients and how we can add natural smells to our detergents Program: Net Clothes [&hellip;]<\/p>\n","protected":false},"featured_media":9210,"comment_status":"open","ping_status":"closed","template":"","meta":[],"product_brand":[],"product_cat":[62],"product_tag":[],"class_list":{"0":"post-8753","1":"product","2":"type-product","3":"status-publish","4":"has-post-thumbnail","6":"product_cat-listeo-booking","8":"first","9":"instock","10":"virtual","11":"sold-individually","12":"taxable","13":"purchasable","14":"product-type-listing_booking"},"_links":{"self":[{"href":"https:\/\/handson.pt\/pt\/wp-json\/wp\/v2\/product\/8753","targetHints":{"allow":["GET"]}}],"collection":[{"href":"https:\/\/handson.pt\/pt\/wp-json\/wp\/v2\/product"}],"about":[{"href":"https:\/\/handson.pt\/pt\/wp-json\/wp\/v2\/types\/product"}],"replies":[{"embeddable":true,"href":"https:\/\/handson.pt\/pt\/wp-json\/wp\/v2\/comments?post=8753"}],"wp:featuredmedia":[{"embeddable":true,"href":"https:\/\/handson.pt\/pt\/wp-json\/wp\/v2\/media\/9210"}],"wp:attachment":[{"href":"https:\/\/handson.pt\/pt\/wp-json\/wp\/v2\/media?parent=8753"}],"wp:term":[{"taxonomy":"product_brand","embeddable":true,"href":"https:\/\/handson.pt\/pt\/wp-json\/wp\/v2\/product_brand?post=8753"},{"taxonomy":"product_cat","embeddable":true,"href":"https:\/\/handson.pt\/pt\/wp-json\/wp\/v2\/product_cat?post=8753"},{"taxonomy":"product_tag","embeddable":true,"href":"https:\/\/handson.pt\/pt\/wp-json\/wp\/v2\/product_tag?post=8753"}],"curies":[{"name":"wp","href":"https:\/\/api.w.org\/{rel}","templated":true}]}}