{"id":8789,"date":"2024-09-12T17:31:03","date_gmt":"2024-09-12T16:31:03","guid":{"rendered":"https:\/\/handson.pt\/product\/natural-pigments-shibori-tie-dye-workshop\/"},"modified":"2026-01-05T17:35:43","modified_gmt":"2026-01-05T17:35:43","slug":"natural-pigments-shibori-tie-dye-workshop","status":"publish","type":"product","link":"https:\/\/handson.pt\/pt\/product\/natural-pigments-shibori-tie-dye-workshop\/","title":{"rendered":"Workshop de pigmentos naturais Shibori e Tie-Dye"},"content":{"rendered":"<h4>Revive os tecidos: Descobre a Arte do Shibori e as T\u00e9cnicas de Tingimento Natural! \ud83c\udfa8<\/h4>\n<p>Neste workshop, vamos explorar as t\u00e9cnicas de torcer, pressionar e apertar que imprimem padr\u00f5es hipnotizantes no tecido. O Shibori \u00e9 uma arte origin\u00e1ria do Jap\u00e3o, que se difundiu quando as classes sociais menos privilegiadas quiseram embelezar pe\u00e7as de vestu\u00e1rio feitas de c\u00e2nhamo, uma vez que n\u00e3o lhes era permitido usar seda e o algod\u00e3o era um tecido pouco acess\u00edvel \u00e0s massas, na altura. Tingiremos as roupas\/tecidos com pigmentos naturais, pelo que os participantes ser\u00e3o brevemente introduzidos no m\u00e9todo de tingimento com subst\u00e2ncias naturais, para que possam ser 100% bem sucedidos nas suas pr\u00f3prias cria\u00e7\u00f5es. A criatividade e a curiosidade ser\u00e3o estimuladas nesta atividade - prepara-te para produzir padr\u00f5es fascinantes e para levar para casa pe\u00e7as de vestu\u00e1rio\/tecidos maravilhosamente transformados.<\/p>\n<p>O shibori d\u00e1 vida a qualquer pe\u00e7a de vestu\u00e1rio e as possibilidades s\u00e3o infinitas!<\/p>\n<p><span style=\"color: #000000\"><strong>O que vai acontecer neste workshop:<\/strong><\/span><\/p>\n<p>Breve hist\u00f3ria das t\u00e9cnicas Shibori e Tie-Dye<br \/>\nM\u00e9todos de torcer, apertar e pressionar<br \/>\nDecapagem e miscigena\u00e7\u00e3o<br \/>\nRegras de cozedura dos pigmentos<br \/>\nPigmentos naturais<br \/>\nFixa\u00e7\u00e3o da cor<\/p>\n<h4>Porqu\u00ea juntares-te?<\/h4>\n<p>Participar neste Shibori workshop oferece uma oportunidade \u00fanica de aprender uma antiga forma de arte japonesa que transforma tecidos comuns em belas cria\u00e7\u00f5es tingidas \u00e0 m\u00e3o, utilizando pigmentos naturais. Explorar\u00e1s as t\u00e9cnicas de torcer, apertar e pressionar para criar padr\u00f5es hipnotizantes, enquanto aprendes uma breve hist\u00f3ria do Shibori e do tie-dye. Al\u00e9m disso, o workshop abrange m\u00e9todos essenciais como a lavagem, a mordedura e as regras de cozedura de pigmentos para garantir cores vibrantes e duradouras. \u00c9 uma oportunidade para despertar a tua criatividade, reavivar pe\u00e7as de vestu\u00e1rio antigas e sair com pe\u00e7as personalizadas e tingidas naturalmente. Quer sejas curioso ou apaixonado pelas artes dos tecidos, este workshop promete uma experi\u00eancia inspiradora e pr\u00e1tica.<\/p>\n<h4>O que inclui:<\/h4>\n<p>Todos os materiais de pintura<br \/>\nPe\u00e7as personalizadas tingidas naturalmente<\/p>\n<p>Nota: para maiores de 14 anos.<\/p>\n<p>Professora\/ Sabina Batista - As artes e of\u00edcios t\u00eam estado extremamente presentes ao longo de toda a vida de my, e costurar, desenhar, fazer j\u00f3ias e cosm\u00e9ticos naturais s\u00e3o alguns dos hobbies favoritos de my at\u00e9 hoje. Sou licenciada em Sociologia, mestre em Estudos do Desenvolvimento, com especializa\u00e7\u00e3o em Desenvolvimento Sustent\u00e1vel, e costureira certificada pelo Modatex em Lisboa. Um dos objectivos pessoais e profissionais de my \u00e9 associar o amor pela natureza e pelas artes tradicionais \u00e0 cria\u00e7\u00e3o de slow fashion, \u00e0 transforma\u00e7\u00e3o sustent\u00e1vel de tecidos e pe\u00e7as de vestu\u00e1rio, e partilhar conhecimentos no universo da costura que possam inspirar a cria\u00e7\u00e3o de formas ecol\u00f3gicas de ver e consumir moda.<\/p>","protected":false},"excerpt":{"rendered":"<p>Reviving Fabrics: Discover the Art of Shibori and Natural Dyeing Techniques! \ud83c\udfa8 In this workshop, we will explore wringing, pressing and squeezing techniques that print mesmerizing patterns on fabric. Shibori is an art originated in Japan, and became somewhat widespread when less privileged social classes wanted to embelish garments made of hemp, since they were [&hellip;]<\/p>\n","protected":false},"featured_media":0,"comment_status":"open","ping_status":"closed","template":"","meta":[],"product_brand":[],"product_cat":[62],"product_tag":[],"class_list":{"0":"post-8789","1":"product","2":"type-product","3":"status-publish","5":"product_cat-listeo-booking","7":"first","8":"instock","9":"virtual","10":"sold-individually","11":"taxable","12":"purchasable","13":"product-type-listing_booking"},"_links":{"self":[{"href":"https:\/\/handson.pt\/pt\/wp-json\/wp\/v2\/product\/8789","targetHints":{"allow":["GET"]}}],"collection":[{"href":"https:\/\/handson.pt\/pt\/wp-json\/wp\/v2\/product"}],"about":[{"href":"https:\/\/handson.pt\/pt\/wp-json\/wp\/v2\/types\/product"}],"replies":[{"embeddable":true,"href":"https:\/\/handson.pt\/pt\/wp-json\/wp\/v2\/comments?post=8789"}],"wp:attachment":[{"href":"https:\/\/handson.pt\/pt\/wp-json\/wp\/v2\/media?parent=8789"}],"wp:term":[{"taxonomy":"product_brand","embeddable":true,"href":"https:\/\/handson.pt\/pt\/wp-json\/wp\/v2\/product_brand?post=8789"},{"taxonomy":"product_cat","embeddable":true,"href":"https:\/\/handson.pt\/pt\/wp-json\/wp\/v2\/product_cat?post=8789"},{"taxonomy":"product_tag","embeddable":true,"href":"https:\/\/handson.pt\/pt\/wp-json\/wp\/v2\/product_tag?post=8789"}],"curies":[{"name":"wp","href":"https:\/\/api.w.org\/{rel}","templated":true}]}}