{"id":8853,"date":"2024-09-17T16:22:14","date_gmt":"2024-09-17T15:22:14","guid":{"rendered":"https:\/\/handson.pt\/pt\/produto\/magic-at-academia-de-ilusionismo-de-sintra\/"},"modified":"2026-03-25T16:59:08","modified_gmt":"2026-03-25T16:59:08","slug":"magia-na-academia-de-ilusionismo-de-sintra","status":"publish","type":"product","link":"https:\/\/handson.pt\/pt\/product\/magic-at-academia-de-ilusionismo-de-sintra\/","title":{"rendered":"Introdu\u00e7\u00e3o \u00e0 magia"},"content":{"rendered":"<h4>Vem descobrir os segredos da Magia com a fam\u00edlia ou amigos com esta introdu\u00e7\u00e3o \u00e0 magia workshop na Academia de Ilusionismo de Sintra \ud83e\ude84<\/h4>\n<p>Aprende os segredos de v\u00e1rias ilus\u00f5es, utilizando cartas, moedas, cordas, objectos do quotidiano e muito mais! Partilha momentos de alegria e surpresa que ser\u00e3o recordados por todos.<\/p>\n<p><span style=\"color: #000000\"><strong>O que podes esperar do Workshop?<\/strong><\/span><\/p>\n<p><span style=\"color: #000000\"><strong>La\u00e7os mais fortes atrav\u00e9s da colabora\u00e7\u00e3o<\/strong><\/span><br \/>\nTrabalha em equipa para criares momentos surpreendentes de Magia! Este workshop foi concebido para promover a coopera\u00e7\u00e3o e a comunica\u00e7\u00e3o entre todos, criando uma liga\u00e7\u00e3o especial atrav\u00e9s da Magia!<\/p>\n<p><span style=\"color: #000000\"><strong>Uma experi\u00eancia educativa e divertida<\/strong><\/span><br \/>\nN\u00e3o se trata apenas de aprender truques - promovemos uma abordagem educativa e envolvente, estimulando a criatividade e o pensamento cr\u00edtico \u00e0 medida que aprendes os princ\u00edpios por detr\u00e1s das ilus\u00f5es m\u00e1gicas!<\/p>\n<p><span style=\"color: #000000\"><strong>Mem\u00f3rias inesquec\u00edveis<\/strong><\/span><br \/>\nLeva para casa recorda\u00e7\u00f5es especiais e habilidades m\u00e1gicas que v\u00e3o surpreender amigos e familiares muito depois do fim do workshop!<\/p>\n<p><span style=\"color: #000000\"><strong>Adequado para todos os n\u00edveis<\/strong><\/span><br \/>\nO Workshop de Magia da Academia de Ilusionismo de Sintra \u00e9 aberto a todos. Tanto crian\u00e7as como adultos v\u00e3o descobrir ilus\u00f5es que podem facilmente aprender e dominar atrav\u00e9s de v\u00e1rios n\u00edveis.<\/p>\n<h4>Porqu\u00ea juntares-te a n\u00f3s?<\/h4>\n<p>O nosso Workshop de Magia \u00e9 a oportunidade perfeita para mergulhares no excitante mundo das artes m\u00e1gicas, num ambiente divertido e interativo.<\/p>\n<h4>O que inclui:<\/h4>\n<p>Todos os materiais inclu\u00eddos<br \/>\nCertificado de m\u00e1gico<\/p>","protected":false},"excerpt":{"rendered":"<p>Come and discover the secrets of Magic with family or friends with this introduction to magic workshop at Academia de Ilusionismo de Sintra \ud83e\ude84 Learn the secrets of various illusions, using cards, coins, ropes, everyday objects, and much more! Share moments of joy and surprise that will be remembered by everyone. What can you expect [&hellip;]<\/p>\n","protected":false},"featured_media":8852,"comment_status":"open","ping_status":"closed","template":"","meta":[],"product_brand":[],"product_cat":[62],"product_tag":[201],"class_list":{"0":"post-8853","1":"product","2":"type-product","3":"status-publish","4":"has-post-thumbnail","6":"product_cat-listeo-booking","7":"product_tag-novat","9":"first","10":"instock","11":"virtual","12":"sold-individually","13":"taxable","14":"purchasable","15":"product-type-listing_booking"},"_links":{"self":[{"href":"https:\/\/handson.pt\/pt\/wp-json\/wp\/v2\/product\/8853","targetHints":{"allow":["GET"]}}],"collection":[{"href":"https:\/\/handson.pt\/pt\/wp-json\/wp\/v2\/product"}],"about":[{"href":"https:\/\/handson.pt\/pt\/wp-json\/wp\/v2\/types\/product"}],"replies":[{"embeddable":true,"href":"https:\/\/handson.pt\/pt\/wp-json\/wp\/v2\/comments?post=8853"}],"wp:featuredmedia":[{"embeddable":true,"href":"https:\/\/handson.pt\/pt\/wp-json\/wp\/v2\/media\/8852"}],"wp:attachment":[{"href":"https:\/\/handson.pt\/pt\/wp-json\/wp\/v2\/media?parent=8853"}],"wp:term":[{"taxonomy":"product_brand","embeddable":true,"href":"https:\/\/handson.pt\/pt\/wp-json\/wp\/v2\/product_brand?post=8853"},{"taxonomy":"product_cat","embeddable":true,"href":"https:\/\/handson.pt\/pt\/wp-json\/wp\/v2\/product_cat?post=8853"},{"taxonomy":"product_tag","embeddable":true,"href":"https:\/\/handson.pt\/pt\/wp-json\/wp\/v2\/product_tag?post=8853"}],"curies":[{"name":"wp","href":"https:\/\/api.w.org\/{rel}","templated":true}]}}