{"id":8961,"date":"2024-09-18T21:27:10","date_gmt":"2024-09-18T20:27:10","guid":{"rendered":"https:\/\/handson.pt\/product\/choose-cook-private-workshop\/"},"modified":"2024-09-18T21:27:10","modified_gmt":"2024-09-18T20:27:10","slug":"escolhe-o-cozinheiro-privado-workshop","status":"publish","type":"product","link":"https:\/\/handson.pt\/pt\/product\/choose-cook-private-workshop\/","title":{"rendered":"Workshop privado \"Escolhe e cozinha"},"content":{"rendered":"<p>Um Workshop de Culin\u00e1ria \u00fanico e personalizado onde tu \u00e9s o Chef!<\/p>\n<p>Nesta experi\u00eancia culin\u00e1ria personalizada, escolhes o menu que queres aprender a cozinhar, proporcionando uma oportunidade \u00fanica de explorar e dominar as receitas portuguesas que mais despertam o teu interesse e paladar. A aula privada de cozinha \u00e9 perfeita para aprender t\u00e9cnicas, dicas \u00fateis e alguns segredos culin\u00e1rios, enquanto preparas os pratos que seleccionaste. E, claro, a melhor parte \u00e9 degustar os teus preparados, numa deliciosa refei\u00e7\u00e3o feita \u00e0 medida, acompanhada pelo Chef.<\/p>\n<p>Como \u00e9 que funciona?<\/p>\n<p>- Reserva a tua aula privada de culin\u00e1ria;<\/p>\n<p>- Depois, receber\u00e1s 3 menus portugueses diferentes (*) para escolheres o que queres cozinhar;<\/p>\n<p>(*)Podemos ajustar e adaptar o menu, tendo em conta as tuas prefer\u00eancias!<\/p>\n<p>&nbsp;<\/p>\n<p>Toma nota:<\/p>\n<p>Pessoas com restri\u00e7\u00f5es alimentares devem comunicar com pelo menos 72 horas de anteced\u00eancia. Ementa adapt\u00e1vel a vegetarianos.<\/p>\n<p>Pre\u00e7o para adultos: 200 euros<br \/>\nPre\u00e7o para crian\u00e7as (6 - 12 anos): 180 euros<\/p>","protected":false},"excerpt":{"rendered":"<p>A unique and personalized Cooking Workshop where you are the Chef! In this personalized culinary experience, you choose the menu you want to learn how to cook, providing a unique opportunity to explore and master the Portuguese recipes that most pique your interest and taste buds. The private cooking class is perfect for learning techniques, [&hellip;]<\/p>\n","protected":false},"featured_media":0,"comment_status":"open","ping_status":"closed","template":"","meta":[],"product_brand":[],"product_cat":[62],"product_tag":[],"class_list":{"0":"post-8961","1":"product","2":"type-product","3":"status-publish","5":"product_cat-listeo-booking","7":"first","8":"instock","9":"virtual","10":"sold-individually","11":"taxable","12":"purchasable","13":"product-type-listing_booking"},"_links":{"self":[{"href":"https:\/\/handson.pt\/pt\/wp-json\/wp\/v2\/product\/8961","targetHints":{"allow":["GET"]}}],"collection":[{"href":"https:\/\/handson.pt\/pt\/wp-json\/wp\/v2\/product"}],"about":[{"href":"https:\/\/handson.pt\/pt\/wp-json\/wp\/v2\/types\/product"}],"replies":[{"embeddable":true,"href":"https:\/\/handson.pt\/pt\/wp-json\/wp\/v2\/comments?post=8961"}],"wp:attachment":[{"href":"https:\/\/handson.pt\/pt\/wp-json\/wp\/v2\/media?parent=8961"}],"wp:term":[{"taxonomy":"product_brand","embeddable":true,"href":"https:\/\/handson.pt\/pt\/wp-json\/wp\/v2\/product_brand?post=8961"},{"taxonomy":"product_cat","embeddable":true,"href":"https:\/\/handson.pt\/pt\/wp-json\/wp\/v2\/product_cat?post=8961"},{"taxonomy":"product_tag","embeddable":true,"href":"https:\/\/handson.pt\/pt\/wp-json\/wp\/v2\/product_tag?post=8961"}],"curies":[{"name":"wp","href":"https:\/\/api.w.org\/{rel}","templated":true}]}}