{"id":9091,"date":"2024-09-24T15:55:37","date_gmt":"2024-09-24T14:55:37","guid":{"rendered":"https:\/\/handson.pt\/product\/cyanotype-workshop\/"},"modified":"2025-07-23T15:50:36","modified_gmt":"2025-07-23T14:50:36","slug":"cianotipo-workshop","status":"publish","type":"product","link":"https:\/\/handson.pt\/pt\/product\/cyanotype-workshop\/","title":{"rendered":"Workshop de Cianotipia"},"content":{"rendered":"<h4>Vem connosco descobrir este processo de impress\u00e3o fotogr\u00e1fica e inicia a tua viagem na fotografia de cian\u00f3tipo \ud83d\udcd8<\/h4>\n<p>Este \u00e9 um workshop de Cianotipia de 3 horas num est\u00fadio de arte onde explorar\u00e1s a magia de um dos mais antigos processos de impress\u00e3o fotogr\u00e1fica.<\/p>\n<p>Este workshop pr\u00e1tico ir\u00e1 guiar-te atrav\u00e9s da arte de criar impress\u00f5es azuis deslumbrantes utilizando a luz solar natural.<\/p>\n<p>Faz as tuas pr\u00f3prias impress\u00f5es com plantas, objectos ou fotografias. Est\u00e3o inclu\u00eddos todos os materiais!<\/p>\n<p>Este workshop \u00e9 perfeito para pessoas curiosas e criativas! Se gostas de produzir algo com as pr\u00f3prias m\u00e3os e se est\u00e1s interessado em aprender uma t\u00e9cnica de impress\u00e3o \u00fanica e hist\u00f3rica vem da\u00ed. N\u00e3o precisas de ter experi\u00eancia pr\u00e9via!<\/p>\n<p><span style=\"color: #000000;\"><strong>O que vais aprender:<\/strong><\/span><\/p>\n<ul>\n<li>Hist\u00f3ria e no\u00e7\u00f5es b\u00e1sicas de cianotipia: Compreende as origens e a evolu\u00e7\u00e3o da impress\u00e3o de cian\u00f3tipo, desde a sua inven\u00e7\u00e3o pelo Sir John Herschel at\u00e9 \u00e0s suas aplica\u00e7\u00f5es actuais.<\/li>\n<li>Materiais e produtos qu\u00edmicos: Familiariza-te com os materiais essenciais, incluindo os produtos qu\u00edmicos fotossens\u00edveis (citrato f\u00e9rrico de am\u00f3nio e ferricianeto de pot\u00e1ssio), pap\u00e9is e outros materiais.<\/li>\n<li>Preparar a tua superf\u00edcie de impress\u00e3o: Aprende a revestir o papel escolhido com a solu\u00e7\u00e3o fotossens\u00edvel.<\/li>\n<li>Cria o teu design: Explora v\u00e1rias t\u00e9cnicas para desenhar a tua impress\u00e3o de cian\u00f3tipo, utilizando objectos, plantas e transpar\u00eancias.<\/li>\n<li>Processo de exposi\u00e7\u00e3o: Aproveita o poder do sol (ou de uma fonte de luz UV) para expor o teu desenho, criando bonitas tonalidades azuis.<\/li>\n<li>Revela\u00e7\u00e3o e lavagem: Descobre o processo de revela\u00e7\u00e3o da tua impress\u00e3o em \u00e1gua e os passos finais para revelares a tua obra-prima.<\/li>\n<\/ul>\n<h4>Porqu\u00ea juntares-te?<\/h4>\n<p>Junta-te a este workshop pr\u00e1tico de cian\u00f3tipo. Poder\u00e1s explorar um processo de impress\u00e3o hist\u00f3rico e interessante, libertar a tua criatividade e levar para casa as tuas impress\u00f5es em tons de azul deslumbrantes e feitas \u00e0 m\u00e3o - n\u00e3o \u00e9 necess\u00e1ria experi\u00eancia!<\/p>\n<h4>O que inclui:<\/h4>\n<p>\ud83d\udcd8  Todos os materiais necess\u00e1rios (produtos qu\u00edmicos, papel, tecido, luvas, etc.)<br \/>\n\ud83d\udcd8  Um folheto detalhado sobre o processo e as t\u00e9cnicas de cianotipia<br \/>\n\ud83d\udcd8  Uma sele\u00e7\u00e3o de objectos e transpar\u00eancias para criares designs \u00fanicos<\/p>","protected":false},"excerpt":{"rendered":"<p>Come with us and discover this photographic printing process and start your cyanotype photography journey \ud83d\udcd8 3-hour cyanotype workshop in an art studio where you&#8217;ll explore the magic of one of the oldest photographic printing processes. This hands-on workshop will guide you through the art of creating stunning blue prints using natural sunlight. Make your [&hellip;]<\/p>\n","protected":false},"featured_media":9090,"comment_status":"open","ping_status":"closed","template":"","meta":[],"product_brand":[],"product_cat":[62],"product_tag":[201],"class_list":{"0":"post-9091","1":"product","2":"type-product","3":"status-publish","4":"has-post-thumbnail","6":"product_cat-listeo-booking","7":"product_tag-novat","9":"first","10":"instock","11":"virtual","12":"sold-individually","13":"taxable","14":"purchasable","15":"product-type-listing_booking"},"_links":{"self":[{"href":"https:\/\/handson.pt\/pt\/wp-json\/wp\/v2\/product\/9091","targetHints":{"allow":["GET"]}}],"collection":[{"href":"https:\/\/handson.pt\/pt\/wp-json\/wp\/v2\/product"}],"about":[{"href":"https:\/\/handson.pt\/pt\/wp-json\/wp\/v2\/types\/product"}],"replies":[{"embeddable":true,"href":"https:\/\/handson.pt\/pt\/wp-json\/wp\/v2\/comments?post=9091"}],"wp:featuredmedia":[{"embeddable":true,"href":"https:\/\/handson.pt\/pt\/wp-json\/wp\/v2\/media\/9090"}],"wp:attachment":[{"href":"https:\/\/handson.pt\/pt\/wp-json\/wp\/v2\/media?parent=9091"}],"wp:term":[{"taxonomy":"product_brand","embeddable":true,"href":"https:\/\/handson.pt\/pt\/wp-json\/wp\/v2\/product_brand?post=9091"},{"taxonomy":"product_cat","embeddable":true,"href":"https:\/\/handson.pt\/pt\/wp-json\/wp\/v2\/product_cat?post=9091"},{"taxonomy":"product_tag","embeddable":true,"href":"https:\/\/handson.pt\/pt\/wp-json\/wp\/v2\/product_tag?post=9091"}],"curies":[{"name":"wp","href":"https:\/\/api.w.org\/{rel}","templated":true}]}}