{"id":9432,"date":"2024-10-14T21:15:17","date_gmt":"2024-10-14T20:15:17","guid":{"rendered":"https:\/\/handson.pt\/product\/the-mask-and-the-mirror-%f0%9f%8e%83-expressive-art-making-evening-%f0%9f%8e%a8-2\/"},"modified":"2024-11-06T18:43:21","modified_gmt":"2024-11-06T18:43:21","slug":"the-mask-and-the-mirror-%f0%9f%8e%83-expressive-art-making-evening-%f0%9f%8e%a8-2","status":"publish","type":"product","link":"https:\/\/handson.pt\/pt\/product\/the-mask-and-the-mirror-%f0%9f%8e%83-expressive-art-making-evening-%f0%9f%8e%a8-2\/","title":{"rendered":"A M\u00e1scara e o Espelho - Arte expressiva"},"content":{"rendered":"<p>Com o aproximar do Halloween, junta-te a n\u00f3s para uma noite de cria\u00e7\u00e3o de arte expressiva, onde vamos explorar as profundezas da nossa imagina\u00e7\u00e3o atrav\u00e9s da arte \ud83c\udfa8.<\/p>\n<h4>Durante a noite \"A M\u00e1scara e o Espelho\", vamos viajar atrav\u00e9s dos aspectos claros e escuros de n\u00f3s pr\u00f3prios, explorando o simbolismo desta esta\u00e7\u00e3o transformadora \ud83c\udf83<\/h4>\n<p>Quer sejas um artista experiente ou um completo principiante, este evento foi concebido para ser um espa\u00e7o seguro e acolhedor para todos.<\/p>\n<h4>Porqu\u00ea juntares-te?<\/h4>\n<p>Uma oportunidade para te ligares a ti pr\u00f3prio e aos outros atrav\u00e9s da arte e para adquirires conhecimentos e apreciares a diversidade da express\u00e3o.<br \/>\nConecta-te com pessoas que pensam da mesma forma e experimenta os efeitos calmantes da arte. Ir\u00e1s sentir-te relaxado, inspirado e com uma compreens\u00e3o mais profunda do teu mundo interior.<\/p>\n<h4>O que inclui:<\/h4>\n<p>Todos os materiais de arte, incluindo pap\u00e9is, pinc\u00e9is e tintas.<br \/>\n\ud83c\udfa8  Atmosfera amig\u00e1vel para principiantes<br \/>\n\ud83c\udfa8  Orienta\u00e7\u00e3o por formadores experientes em arte e bem-estar<\/p>\n<p>Hor\u00e1rio: quinta-feira, das 17:00 \u00e0s 19:00<\/p>\n<p>Vamos abra\u00e7ar a magia interior e expressar as nossas jornadas \u00fanicas juntos. \ud83c\udf19\u2728<\/p>","protected":false},"excerpt":{"rendered":"<p>As Halloween approaches, Join us for an evening of expressive art making, where we&#8217;ll explore the depths of our imagination through art \ud83c\udfa8. During the &#8220;The Mask and the Mirror&#8221; evening we will journey through both the light and dark aspects of ourselves, tapping into the symbolism of this transformative season \ud83c\udf83 Whether you&#8217;re an [&hellip;]<\/p>\n","protected":false},"featured_media":0,"comment_status":"open","ping_status":"closed","template":"","meta":[],"product_brand":[],"product_cat":[62],"product_tag":[],"class_list":{"0":"post-9432","1":"product","2":"type-product","3":"status-publish","5":"product_cat-listeo-booking","7":"first","8":"instock","9":"virtual","10":"sold-individually","11":"taxable","12":"purchasable","13":"product-type-listing_booking"},"_links":{"self":[{"href":"https:\/\/handson.pt\/pt\/wp-json\/wp\/v2\/product\/9432","targetHints":{"allow":["GET"]}}],"collection":[{"href":"https:\/\/handson.pt\/pt\/wp-json\/wp\/v2\/product"}],"about":[{"href":"https:\/\/handson.pt\/pt\/wp-json\/wp\/v2\/types\/product"}],"replies":[{"embeddable":true,"href":"https:\/\/handson.pt\/pt\/wp-json\/wp\/v2\/comments?post=9432"}],"wp:attachment":[{"href":"https:\/\/handson.pt\/pt\/wp-json\/wp\/v2\/media?parent=9432"}],"wp:term":[{"taxonomy":"product_brand","embeddable":true,"href":"https:\/\/handson.pt\/pt\/wp-json\/wp\/v2\/product_brand?post=9432"},{"taxonomy":"product_cat","embeddable":true,"href":"https:\/\/handson.pt\/pt\/wp-json\/wp\/v2\/product_cat?post=9432"},{"taxonomy":"product_tag","embeddable":true,"href":"https:\/\/handson.pt\/pt\/wp-json\/wp\/v2\/product_tag?post=9432"}],"curies":[{"name":"wp","href":"https:\/\/api.w.org\/{rel}","templated":true}]}}