{"id":9497,"date":"2024-10-17T18:16:46","date_gmt":"2024-10-17T17:16:46","guid":{"rendered":"https:\/\/handson.pt\/pt\/produto\/workshop-de-balsamo-labial-e-vela-terapeutica-3\/"},"modified":"2025-06-30T20:02:33","modified_gmt":"2025-06-30T19:02:33","slug":"workshop-de-balsamo-labial-e-vela-terapeutica-3","status":"publish","type":"product","link":"https:\/\/handson.pt\/pt\/product\/workshop-de-balsamo-labial-e-vela-terapeutica-3\/","title":{"rendered":"Workshop de b\u00e1lsamos labiais e velas terap\u00eauticas"},"content":{"rendered":"<h4>Aprende a criar produtos naturais para a pele a partir do zero, como um b\u00e1lsamo labial e uma vela terap\u00eautica \ud83d\udd6f\ufe0f<\/h4>\n<p>Neste workshop, vais aprender a fazer dois produtos nutritivos para a pele a partir de ingredientes que podes encontrar na tua cozinha.<\/p>\n<h4>Porqu\u00ea juntares-te a n\u00f3s?<\/h4>\n<p>Aprende a fazer um b\u00e1lsamo labial com uma receita r\u00e1pida e simples usando ingredientes naturais do dia a dia, concebidos para hidratar e nutrir os teus l\u00e1bios e como criar uma vela terap\u00eautica: Uma vela luxuosa com manteigas e \u00f3leos org\u00e2nicos que acalmam e aquecem a pele, perfeita para o inverno ou para curar pele gretada.<\/p>\n<h4>O que inclui:<\/h4>\n<p>Todos os ingredientes que precisas<br \/>\nO teu b\u00e1lsamo labial e a tua vela feitos \u00e0 m\u00e3o para levares para casa<br \/>\nUm livro de receitas para que possas recriar estas del\u00edcias em casa<\/p>","protected":false},"excerpt":{"rendered":"<p>Learn to create natural skincare products from scratch, like a lip balm and a therapeutic candle \ud83d\udd6f\ufe0f In this workshop, you&#8217;ll learn how to make two nourishing, skin-loving products from ingredients commonly found in your kitchen. Why join? Learn how to do a lip balm with a quick and simple recipe using everyday natural ingredients, [&hellip;]<\/p>\n","protected":false},"featured_media":0,"comment_status":"open","ping_status":"closed","template":"","meta":[],"product_brand":[],"product_cat":[62],"product_tag":[201],"class_list":{"0":"post-9497","1":"product","2":"type-product","3":"status-publish","5":"product_cat-listeo-booking","6":"product_tag-novat","8":"first","9":"instock","10":"virtual","11":"sold-individually","12":"taxable","13":"purchasable","14":"product-type-listing_booking"},"_links":{"self":[{"href":"https:\/\/handson.pt\/pt\/wp-json\/wp\/v2\/product\/9497","targetHints":{"allow":["GET"]}}],"collection":[{"href":"https:\/\/handson.pt\/pt\/wp-json\/wp\/v2\/product"}],"about":[{"href":"https:\/\/handson.pt\/pt\/wp-json\/wp\/v2\/types\/product"}],"replies":[{"embeddable":true,"href":"https:\/\/handson.pt\/pt\/wp-json\/wp\/v2\/comments?post=9497"}],"wp:attachment":[{"href":"https:\/\/handson.pt\/pt\/wp-json\/wp\/v2\/media?parent=9497"}],"wp:term":[{"taxonomy":"product_brand","embeddable":true,"href":"https:\/\/handson.pt\/pt\/wp-json\/wp\/v2\/product_brand?post=9497"},{"taxonomy":"product_cat","embeddable":true,"href":"https:\/\/handson.pt\/pt\/wp-json\/wp\/v2\/product_cat?post=9497"},{"taxonomy":"product_tag","embeddable":true,"href":"https:\/\/handson.pt\/pt\/wp-json\/wp\/v2\/product_tag?post=9497"}],"curies":[{"name":"wp","href":"https:\/\/api.w.org\/{rel}","templated":true}]}}