{"id":9812,"date":"2024-10-27T10:41:25","date_gmt":"2024-10-27T10:41:25","guid":{"rendered":"https:\/\/handson.pt\/product\/creative-photography-workshop\/"},"modified":"2025-06-30T20:03:01","modified_gmt":"2025-06-30T19:03:01","slug":"creative-photography-workshop","status":"publish","type":"product","link":"https:\/\/handson.pt\/pt\/product\/creative-photography-workshop\/","title":{"rendered":"Workshop de fotografia criativa"},"content":{"rendered":"<h4>Participa num workshop de fotografia de um dia, em profundidade, em Lisboa, com Leesa Fleming, para desbloqueares o teu potencial art\u00edstico e dares uma nova profundidade \u00e0s tuas imagens \ud83d\udcf7<\/h4>\n<ul>\n<li><strong>O que vais aprender:\u00a0<\/strong><br \/>\nDomina a composi\u00e7\u00e3o, a ilumina\u00e7\u00e3o e a forma de fotografar intuitivamente durante um passeio fotogr\u00e1fico guiado com um modelo em alguns locais bonitos. Descobre novas formas de aprofundar o lado art\u00edstico da tua alma, v\u00ea o mundo de novas formas e capta as emo\u00e7\u00f5es com estilos \u00fanicos e atraentes.<\/li>\n<li><strong>Sess\u00e3o pr\u00e1tica de edi\u00e7\u00e3o:<\/strong><br \/>\nAprende t\u00e9cnicas de edi\u00e7\u00e3o que d\u00e3o vida \u00e0s tuas fotografias. Recebe orienta\u00e7\u00e3o pr\u00e1tica e feedback personalizado<\/li>\n<li><strong>Para todos os n\u00edveis de habilidade e g\u00e9neros\u00a0<\/strong><br \/>\nQuer sejas um fot\u00f3grafo principiante ou experiente, aprender\u00e1s novas formas de te expressares. Queer inclusivo.<\/li>\n<\/ul>\n<p>O workshop chama-se <em><strong>Mudan\u00e7a de esta\u00e7\u00e3o<\/strong><\/em> porque \u00e0 medida que as esta\u00e7\u00f5es mudam, reflectimos sobre as mudan\u00e7as nas nossas vidas e o valor de acolher cada nova fase. A fotografia \u00e9 uma forma de honrar essas mudan\u00e7as e, neste workshop, vais aprender a expressar isso atrav\u00e9s das tuas imagens e como abra\u00e7ar cada momento \u00fanico \u00e9 tamb\u00e9m muito valioso para o resultado do teu trabalho.<\/p>\n<h4>Porqu\u00ea juntares-te a n\u00f3s?<\/h4>\n<p>Este workshop oferece uma experi\u00eancia \u00fanica e pr\u00e1tica para dominares as compet\u00eancias fotogr\u00e1ficas, obteres feedback personalizado e explorares a arte de captar as transforma\u00e7\u00f5es da vida num ambiente solid\u00e1rio e inclusivo.<\/p>\n<h4>O que inclui:<\/h4>\n<p>\ud83d\udcf7 <span class=\"sqsrte-text-color--lightAccent\">1 dia inteiro workshop<br \/>\n<\/span>\ud83d\udcf7 <span class=\"sqsrte-text-color--lightAccent\">Passeio fotogr\u00e1fico com um modelo<br \/>\n<\/span>\ud83d\udcf7 <span class=\"sqsrte-text-color--lightAccent\">Sess\u00e3o de edi\u00e7\u00e3o guiada e feedback<br \/>\n<\/span>\ud83d\udcf7 <span class=\"sqsrte-text-color--lightAccent\">Lanches para alimentar a edi\u00e7\u00e3o<br \/>\n<\/span>\ud83d\udcf7\u00a0<span class=\"sqsrte-text-color--lightAccent\">D\u00e1 o teu contributo criativo ao longo do dia <\/span><\/p>\n<p>Visita o site: <a href=\"https:\/\/www.leesafleming.com\/\" target=\"_blank\" rel=\"noopener\">https:\/\/www.leesafleming.com\/<\/a><br \/>\nInstagram: <a href=\"https:\/\/www.instagram.com\/leesa.fleming\/\" target=\"_blank\" rel=\"noopener\">https:\/\/www.instagram.com\/leesa.fleming\/<\/a><\/p>\n<p><span style=\"color: #000000;\"><strong>Vamos abra\u00e7ar as esta\u00e7\u00f5es de mudan\u00e7a e trazer \u00e0 tona o artista que h\u00e1 em ti.<\/strong><\/span><\/p>","protected":false},"excerpt":{"rendered":"<p>Join a one-day, in-depth, photography workshop in Lisbon with Leesa Fleming to unlock your artistic potential and add new depth to your images \ud83d\udcf7 What you&#8217;ll learn:\u00a0 Master composition, lighting, &amp; how to shoot intuitively during a guided photo walk with a model at some beautiful spots. Discover new ways to deepen the artistic side [&hellip;]<\/p>\n","protected":false},"featured_media":0,"comment_status":"open","ping_status":"closed","template":"","meta":[],"product_brand":[],"product_cat":[62],"product_tag":[201],"class_list":{"0":"post-9812","1":"product","2":"type-product","3":"status-publish","5":"product_cat-listeo-booking","6":"product_tag-novat","8":"first","9":"instock","10":"virtual","11":"sold-individually","12":"taxable","13":"purchasable","14":"product-type-listing_booking"},"_links":{"self":[{"href":"https:\/\/handson.pt\/pt\/wp-json\/wp\/v2\/product\/9812","targetHints":{"allow":["GET"]}}],"collection":[{"href":"https:\/\/handson.pt\/pt\/wp-json\/wp\/v2\/product"}],"about":[{"href":"https:\/\/handson.pt\/pt\/wp-json\/wp\/v2\/types\/product"}],"replies":[{"embeddable":true,"href":"https:\/\/handson.pt\/pt\/wp-json\/wp\/v2\/comments?post=9812"}],"wp:attachment":[{"href":"https:\/\/handson.pt\/pt\/wp-json\/wp\/v2\/media?parent=9812"}],"wp:term":[{"taxonomy":"product_brand","embeddable":true,"href":"https:\/\/handson.pt\/pt\/wp-json\/wp\/v2\/product_brand?post=9812"},{"taxonomy":"product_cat","embeddable":true,"href":"https:\/\/handson.pt\/pt\/wp-json\/wp\/v2\/product_cat?post=9812"},{"taxonomy":"product_tag","embeddable":true,"href":"https:\/\/handson.pt\/pt\/wp-json\/wp\/v2\/product_tag?post=9812"}],"curies":[{"name":"wp","href":"https:\/\/api.w.org\/{rel}","templated":true}]}}